{"id":1012,"date":"2022-02-15T15:59:47","date_gmt":"2022-02-15T14:59:47","guid":{"rendered":"http:\/\/staging.solzingranaggi.it\/prodotti\/"},"modified":"2022-03-23T12:00:48","modified_gmt":"2022-03-23T11:00:48","slug":"produkte","status":"publish","type":"page","link":"https:\/\/www.solzingranaggi.it\/de\/produkte\/","title":{"rendered":"Produkte"},"content":{"rendered":"\t\t<div data-elementor-type=\"wp-page\" data-elementor-id=\"1012\" class=\"elementor elementor-1012 elementor-103\" data-elementor-post-type=\"page\">\n\t\t\t\t\t\t<section data-particle_enable=\"false\" data-particle-mobile-disabled=\"false\" class=\"elementor-section elementor-top-section elementor-element elementor-element-8501651 elementor-section-boxed elementor-section-height-default elementor-section-height-default\" data-id=\"8501651\" data-element_type=\"section\" data-e-type=\"section\">\n\t\t\t\t\t\t<div class=\"elementor-container elementor-column-gap-default\">\n\t\t\t\t\t<div class=\"elementor-column elementor-col-33 elementor-top-column elementor-element elementor-element-eb3af7e\" data-id=\"eb3af7e\" data-element_type=\"column\" data-e-type=\"column\">\n\t\t\t<div class=\"elementor-widget-wrap elementor-element-populated\">\n\t\t\t\t\t\t<div class=\"elementor-element elementor-element-a3dde91 elementor-widget elementor-widget-sidebar\" data-id=\"a3dde91\" data-element_type=\"widget\" data-e-type=\"widget\" data-widget_type=\"sidebar.default\">\n\t\t\t\t<div class=\"elementor-widget-container\">\n\t\t\t\t\t<li id=\"nav_menu-4\" class=\"widget widget_nav_menu\"><h2 class=\"widgettitle\">Unsere Produkte<\/h2>\n<nav class=\"menu-menu-prodotti-new-de-container\" aria-label=\"Unsere Produkte\"><ul id=\"menu-menu-prodotti-new-de\" class=\"menu\"><li id=\"menu-item-2051\" class=\"menu-item menu-item-type-post_type menu-item-object-page menu-item-has-children menu-item-2051\"><a href=\"https:\/\/www.solzingranaggi.it\/de\/produkte\/zahnaeder\/\">Zahn\u00e4der<\/a>\n<ul class=\"sub-menu\">\n\t<li id=\"menu-item-2052\" class=\"menu-item menu-item-type-post_type menu-item-object-prodotto menu-item-2052\"><a href=\"https:\/\/www.solzingranaggi.it\/de\/catalogo\/gerade-und-schraeg-verzahnte-zahnraeder\/\">Gerade Und Schr\u00e4g Verzahnte Zahnr\u00e4der<\/a><\/li>\n\t<li id=\"menu-item-2053\" class=\"menu-item menu-item-type-post_type menu-item-object-prodotto menu-item-2053\"><a href=\"https:\/\/www.solzingranaggi.it\/de\/catalogo\/schneckenwellen\/\">Schneckenwellen<\/a><\/li>\n\t<li id=\"menu-item-2054\" class=\"menu-item menu-item-type-post_type menu-item-object-prodotto menu-item-2054\"><a href=\"https:\/\/www.solzingranaggi.it\/de\/catalogo\/riemenscheiben-fuer-zahnriemenantrieb\/\">Riemenscheiben f\u00fcr Zahnriemenantrieb<\/a><\/li>\n\t<li id=\"menu-item-2055\" class=\"menu-item menu-item-type-post_type menu-item-object-prodotto menu-item-2055\"><a href=\"https:\/\/www.solzingranaggi.it\/de\/catalogo\/spezialzahnraeder\/\">Spezialzahnr\u00e4der<\/a><\/li>\n\t<li id=\"menu-item-2056\" class=\"menu-item menu-item-type-post_type menu-item-object-prodotto menu-item-2056\"><a href=\"https:\/\/www.solzingranaggi.it\/de\/catalogo\/kleiner-dreh\/\">Kleiner Dreh<\/a><\/li>\n<\/ul>\n<\/li>\n<li id=\"menu-item-2057\" class=\"menu-item menu-item-type-post_type menu-item-object-page menu-item-has-children menu-item-2057\"><a href=\"https:\/\/www.solzingranaggi.it\/de\/produkte\/getriebemotoren\/\">Getriebemotoren<\/a>\n<ul class=\"sub-menu\">\n\t<li id=\"menu-item-2064\" class=\"menu-item menu-item-type-taxonomy menu-item-object-categoria_prodotto menu-item-has-children menu-item-2064\"><a href=\"https:\/\/www.solzingranaggi.it\/de\/categoria-prodotto\/getriebemotoren\/blau-serie-de\/\">Blau-Serie<\/a>\n\t<ul class=\"sub-menu\">\n\t\t<li id=\"menu-item-2101\" class=\"menu-item menu-item-type-post_type menu-item-object-prodotto menu-item-2101\"><a href=\"https:\/\/www.solzingranaggi.it\/de\/catalogo\/si_rid16\/\">SI_RID16<\/a><\/li>\n\t\t<li id=\"menu-item-2102\" class=\"menu-item menu-item-type-post_type menu-item-object-prodotto menu-item-2102\"><a href=\"https:\/\/www.solzingranaggi.it\/de\/catalogo\/si_rid1\/\">SI_RID1<\/a><\/li>\n\t\t<li id=\"menu-item-2103\" class=\"menu-item menu-item-type-post_type menu-item-object-prodotto menu-item-2103\"><a href=\"https:\/\/www.solzingranaggi.it\/de\/catalogo\/si_rid8\/\">SI_RID8<\/a><\/li>\n\t\t<li id=\"menu-item-2104\" class=\"menu-item menu-item-type-post_type menu-item-object-prodotto menu-item-2104\"><a href=\"https:\/\/www.solzingranaggi.it\/de\/catalogo\/si_rid5\/\">SI_RID5<\/a><\/li>\n\t\t<li id=\"menu-item-2105\" class=\"menu-item menu-item-type-post_type menu-item-object-prodotto menu-item-2105\"><a href=\"https:\/\/www.solzingranaggi.it\/de\/catalogo\/si_rid7\/\">SI_RID7<\/a><\/li>\n\t<\/ul>\n<\/li>\n\t<li id=\"menu-item-2065\" class=\"menu-item menu-item-type-taxonomy menu-item-object-categoria_prodotto menu-item-has-children menu-item-2065\"><a href=\"https:\/\/www.solzingranaggi.it\/de\/categoria-prodotto\/getriebemotoren\/rot-serie-de\/\">Rot-Serie<\/a>\n\t<ul class=\"sub-menu\">\n\t\t<li id=\"menu-item-2106\" class=\"menu-item menu-item-type-post_type menu-item-object-prodotto menu-item-2106\"><a href=\"https:\/\/www.solzingranaggi.it\/de\/catalogo\/si_rid6\/\">SI_RID6<\/a><\/li>\n\t\t<li id=\"menu-item-2107\" class=\"menu-item menu-item-type-post_type menu-item-object-prodotto menu-item-2107\"><a href=\"https:\/\/www.solzingranaggi.it\/de\/catalogo\/si_rid9\/\">SI_RID9<\/a><\/li>\n\t<\/ul>\n<\/li>\n<\/ul>\n<\/li>\n<\/ul><\/nav><\/li>\n\t\t\t\t<\/div>\n\t\t\t\t<\/div>\n\t\t\t\t\t<\/div>\n\t\t<\/div>\n\t\t\t\t<div class=\"elementor-column elementor-col-66 elementor-top-column elementor-element elementor-element-01fc268\" data-id=\"01fc268\" data-element_type=\"column\" data-e-type=\"column\">\n\t\t\t<div class=\"elementor-widget-wrap elementor-element-populated\">\n\t\t\t\t\t\t<div class=\"elementor-element elementor-element-dd1ee55 elementor-widget elementor-widget-image\" data-id=\"dd1ee55\" data-element_type=\"widget\" data-e-type=\"widget\" data-widget_type=\"image.default\">\n\t\t\t\t<div class=\"elementor-widget-container\">\n\t\t\t\t\t\t\t\t\t\t\t\t\t\t\t<img fetchpriority=\"high\" decoding=\"async\" width=\"800\" height=\"235\" src=\"https:\/\/www.solzingranaggi.it\/wp-content\/uploads\/2022\/02\/prodotti.jpg\" class=\"attachment-large size-large wp-image-563\" alt=\"\" srcset=\"https:\/\/www.solzingranaggi.it\/wp-content\/uploads\/2022\/02\/prodotti.jpg 850w, https:\/\/www.solzingranaggi.it\/wp-content\/uploads\/2022\/02\/prodotti-300x88.jpg 300w, https:\/\/www.solzingranaggi.it\/wp-content\/uploads\/2022\/02\/prodotti-768x226.jpg 768w\" sizes=\"(max-width: 800px) 100vw, 800px\" \/>\t\t\t\t\t\t\t\t\t\t\t\t\t\t\t<\/div>\n\t\t\t\t<\/div>\n\t\t\t\t<div class=\"elementor-element elementor-element-5ba0285 elementor-widget elementor-widget-text-editor\" data-id=\"5ba0285\" data-element_type=\"widget\" data-e-type=\"widget\" data-widget_type=\"text-editor.default\">\n\t\t\t\t<div class=\"elementor-widget-container\">\n\t\t\t\t\t\t\t\t\t<p><strong>Gerade und schr\u00e4g verzahnte Zahnr\u00e4der<br \/><\/strong>W\u00e4lzgefr\u00e4ste Verzahnung von Modul 0,15 bis Modul 1,5, ausf\u00fchrbar in allen Materialien ggf. mit thermischer oder Oberfl\u00e4chenbehandlung. \u00c4u\u00dferer Durchmesser 2mm \u2013 50mm.<br \/>M\u00f6glichkeit der Realisierung von bis zu 3 synchronisierten Verzahnungen auf demselben Teil auch mit verschiedenen Modulen, Balligverzahnungen sowie Spezialprofilen erh\u00e4ltlich.<br \/>M\u00f6glichkeit der Herstellung von kleinen, mittleren und gro\u00dfen Losgr\u00f6\u00dfen durch Beschickungsautomaten.<\/p><p><strong>Schneckenwellen<br \/><\/strong>Herstellungen von Schneckenwellen durch Fr\u00e4sen von Modul 0,3 bis Modul 1,5, ausf\u00fchrbar in jedem Material mit eventueller thermischer oder galvanischer Behandlung.<br \/>Wir stellen Schrauben mit bis zu 6 G\u00e4ngen auch mit geschliffenem Profil her.<\/p><p><strong>Riemenscheiben f\u00fcr Zahnriemenantriebe<br \/><\/strong>Die Riemenscheiben sind in verschiedenen Profilen und Materialien ggf. mit thermischer Behandlung oder Oberfl\u00e4chenbehandlung realisierbar. Es besteht die M\u00f6glichkeit der Komplettlieferung mit angeflanschtem Motor.<\/p><p><strong>Getriebe<br \/><\/strong><strong>Die Planetengetriebe<\/strong>\u00a0(blaue Serie, Durchmesser 22,28,35 und 42 mm) sind kundenspezifisch realisierbar und entweder mit Standardmotor lieferbar oder mit vom Kunden beigestelltem Motor, mit einem Drehmoment von 0,5 bis 8 Nm.<br \/><strong>Die Flachgetriebe<\/strong>\u00a0(blaue Serie oder rote Serie) k\u00f6nnen mit Gleichstrommotor sowie Wechselstrommotor best\u00fcckt werden bei einem Drehmomentbereich zwischen 1,5 und 20 Nm.<\/p>\t\t\t\t\t\t\t\t<\/div>\n\t\t\t\t<\/div>\n\t\t\t\t\t<\/div>\n\t\t<\/div>\n\t\t\t\t\t<\/div>\n\t\t<\/section>\n\t\t\t\t<\/div>\n\t\t","protected":false},"excerpt":{"rendered":"<p>Gerade und schr\u00e4g verzahnte Zahnr\u00e4der W\u00e4lzgefr\u00e4ste Verzahnung von Modul 0,15 bis Modul 1,5, ausf\u00fchrbar in allen Materialien ggf. mit thermischer oder Oberfl\u00e4chenbehandlung. \u00c4u\u00dferer Durchmesser 2mm \u2013 50mm. M\u00f6glichkeit der Realisierung von bis zu 3 synchronisierten Verzahnungen auf demselben Teil auch mit verschiedenen Modulen, Balligverzahnungen sowie Spezialprofilen erh\u00e4ltlich. M\u00f6glichkeit der Herstellung von kleinen, mittleren und gro\u00dfen [&hellip;]<\/p>\n","protected":false},"author":1,"featured_media":0,"parent":0,"menu_order":0,"comment_status":"closed","ping_status":"closed","template":"","meta":{"footnotes":""},"class_list":["post-1012","page","type-page","status-publish","hentry"],"yoast_head":"<!-- This site is optimized with the Yoast SEO plugin v27.4 - https:\/\/yoast.com\/product\/yoast-seo-wordpress\/ -->\n<title>Produkte - Solzi Ingranaggi<\/title>\n<meta name=\"robots\" content=\"index, follow, max-snippet:-1, max-image-preview:large, max-video-preview:-1\" \/>\n<link rel=\"canonical\" href=\"https:\/\/www.solzingranaggi.it\/de\/produkte\/\" \/>\n<meta property=\"og:locale\" content=\"de_DE\" \/>\n<meta property=\"og:type\" content=\"article\" \/>\n<meta property=\"og:title\" content=\"Produkte - Solzi Ingranaggi\" \/>\n<meta property=\"og:description\" content=\"Gerade und schr\u00e4g verzahnte Zahnr\u00e4der W\u00e4lzgefr\u00e4ste Verzahnung von Modul 0,15 bis Modul 1,5, ausf\u00fchrbar in allen Materialien ggf. mit thermischer oder Oberfl\u00e4chenbehandlung. \u00c4u\u00dferer Durchmesser 2mm \u2013 50mm. M\u00f6glichkeit der Realisierung von bis zu 3 synchronisierten Verzahnungen auf demselben Teil auch mit verschiedenen Modulen, Balligverzahnungen sowie Spezialprofilen erh\u00e4ltlich. M\u00f6glichkeit der Herstellung von kleinen, mittleren und gro\u00dfen [&hellip;]\" \/>\n<meta property=\"og:url\" content=\"https:\/\/www.solzingranaggi.it\/de\/produkte\/\" \/>\n<meta property=\"og:site_name\" content=\"Solzi Ingranaggi\" \/>\n<meta property=\"article:modified_time\" content=\"2022-03-23T11:00:48+00:00\" \/>\n<meta property=\"og:image\" content=\"https:\/\/www.solzingranaggi.it\/wp-content\/uploads\/2022\/02\/prodotti.jpg\" \/>\n<meta name=\"twitter:card\" content=\"summary_large_image\" \/>\n<meta name=\"twitter:label1\" content=\"Gesch\u00e4tzte Lesezeit\" \/>\n\t<meta name=\"twitter:data1\" content=\"1\u00a0Minute\" \/>\n<script type=\"application\/ld+json\" class=\"yoast-schema-graph\">{\"@context\":\"https:\\\/\\\/schema.org\",\"@graph\":[{\"@type\":\"WebPage\",\"@id\":\"https:\\\/\\\/www.solzingranaggi.it\\\/de\\\/produkte\\\/\",\"url\":\"https:\\\/\\\/www.solzingranaggi.it\\\/de\\\/produkte\\\/\",\"name\":\"Produkte - Solzi Ingranaggi\",\"isPartOf\":{\"@id\":\"https:\\\/\\\/www.solzingranaggi.it\\\/de\\\/#website\"},\"primaryImageOfPage\":{\"@id\":\"https:\\\/\\\/www.solzingranaggi.it\\\/de\\\/produkte\\\/#primaryimage\"},\"image\":{\"@id\":\"https:\\\/\\\/www.solzingranaggi.it\\\/de\\\/produkte\\\/#primaryimage\"},\"thumbnailUrl\":\"https:\\\/\\\/www.solzingranaggi.it\\\/wp-content\\\/uploads\\\/2022\\\/02\\\/prodotti.jpg\",\"datePublished\":\"2022-02-15T14:59:47+00:00\",\"dateModified\":\"2022-03-23T11:00:48+00:00\",\"breadcrumb\":{\"@id\":\"https:\\\/\\\/www.solzingranaggi.it\\\/de\\\/produkte\\\/#breadcrumb\"},\"inLanguage\":\"de\",\"potentialAction\":[{\"@type\":\"ReadAction\",\"target\":[\"https:\\\/\\\/www.solzingranaggi.it\\\/de\\\/produkte\\\/\"]}]},{\"@type\":\"ImageObject\",\"inLanguage\":\"de\",\"@id\":\"https:\\\/\\\/www.solzingranaggi.it\\\/de\\\/produkte\\\/#primaryimage\",\"url\":\"https:\\\/\\\/www.solzingranaggi.it\\\/wp-content\\\/uploads\\\/2022\\\/02\\\/prodotti.jpg\",\"contentUrl\":\"https:\\\/\\\/www.solzingranaggi.it\\\/wp-content\\\/uploads\\\/2022\\\/02\\\/prodotti.jpg\"},{\"@type\":\"BreadcrumbList\",\"@id\":\"https:\\\/\\\/www.solzingranaggi.it\\\/de\\\/produkte\\\/#breadcrumb\",\"itemListElement\":[{\"@type\":\"ListItem\",\"position\":1,\"name\":\"Home\",\"item\":\"https:\\\/\\\/www.solzingranaggi.it\\\/de\\\/\"},{\"@type\":\"ListItem\",\"position\":2,\"name\":\"Produkte\"}]},{\"@type\":\"WebSite\",\"@id\":\"https:\\\/\\\/www.solzingranaggi.it\\\/de\\\/#website\",\"url\":\"https:\\\/\\\/www.solzingranaggi.it\\\/de\\\/\",\"name\":\"Solzi Ingranaggi\",\"description\":\"Progettazione e Produzione di ingranaggi\",\"publisher\":{\"@id\":\"https:\\\/\\\/www.solzingranaggi.it\\\/de\\\/#organization\"},\"potentialAction\":[{\"@type\":\"SearchAction\",\"target\":{\"@type\":\"EntryPoint\",\"urlTemplate\":\"https:\\\/\\\/www.solzingranaggi.it\\\/de\\\/?s={search_term_string}\"},\"query-input\":{\"@type\":\"PropertyValueSpecification\",\"valueRequired\":true,\"valueName\":\"search_term_string\"}}],\"inLanguage\":\"de\"},{\"@type\":\"Organization\",\"@id\":\"https:\\\/\\\/www.solzingranaggi.it\\\/de\\\/#organization\",\"name\":\"Solzi Ingranaggi\",\"url\":\"https:\\\/\\\/www.solzingranaggi.it\\\/de\\\/\",\"logo\":{\"@type\":\"ImageObject\",\"inLanguage\":\"de\",\"@id\":\"https:\\\/\\\/www.solzingranaggi.it\\\/de\\\/#\\\/schema\\\/logo\\\/image\\\/\",\"url\":\"https:\\\/\\\/www.solzingranaggi.it\\\/wp-content\\\/uploads\\\/2022\\\/02\\\/logo.png\",\"contentUrl\":\"https:\\\/\\\/www.solzingranaggi.it\\\/wp-content\\\/uploads\\\/2022\\\/02\\\/logo.png\",\"width\":295,\"height\":112,\"caption\":\"Solzi Ingranaggi\"},\"image\":{\"@id\":\"https:\\\/\\\/www.solzingranaggi.it\\\/de\\\/#\\\/schema\\\/logo\\\/image\\\/\"}}]}<\/script>\n<!-- \/ Yoast SEO plugin. -->","yoast_head_json":{"title":"Produkte - Solzi Ingranaggi","robots":{"index":"index","follow":"follow","max-snippet":"max-snippet:-1","max-image-preview":"max-image-preview:large","max-video-preview":"max-video-preview:-1"},"canonical":"https:\/\/www.solzingranaggi.it\/de\/produkte\/","og_locale":"de_DE","og_type":"article","og_title":"Produkte - Solzi Ingranaggi","og_description":"Gerade und schr\u00e4g verzahnte Zahnr\u00e4der W\u00e4lzgefr\u00e4ste Verzahnung von Modul 0,15 bis Modul 1,5, ausf\u00fchrbar in allen Materialien ggf. mit thermischer oder Oberfl\u00e4chenbehandlung. \u00c4u\u00dferer Durchmesser 2mm \u2013 50mm. M\u00f6glichkeit der Realisierung von bis zu 3 synchronisierten Verzahnungen auf demselben Teil auch mit verschiedenen Modulen, Balligverzahnungen sowie Spezialprofilen erh\u00e4ltlich. M\u00f6glichkeit der Herstellung von kleinen, mittleren und gro\u00dfen [&hellip;]","og_url":"https:\/\/www.solzingranaggi.it\/de\/produkte\/","og_site_name":"Solzi Ingranaggi","article_modified_time":"2022-03-23T11:00:48+00:00","og_image":[{"url":"https:\/\/www.solzingranaggi.it\/wp-content\/uploads\/2022\/02\/prodotti.jpg","type":"","width":"","height":""}],"twitter_card":"summary_large_image","twitter_misc":{"Gesch\u00e4tzte Lesezeit":"1\u00a0Minute"},"schema":{"@context":"https:\/\/schema.org","@graph":[{"@type":"WebPage","@id":"https:\/\/www.solzingranaggi.it\/de\/produkte\/","url":"https:\/\/www.solzingranaggi.it\/de\/produkte\/","name":"Produkte - Solzi Ingranaggi","isPartOf":{"@id":"https:\/\/www.solzingranaggi.it\/de\/#website"},"primaryImageOfPage":{"@id":"https:\/\/www.solzingranaggi.it\/de\/produkte\/#primaryimage"},"image":{"@id":"https:\/\/www.solzingranaggi.it\/de\/produkte\/#primaryimage"},"thumbnailUrl":"https:\/\/www.solzingranaggi.it\/wp-content\/uploads\/2022\/02\/prodotti.jpg","datePublished":"2022-02-15T14:59:47+00:00","dateModified":"2022-03-23T11:00:48+00:00","breadcrumb":{"@id":"https:\/\/www.solzingranaggi.it\/de\/produkte\/#breadcrumb"},"inLanguage":"de","potentialAction":[{"@type":"ReadAction","target":["https:\/\/www.solzingranaggi.it\/de\/produkte\/"]}]},{"@type":"ImageObject","inLanguage":"de","@id":"https:\/\/www.solzingranaggi.it\/de\/produkte\/#primaryimage","url":"https:\/\/www.solzingranaggi.it\/wp-content\/uploads\/2022\/02\/prodotti.jpg","contentUrl":"https:\/\/www.solzingranaggi.it\/wp-content\/uploads\/2022\/02\/prodotti.jpg"},{"@type":"BreadcrumbList","@id":"https:\/\/www.solzingranaggi.it\/de\/produkte\/#breadcrumb","itemListElement":[{"@type":"ListItem","position":1,"name":"Home","item":"https:\/\/www.solzingranaggi.it\/de\/"},{"@type":"ListItem","position":2,"name":"Produkte"}]},{"@type":"WebSite","@id":"https:\/\/www.solzingranaggi.it\/de\/#website","url":"https:\/\/www.solzingranaggi.it\/de\/","name":"Solzi Ingranaggi","description":"Progettazione e Produzione di ingranaggi","publisher":{"@id":"https:\/\/www.solzingranaggi.it\/de\/#organization"},"potentialAction":[{"@type":"SearchAction","target":{"@type":"EntryPoint","urlTemplate":"https:\/\/www.solzingranaggi.it\/de\/?s={search_term_string}"},"query-input":{"@type":"PropertyValueSpecification","valueRequired":true,"valueName":"search_term_string"}}],"inLanguage":"de"},{"@type":"Organization","@id":"https:\/\/www.solzingranaggi.it\/de\/#organization","name":"Solzi Ingranaggi","url":"https:\/\/www.solzingranaggi.it\/de\/","logo":{"@type":"ImageObject","inLanguage":"de","@id":"https:\/\/www.solzingranaggi.it\/de\/#\/schema\/logo\/image\/","url":"https:\/\/www.solzingranaggi.it\/wp-content\/uploads\/2022\/02\/logo.png","contentUrl":"https:\/\/www.solzingranaggi.it\/wp-content\/uploads\/2022\/02\/logo.png","width":295,"height":112,"caption":"Solzi Ingranaggi"},"image":{"@id":"https:\/\/www.solzingranaggi.it\/de\/#\/schema\/logo\/image\/"}}]}},"_links":{"self":[{"href":"https:\/\/www.solzingranaggi.it\/de\/wp-json\/wp\/v2\/pages\/1012","targetHints":{"allow":["GET"]}}],"collection":[{"href":"https:\/\/www.solzingranaggi.it\/de\/wp-json\/wp\/v2\/pages"}],"about":[{"href":"https:\/\/www.solzingranaggi.it\/de\/wp-json\/wp\/v2\/types\/page"}],"author":[{"embeddable":true,"href":"https:\/\/www.solzingranaggi.it\/de\/wp-json\/wp\/v2\/users\/1"}],"replies":[{"embeddable":true,"href":"https:\/\/www.solzingranaggi.it\/de\/wp-json\/wp\/v2\/comments?post=1012"}],"version-history":[{"count":0,"href":"https:\/\/www.solzingranaggi.it\/de\/wp-json\/wp\/v2\/pages\/1012\/revisions"}],"wp:attachment":[{"href":"https:\/\/www.solzingranaggi.it\/de\/wp-json\/wp\/v2\/media?parent=1012"}],"curies":[{"name":"wp","href":"https:\/\/api.w.org\/{rel}","templated":true}]}}