{"id":1017,"date":"2022-02-18T09:24:51","date_gmt":"2022-02-18T08:24:51","guid":{"rendered":"http:\/\/staging.solzingranaggi.it\/prodotti\/ingranaggi\/"},"modified":"2022-03-23T12:01:50","modified_gmt":"2022-03-23T11:01:50","slug":"zahnaeder","status":"publish","type":"page","link":"https:\/\/www.solzingranaggi.it\/de\/produkte\/zahnaeder\/","title":{"rendered":"Zahn\u00e4der"},"content":{"rendered":"\t\t<div data-elementor-type=\"wp-page\" data-elementor-id=\"1017\" class=\"elementor elementor-1017 elementor-196\" data-elementor-post-type=\"page\">\n\t\t\t\t\t\t<section data-particle_enable=\"false\" data-particle-mobile-disabled=\"false\" class=\"elementor-section elementor-top-section elementor-element elementor-element-3ef324b elementor-section-boxed elementor-section-height-default elementor-section-height-default\" data-id=\"3ef324b\" data-element_type=\"section\" data-e-type=\"section\">\n\t\t\t\t\t\t<div class=\"elementor-container elementor-column-gap-default\">\n\t\t\t\t\t<div class=\"elementor-column elementor-col-33 elementor-top-column elementor-element elementor-element-72eb355\" data-id=\"72eb355\" data-element_type=\"column\" data-e-type=\"column\">\n\t\t\t<div class=\"elementor-widget-wrap elementor-element-populated\">\n\t\t\t\t\t\t<div class=\"elementor-element elementor-element-853e0d7 elementor-widget elementor-widget-sidebar\" data-id=\"853e0d7\" data-element_type=\"widget\" data-e-type=\"widget\" data-widget_type=\"sidebar.default\">\n\t\t\t\t<div class=\"elementor-widget-container\">\n\t\t\t\t\t<li id=\"nav_menu-4\" class=\"widget widget_nav_menu\"><h2 class=\"widgettitle\">Unsere Produkte<\/h2>\n<nav class=\"menu-menu-prodotti-new-de-container\" aria-label=\"Unsere Produkte\"><ul id=\"menu-menu-prodotti-new-de\" class=\"menu\"><li id=\"menu-item-2051\" class=\"menu-item menu-item-type-post_type menu-item-object-page menu-item-has-children menu-item-2051\"><a href=\"https:\/\/www.solzingranaggi.it\/de\/produkte\/zahnaeder\/\">Zahn\u00e4der<\/a>\n<ul class=\"sub-menu\">\n\t<li id=\"menu-item-2052\" class=\"menu-item menu-item-type-post_type menu-item-object-prodotto menu-item-2052\"><a href=\"https:\/\/www.solzingranaggi.it\/de\/catalogo\/gerade-und-schraeg-verzahnte-zahnraeder\/\">Gerade Und Schr\u00e4g Verzahnte Zahnr\u00e4der<\/a><\/li>\n\t<li id=\"menu-item-2053\" class=\"menu-item menu-item-type-post_type menu-item-object-prodotto menu-item-2053\"><a href=\"https:\/\/www.solzingranaggi.it\/de\/catalogo\/schneckenwellen\/\">Schneckenwellen<\/a><\/li>\n\t<li id=\"menu-item-2054\" class=\"menu-item menu-item-type-post_type menu-item-object-prodotto menu-item-2054\"><a href=\"https:\/\/www.solzingranaggi.it\/de\/catalogo\/riemenscheiben-fuer-zahnriemenantrieb\/\">Riemenscheiben f\u00fcr Zahnriemenantrieb<\/a><\/li>\n\t<li id=\"menu-item-2055\" class=\"menu-item menu-item-type-post_type menu-item-object-prodotto menu-item-2055\"><a href=\"https:\/\/www.solzingranaggi.it\/de\/catalogo\/spezialzahnraeder\/\">Spezialzahnr\u00e4der<\/a><\/li>\n\t<li id=\"menu-item-2056\" class=\"menu-item menu-item-type-post_type menu-item-object-prodotto menu-item-2056\"><a href=\"https:\/\/www.solzingranaggi.it\/de\/catalogo\/kleiner-dreh\/\">Kleiner Dreh<\/a><\/li>\n<\/ul>\n<\/li>\n<li id=\"menu-item-2057\" class=\"menu-item menu-item-type-post_type menu-item-object-page menu-item-has-children menu-item-2057\"><a href=\"https:\/\/www.solzingranaggi.it\/de\/produkte\/getriebemotoren\/\">Getriebemotoren<\/a>\n<ul class=\"sub-menu\">\n\t<li id=\"menu-item-2064\" class=\"menu-item menu-item-type-taxonomy menu-item-object-categoria_prodotto menu-item-has-children menu-item-2064\"><a href=\"https:\/\/www.solzingranaggi.it\/de\/categoria-prodotto\/getriebemotoren\/blau-serie-de\/\">Blau-Serie<\/a>\n\t<ul class=\"sub-menu\">\n\t\t<li id=\"menu-item-2101\" class=\"menu-item menu-item-type-post_type menu-item-object-prodotto menu-item-2101\"><a href=\"https:\/\/www.solzingranaggi.it\/de\/catalogo\/si_rid16\/\">SI_RID16<\/a><\/li>\n\t\t<li id=\"menu-item-2102\" class=\"menu-item menu-item-type-post_type menu-item-object-prodotto menu-item-2102\"><a href=\"https:\/\/www.solzingranaggi.it\/de\/catalogo\/si_rid1\/\">SI_RID1<\/a><\/li>\n\t\t<li id=\"menu-item-2103\" class=\"menu-item menu-item-type-post_type menu-item-object-prodotto menu-item-2103\"><a href=\"https:\/\/www.solzingranaggi.it\/de\/catalogo\/si_rid8\/\">SI_RID8<\/a><\/li>\n\t\t<li id=\"menu-item-2104\" class=\"menu-item menu-item-type-post_type menu-item-object-prodotto menu-item-2104\"><a href=\"https:\/\/www.solzingranaggi.it\/de\/catalogo\/si_rid5\/\">SI_RID5<\/a><\/li>\n\t\t<li id=\"menu-item-2105\" class=\"menu-item menu-item-type-post_type menu-item-object-prodotto menu-item-2105\"><a href=\"https:\/\/www.solzingranaggi.it\/de\/catalogo\/si_rid7\/\">SI_RID7<\/a><\/li>\n\t<\/ul>\n<\/li>\n\t<li id=\"menu-item-2065\" class=\"menu-item menu-item-type-taxonomy menu-item-object-categoria_prodotto menu-item-has-children menu-item-2065\"><a href=\"https:\/\/www.solzingranaggi.it\/de\/categoria-prodotto\/getriebemotoren\/rot-serie-de\/\">Rot-Serie<\/a>\n\t<ul class=\"sub-menu\">\n\t\t<li id=\"menu-item-2106\" class=\"menu-item menu-item-type-post_type menu-item-object-prodotto menu-item-2106\"><a href=\"https:\/\/www.solzingranaggi.it\/de\/catalogo\/si_rid6\/\">SI_RID6<\/a><\/li>\n\t\t<li id=\"menu-item-2107\" class=\"menu-item menu-item-type-post_type menu-item-object-prodotto menu-item-2107\"><a href=\"https:\/\/www.solzingranaggi.it\/de\/catalogo\/si_rid9\/\">SI_RID9<\/a><\/li>\n\t<\/ul>\n<\/li>\n<\/ul>\n<\/li>\n<\/ul><\/nav><\/li>\n\t\t\t\t<\/div>\n\t\t\t\t<\/div>\n\t\t\t\t\t<\/div>\n\t\t<\/div>\n\t\t\t\t<div class=\"elementor-column elementor-col-66 elementor-top-column elementor-element elementor-element-cb85bce\" data-id=\"cb85bce\" data-element_type=\"column\" data-e-type=\"column\">\n\t\t\t<div class=\"elementor-widget-wrap elementor-element-populated\">\n\t\t\t\t\t\t<div class=\"elementor-element elementor-element-60d6051 elementor-widget elementor-widget-image\" data-id=\"60d6051\" data-element_type=\"widget\" data-e-type=\"widget\" data-widget_type=\"image.default\">\n\t\t\t\t<div class=\"elementor-widget-container\">\n\t\t\t\t\t\t\t\t\t\t\t\t\t\t\t<img fetchpriority=\"high\" decoding=\"async\" width=\"850\" height=\"250\" src=\"https:\/\/www.solzingranaggi.it\/wp-content\/uploads\/2022\/02\/foto-ingranaggi.jpg\" class=\"attachment-full size-full wp-image-565\" alt=\"\" srcset=\"https:\/\/www.solzingranaggi.it\/wp-content\/uploads\/2022\/02\/foto-ingranaggi.jpg 850w, https:\/\/www.solzingranaggi.it\/wp-content\/uploads\/2022\/02\/foto-ingranaggi-300x88.jpg 300w, https:\/\/www.solzingranaggi.it\/wp-content\/uploads\/2022\/02\/foto-ingranaggi-768x226.jpg 768w\" sizes=\"(max-width: 850px) 100vw, 850px\" \/>\t\t\t\t\t\t\t\t\t\t\t\t\t\t\t<\/div>\n\t\t\t\t<\/div>\n\t\t\t\t<div class=\"elementor-element elementor-element-c5b6311 elementor-widget elementor-widget-text-editor\" data-id=\"c5b6311\" data-element_type=\"widget\" data-e-type=\"widget\" data-widget_type=\"text-editor.default\">\n\t\t\t\t<div class=\"elementor-widget-container\">\n\t\t\t\t\t\t\t\t\t<p><strong>Produktion<\/strong><strong>:<br \/><\/strong>Zahnr\u00e4der und Feinwerkerzeugnisse, gerade oder schr\u00e4g verzahnt, Schneckenwellen von Modul 0,15 bis Modul\u00a01.5 in gefr\u00e4ster Form.<br \/>Zahnriemenscheiben.<\/p><p><strong>Werkstoffe:<br \/><\/strong>Messing \u2013 Aluminium \u2013 Spezialstahllegierungen \u2013 Inox-Stahl sowie Kunststoffe<\/p><p><strong>Leistungen:<br \/><\/strong>Montage \u2013 Oberl\u00e4chenbehandlung und thermische Behandlung \u2013 R\u00e4umnadel-Anwendungen\u2013 Schleifen \u2013 Drehen<\/p><p><strong>Zubeh\u00f6r:<br \/><\/strong>Getriebemotoren \u2013 Motorwellen \u2013 allgemeine Automation \u2013 Kleinelektroger\u00e4te \u2013 Zahnradpumpen etc.<\/p>\t\t\t\t\t\t\t\t<\/div>\n\t\t\t\t<\/div>\n\t\t\t\t\t<\/div>\n\t\t<\/div>\n\t\t\t\t\t<\/div>\n\t\t<\/section>\n\t\t\t\t<\/div>\n\t\t","protected":false},"excerpt":{"rendered":"<p>Produktion: Zahnr\u00e4der und Feinwerkerzeugnisse, gerade oder schr\u00e4g verzahnt, Schneckenwellen von Modul 0,15 bis Modul\u00a01.5 in gefr\u00e4ster Form. Zahnriemenscheiben. Werkstoffe: Messing \u2013 Aluminium \u2013 Spezialstahllegierungen \u2013 Inox-Stahl sowie Kunststoffe Leistungen: Montage \u2013 Oberl\u00e4chenbehandlung und thermische Behandlung \u2013 R\u00e4umnadel-Anwendungen\u2013 Schleifen \u2013 Drehen Zubeh\u00f6r: Getriebemotoren \u2013 Motorwellen \u2013 allgemeine Automation \u2013 Kleinelektroger\u00e4te \u2013 Zahnradpumpen etc.<\/p>\n","protected":false},"author":1,"featured_media":0,"parent":1012,"menu_order":0,"comment_status":"closed","ping_status":"closed","template":"","meta":{"footnotes":""},"class_list":["post-1017","page","type-page","status-publish","hentry"],"yoast_head":"<!-- This site is optimized with the Yoast SEO plugin v27.4 - https:\/\/yoast.com\/product\/yoast-seo-wordpress\/ -->\n<title>Zahn\u00e4der - Solzi Ingranaggi<\/title>\n<meta name=\"robots\" content=\"index, follow, max-snippet:-1, max-image-preview:large, max-video-preview:-1\" \/>\n<link rel=\"canonical\" href=\"https:\/\/www.solzingranaggi.it\/de\/produkte\/zahnaeder\/\" \/>\n<meta property=\"og:locale\" content=\"de_DE\" \/>\n<meta property=\"og:type\" content=\"article\" \/>\n<meta property=\"og:title\" content=\"Zahn\u00e4der - Solzi Ingranaggi\" \/>\n<meta property=\"og:description\" content=\"Produktion: Zahnr\u00e4der und Feinwerkerzeugnisse, gerade oder schr\u00e4g verzahnt, Schneckenwellen von Modul 0,15 bis Modul\u00a01.5 in gefr\u00e4ster Form. Zahnriemenscheiben. Werkstoffe: Messing \u2013 Aluminium \u2013 Spezialstahllegierungen \u2013 Inox-Stahl sowie Kunststoffe Leistungen: Montage \u2013 Oberl\u00e4chenbehandlung und thermische Behandlung \u2013 R\u00e4umnadel-Anwendungen\u2013 Schleifen \u2013 Drehen Zubeh\u00f6r: Getriebemotoren \u2013 Motorwellen \u2013 allgemeine Automation \u2013 Kleinelektroger\u00e4te \u2013 Zahnradpumpen etc.\" \/>\n<meta property=\"og:url\" content=\"https:\/\/www.solzingranaggi.it\/de\/produkte\/zahnaeder\/\" \/>\n<meta property=\"og:site_name\" content=\"Solzi Ingranaggi\" \/>\n<meta property=\"article:modified_time\" content=\"2022-03-23T11:01:50+00:00\" \/>\n<meta property=\"og:image\" content=\"https:\/\/www.solzingranaggi.it\/wp-content\/uploads\/2022\/02\/foto-ingranaggi.jpg\" \/>\n<meta name=\"twitter:card\" content=\"summary_large_image\" \/>\n<script type=\"application\/ld+json\" class=\"yoast-schema-graph\">{\"@context\":\"https:\\\/\\\/schema.org\",\"@graph\":[{\"@type\":\"WebPage\",\"@id\":\"https:\\\/\\\/www.solzingranaggi.it\\\/de\\\/produkte\\\/zahnaeder\\\/\",\"url\":\"https:\\\/\\\/www.solzingranaggi.it\\\/de\\\/produkte\\\/zahnaeder\\\/\",\"name\":\"Zahn\u00e4der - Solzi Ingranaggi\",\"isPartOf\":{\"@id\":\"https:\\\/\\\/www.solzingranaggi.it\\\/de\\\/#website\"},\"primaryImageOfPage\":{\"@id\":\"https:\\\/\\\/www.solzingranaggi.it\\\/de\\\/produkte\\\/zahnaeder\\\/#primaryimage\"},\"image\":{\"@id\":\"https:\\\/\\\/www.solzingranaggi.it\\\/de\\\/produkte\\\/zahnaeder\\\/#primaryimage\"},\"thumbnailUrl\":\"https:\\\/\\\/www.solzingranaggi.it\\\/wp-content\\\/uploads\\\/2022\\\/02\\\/foto-ingranaggi.jpg\",\"datePublished\":\"2022-02-18T08:24:51+00:00\",\"dateModified\":\"2022-03-23T11:01:50+00:00\",\"breadcrumb\":{\"@id\":\"https:\\\/\\\/www.solzingranaggi.it\\\/de\\\/produkte\\\/zahnaeder\\\/#breadcrumb\"},\"inLanguage\":\"de\",\"potentialAction\":[{\"@type\":\"ReadAction\",\"target\":[\"https:\\\/\\\/www.solzingranaggi.it\\\/de\\\/produkte\\\/zahnaeder\\\/\"]}]},{\"@type\":\"ImageObject\",\"inLanguage\":\"de\",\"@id\":\"https:\\\/\\\/www.solzingranaggi.it\\\/de\\\/produkte\\\/zahnaeder\\\/#primaryimage\",\"url\":\"https:\\\/\\\/www.solzingranaggi.it\\\/wp-content\\\/uploads\\\/2022\\\/02\\\/foto-ingranaggi.jpg\",\"contentUrl\":\"https:\\\/\\\/www.solzingranaggi.it\\\/wp-content\\\/uploads\\\/2022\\\/02\\\/foto-ingranaggi.jpg\"},{\"@type\":\"BreadcrumbList\",\"@id\":\"https:\\\/\\\/www.solzingranaggi.it\\\/de\\\/produkte\\\/zahnaeder\\\/#breadcrumb\",\"itemListElement\":[{\"@type\":\"ListItem\",\"position\":1,\"name\":\"Home\",\"item\":\"https:\\\/\\\/www.solzingranaggi.it\\\/de\\\/\"},{\"@type\":\"ListItem\",\"position\":2,\"name\":\"Produkte\",\"item\":\"https:\\\/\\\/www.solzingranaggi.it\\\/de\\\/produkte\\\/\"},{\"@type\":\"ListItem\",\"position\":3,\"name\":\"Zahn\u00e4der\"}]},{\"@type\":\"WebSite\",\"@id\":\"https:\\\/\\\/www.solzingranaggi.it\\\/de\\\/#website\",\"url\":\"https:\\\/\\\/www.solzingranaggi.it\\\/de\\\/\",\"name\":\"Solzi Ingranaggi\",\"description\":\"Progettazione e Produzione di ingranaggi\",\"publisher\":{\"@id\":\"https:\\\/\\\/www.solzingranaggi.it\\\/de\\\/#organization\"},\"potentialAction\":[{\"@type\":\"SearchAction\",\"target\":{\"@type\":\"EntryPoint\",\"urlTemplate\":\"https:\\\/\\\/www.solzingranaggi.it\\\/de\\\/?s={search_term_string}\"},\"query-input\":{\"@type\":\"PropertyValueSpecification\",\"valueRequired\":true,\"valueName\":\"search_term_string\"}}],\"inLanguage\":\"de\"},{\"@type\":\"Organization\",\"@id\":\"https:\\\/\\\/www.solzingranaggi.it\\\/de\\\/#organization\",\"name\":\"Solzi Ingranaggi\",\"url\":\"https:\\\/\\\/www.solzingranaggi.it\\\/de\\\/\",\"logo\":{\"@type\":\"ImageObject\",\"inLanguage\":\"de\",\"@id\":\"https:\\\/\\\/www.solzingranaggi.it\\\/de\\\/#\\\/schema\\\/logo\\\/image\\\/\",\"url\":\"https:\\\/\\\/www.solzingranaggi.it\\\/wp-content\\\/uploads\\\/2022\\\/02\\\/logo.png\",\"contentUrl\":\"https:\\\/\\\/www.solzingranaggi.it\\\/wp-content\\\/uploads\\\/2022\\\/02\\\/logo.png\",\"width\":295,\"height\":112,\"caption\":\"Solzi Ingranaggi\"},\"image\":{\"@id\":\"https:\\\/\\\/www.solzingranaggi.it\\\/de\\\/#\\\/schema\\\/logo\\\/image\\\/\"}}]}<\/script>\n<!-- \/ Yoast SEO plugin. -->","yoast_head_json":{"title":"Zahn\u00e4der - Solzi Ingranaggi","robots":{"index":"index","follow":"follow","max-snippet":"max-snippet:-1","max-image-preview":"max-image-preview:large","max-video-preview":"max-video-preview:-1"},"canonical":"https:\/\/www.solzingranaggi.it\/de\/produkte\/zahnaeder\/","og_locale":"de_DE","og_type":"article","og_title":"Zahn\u00e4der - Solzi Ingranaggi","og_description":"Produktion: Zahnr\u00e4der und Feinwerkerzeugnisse, gerade oder schr\u00e4g verzahnt, Schneckenwellen von Modul 0,15 bis Modul\u00a01.5 in gefr\u00e4ster Form. Zahnriemenscheiben. Werkstoffe: Messing \u2013 Aluminium \u2013 Spezialstahllegierungen \u2013 Inox-Stahl sowie Kunststoffe Leistungen: Montage \u2013 Oberl\u00e4chenbehandlung und thermische Behandlung \u2013 R\u00e4umnadel-Anwendungen\u2013 Schleifen \u2013 Drehen Zubeh\u00f6r: Getriebemotoren \u2013 Motorwellen \u2013 allgemeine Automation \u2013 Kleinelektroger\u00e4te \u2013 Zahnradpumpen etc.","og_url":"https:\/\/www.solzingranaggi.it\/de\/produkte\/zahnaeder\/","og_site_name":"Solzi Ingranaggi","article_modified_time":"2022-03-23T11:01:50+00:00","og_image":[{"url":"https:\/\/www.solzingranaggi.it\/wp-content\/uploads\/2022\/02\/foto-ingranaggi.jpg","type":"","width":"","height":""}],"twitter_card":"summary_large_image","schema":{"@context":"https:\/\/schema.org","@graph":[{"@type":"WebPage","@id":"https:\/\/www.solzingranaggi.it\/de\/produkte\/zahnaeder\/","url":"https:\/\/www.solzingranaggi.it\/de\/produkte\/zahnaeder\/","name":"Zahn\u00e4der - Solzi Ingranaggi","isPartOf":{"@id":"https:\/\/www.solzingranaggi.it\/de\/#website"},"primaryImageOfPage":{"@id":"https:\/\/www.solzingranaggi.it\/de\/produkte\/zahnaeder\/#primaryimage"},"image":{"@id":"https:\/\/www.solzingranaggi.it\/de\/produkte\/zahnaeder\/#primaryimage"},"thumbnailUrl":"https:\/\/www.solzingranaggi.it\/wp-content\/uploads\/2022\/02\/foto-ingranaggi.jpg","datePublished":"2022-02-18T08:24:51+00:00","dateModified":"2022-03-23T11:01:50+00:00","breadcrumb":{"@id":"https:\/\/www.solzingranaggi.it\/de\/produkte\/zahnaeder\/#breadcrumb"},"inLanguage":"de","potentialAction":[{"@type":"ReadAction","target":["https:\/\/www.solzingranaggi.it\/de\/produkte\/zahnaeder\/"]}]},{"@type":"ImageObject","inLanguage":"de","@id":"https:\/\/www.solzingranaggi.it\/de\/produkte\/zahnaeder\/#primaryimage","url":"https:\/\/www.solzingranaggi.it\/wp-content\/uploads\/2022\/02\/foto-ingranaggi.jpg","contentUrl":"https:\/\/www.solzingranaggi.it\/wp-content\/uploads\/2022\/02\/foto-ingranaggi.jpg"},{"@type":"BreadcrumbList","@id":"https:\/\/www.solzingranaggi.it\/de\/produkte\/zahnaeder\/#breadcrumb","itemListElement":[{"@type":"ListItem","position":1,"name":"Home","item":"https:\/\/www.solzingranaggi.it\/de\/"},{"@type":"ListItem","position":2,"name":"Produkte","item":"https:\/\/www.solzingranaggi.it\/de\/produkte\/"},{"@type":"ListItem","position":3,"name":"Zahn\u00e4der"}]},{"@type":"WebSite","@id":"https:\/\/www.solzingranaggi.it\/de\/#website","url":"https:\/\/www.solzingranaggi.it\/de\/","name":"Solzi Ingranaggi","description":"Progettazione e Produzione di ingranaggi","publisher":{"@id":"https:\/\/www.solzingranaggi.it\/de\/#organization"},"potentialAction":[{"@type":"SearchAction","target":{"@type":"EntryPoint","urlTemplate":"https:\/\/www.solzingranaggi.it\/de\/?s={search_term_string}"},"query-input":{"@type":"PropertyValueSpecification","valueRequired":true,"valueName":"search_term_string"}}],"inLanguage":"de"},{"@type":"Organization","@id":"https:\/\/www.solzingranaggi.it\/de\/#organization","name":"Solzi Ingranaggi","url":"https:\/\/www.solzingranaggi.it\/de\/","logo":{"@type":"ImageObject","inLanguage":"de","@id":"https:\/\/www.solzingranaggi.it\/de\/#\/schema\/logo\/image\/","url":"https:\/\/www.solzingranaggi.it\/wp-content\/uploads\/2022\/02\/logo.png","contentUrl":"https:\/\/www.solzingranaggi.it\/wp-content\/uploads\/2022\/02\/logo.png","width":295,"height":112,"caption":"Solzi Ingranaggi"},"image":{"@id":"https:\/\/www.solzingranaggi.it\/de\/#\/schema\/logo\/image\/"}}]}},"_links":{"self":[{"href":"https:\/\/www.solzingranaggi.it\/de\/wp-json\/wp\/v2\/pages\/1017","targetHints":{"allow":["GET"]}}],"collection":[{"href":"https:\/\/www.solzingranaggi.it\/de\/wp-json\/wp\/v2\/pages"}],"about":[{"href":"https:\/\/www.solzingranaggi.it\/de\/wp-json\/wp\/v2\/types\/page"}],"author":[{"embeddable":true,"href":"https:\/\/www.solzingranaggi.it\/de\/wp-json\/wp\/v2\/users\/1"}],"replies":[{"embeddable":true,"href":"https:\/\/www.solzingranaggi.it\/de\/wp-json\/wp\/v2\/comments?post=1017"}],"version-history":[{"count":0,"href":"https:\/\/www.solzingranaggi.it\/de\/wp-json\/wp\/v2\/pages\/1017\/revisions"}],"up":[{"embeddable":true,"href":"https:\/\/www.solzingranaggi.it\/de\/wp-json\/wp\/v2\/pages\/1012"}],"wp:attachment":[{"href":"https:\/\/www.solzingranaggi.it\/de\/wp-json\/wp\/v2\/media?parent=1017"}],"curies":[{"name":"wp","href":"https:\/\/api.w.org\/{rel}","templated":true}]}}