{"id":1027,"date":"2022-02-18T09:26:28","date_gmt":"2022-02-18T08:26:28","guid":{"rendered":"http:\/\/staging.solzingranaggi.it\/prodotti\/motoriduttori\/"},"modified":"2022-03-23T12:01:19","modified_gmt":"2022-03-23T11:01:19","slug":"getriebemotoren","status":"publish","type":"page","link":"https:\/\/www.solzingranaggi.it\/de\/produkte\/getriebemotoren\/","title":{"rendered":"Getriebemotoren"},"content":{"rendered":"\t\t<div data-elementor-type=\"wp-page\" data-elementor-id=\"1027\" class=\"elementor elementor-1027 elementor-201\" data-elementor-post-type=\"page\">\n\t\t\t\t\t\t<section data-particle_enable=\"false\" data-particle-mobile-disabled=\"false\" class=\"elementor-section elementor-top-section elementor-element elementor-element-0e2bd12 elementor-section-boxed elementor-section-height-default elementor-section-height-default\" data-id=\"0e2bd12\" data-element_type=\"section\" data-e-type=\"section\">\n\t\t\t\t\t\t<div class=\"elementor-container elementor-column-gap-default\">\n\t\t\t\t\t<div class=\"elementor-column elementor-col-33 elementor-top-column elementor-element elementor-element-c9d11c1\" data-id=\"c9d11c1\" data-element_type=\"column\" data-e-type=\"column\">\n\t\t\t<div class=\"elementor-widget-wrap elementor-element-populated\">\n\t\t\t\t\t\t<div class=\"elementor-element elementor-element-f05e4b1 elementor-widget elementor-widget-sidebar\" data-id=\"f05e4b1\" data-element_type=\"widget\" data-e-type=\"widget\" data-widget_type=\"sidebar.default\">\n\t\t\t\t<div class=\"elementor-widget-container\">\n\t\t\t\t\t<li id=\"nav_menu-4\" class=\"widget widget_nav_menu\"><h2 class=\"widgettitle\">Unsere Produkte<\/h2>\n<nav class=\"menu-menu-prodotti-new-de-container\" aria-label=\"Unsere Produkte\"><ul id=\"menu-menu-prodotti-new-de\" class=\"menu\"><li id=\"menu-item-2051\" class=\"menu-item menu-item-type-post_type menu-item-object-page menu-item-has-children menu-item-2051\"><a href=\"https:\/\/www.solzingranaggi.it\/de\/produkte\/zahnaeder\/\">Zahn\u00e4der<\/a>\n<ul class=\"sub-menu\">\n\t<li id=\"menu-item-2052\" class=\"menu-item menu-item-type-post_type menu-item-object-prodotto menu-item-2052\"><a href=\"https:\/\/www.solzingranaggi.it\/de\/catalogo\/gerade-und-schraeg-verzahnte-zahnraeder\/\">Gerade Und Schr\u00e4g Verzahnte Zahnr\u00e4der<\/a><\/li>\n\t<li id=\"menu-item-2053\" class=\"menu-item menu-item-type-post_type menu-item-object-prodotto menu-item-2053\"><a href=\"https:\/\/www.solzingranaggi.it\/de\/catalogo\/schneckenwellen\/\">Schneckenwellen<\/a><\/li>\n\t<li id=\"menu-item-2054\" class=\"menu-item menu-item-type-post_type menu-item-object-prodotto menu-item-2054\"><a href=\"https:\/\/www.solzingranaggi.it\/de\/catalogo\/riemenscheiben-fuer-zahnriemenantrieb\/\">Riemenscheiben f\u00fcr Zahnriemenantrieb<\/a><\/li>\n\t<li id=\"menu-item-2055\" class=\"menu-item menu-item-type-post_type menu-item-object-prodotto menu-item-2055\"><a href=\"https:\/\/www.solzingranaggi.it\/de\/catalogo\/spezialzahnraeder\/\">Spezialzahnr\u00e4der<\/a><\/li>\n\t<li id=\"menu-item-2056\" class=\"menu-item menu-item-type-post_type menu-item-object-prodotto menu-item-2056\"><a href=\"https:\/\/www.solzingranaggi.it\/de\/catalogo\/kleiner-dreh\/\">Kleiner Dreh<\/a><\/li>\n<\/ul>\n<\/li>\n<li id=\"menu-item-2057\" class=\"menu-item menu-item-type-post_type menu-item-object-page menu-item-has-children menu-item-2057\"><a href=\"https:\/\/www.solzingranaggi.it\/de\/produkte\/getriebemotoren\/\">Getriebemotoren<\/a>\n<ul class=\"sub-menu\">\n\t<li id=\"menu-item-2064\" class=\"menu-item menu-item-type-taxonomy menu-item-object-categoria_prodotto menu-item-has-children menu-item-2064\"><a href=\"https:\/\/www.solzingranaggi.it\/de\/categoria-prodotto\/getriebemotoren\/blau-serie-de\/\">Blau-Serie<\/a>\n\t<ul class=\"sub-menu\">\n\t\t<li id=\"menu-item-2101\" class=\"menu-item menu-item-type-post_type menu-item-object-prodotto menu-item-2101\"><a href=\"https:\/\/www.solzingranaggi.it\/de\/catalogo\/si_rid16\/\">SI_RID16<\/a><\/li>\n\t\t<li id=\"menu-item-2102\" class=\"menu-item menu-item-type-post_type menu-item-object-prodotto menu-item-2102\"><a href=\"https:\/\/www.solzingranaggi.it\/de\/catalogo\/si_rid1\/\">SI_RID1<\/a><\/li>\n\t\t<li id=\"menu-item-2103\" class=\"menu-item menu-item-type-post_type menu-item-object-prodotto menu-item-2103\"><a href=\"https:\/\/www.solzingranaggi.it\/de\/catalogo\/si_rid8\/\">SI_RID8<\/a><\/li>\n\t\t<li id=\"menu-item-2104\" class=\"menu-item menu-item-type-post_type menu-item-object-prodotto menu-item-2104\"><a href=\"https:\/\/www.solzingranaggi.it\/de\/catalogo\/si_rid5\/\">SI_RID5<\/a><\/li>\n\t\t<li id=\"menu-item-2105\" class=\"menu-item menu-item-type-post_type menu-item-object-prodotto menu-item-2105\"><a href=\"https:\/\/www.solzingranaggi.it\/de\/catalogo\/si_rid7\/\">SI_RID7<\/a><\/li>\n\t<\/ul>\n<\/li>\n\t<li id=\"menu-item-2065\" class=\"menu-item menu-item-type-taxonomy menu-item-object-categoria_prodotto menu-item-has-children menu-item-2065\"><a href=\"https:\/\/www.solzingranaggi.it\/de\/categoria-prodotto\/getriebemotoren\/rot-serie-de\/\">Rot-Serie<\/a>\n\t<ul class=\"sub-menu\">\n\t\t<li id=\"menu-item-2106\" class=\"menu-item menu-item-type-post_type menu-item-object-prodotto menu-item-2106\"><a href=\"https:\/\/www.solzingranaggi.it\/de\/catalogo\/si_rid6\/\">SI_RID6<\/a><\/li>\n\t\t<li id=\"menu-item-2107\" class=\"menu-item menu-item-type-post_type menu-item-object-prodotto menu-item-2107\"><a href=\"https:\/\/www.solzingranaggi.it\/de\/catalogo\/si_rid9\/\">SI_RID9<\/a><\/li>\n\t<\/ul>\n<\/li>\n<\/ul>\n<\/li>\n<\/ul><\/nav><\/li>\n\t\t\t\t<\/div>\n\t\t\t\t<\/div>\n\t\t\t\t\t<\/div>\n\t\t<\/div>\n\t\t\t\t<div class=\"elementor-column elementor-col-66 elementor-top-column elementor-element elementor-element-51beb99\" data-id=\"51beb99\" data-element_type=\"column\" data-e-type=\"column\">\n\t\t\t<div class=\"elementor-widget-wrap elementor-element-populated\">\n\t\t\t\t\t\t<div class=\"elementor-element elementor-element-2ab9e15 elementor-widget elementor-widget-image\" data-id=\"2ab9e15\" data-element_type=\"widget\" data-e-type=\"widget\" data-widget_type=\"image.default\">\n\t\t\t\t<div class=\"elementor-widget-container\">\n\t\t\t\t\t\t\t\t\t\t\t\t\t\t\t<img fetchpriority=\"high\" decoding=\"async\" width=\"850\" height=\"250\" src=\"https:\/\/www.solzingranaggi.it\/wp-content\/uploads\/2022\/02\/foto-motoriduttori.jpg\" class=\"attachment-full size-full wp-image-567\" alt=\"\" srcset=\"https:\/\/www.solzingranaggi.it\/wp-content\/uploads\/2022\/02\/foto-motoriduttori.jpg 850w, https:\/\/www.solzingranaggi.it\/wp-content\/uploads\/2022\/02\/foto-motoriduttori-300x88.jpg 300w, https:\/\/www.solzingranaggi.it\/wp-content\/uploads\/2022\/02\/foto-motoriduttori-768x226.jpg 768w\" sizes=\"(max-width: 850px) 100vw, 850px\" \/>\t\t\t\t\t\t\t\t\t\t\t\t\t\t\t<\/div>\n\t\t\t\t<\/div>\n\t\t\t\t<div class=\"elementor-element elementor-element-e23fdf6 elementor-widget elementor-widget-text-editor\" data-id=\"e23fdf6\" data-element_type=\"widget\" data-e-type=\"widget\" data-widget_type=\"text-editor.default\">\n\t\t\t\t<div class=\"elementor-widget-container\">\n\t\t\t\t\t\t\t\t\t<p><strong>Planetengetriebe der blauen Serie (Durchmesser: 16,22,28,35 und 42 mm)<\/strong><br \/>Unsere Getriebe werden vollst\u00e4ndig in unserer Produktionsst\u00e4tte hergestellt und k\u00f6nnen mit kundenspezifischen Ausgangswellen geliefert werden. Sie k\u00f6nnen mit Standardmotor geliefert oder mit Beistellteilen vom Kunden versehen werden.<br \/>Diese Getriebe k\u00f6nnen Drehmomente von 05, bis 15 Nm haben. Die Reihe enth\u00e4lt verschiedene \u00dcbersetzungen, die speziell auf die vielf\u00e4ltigen Anwendungsgebiete ausgerichtet sind.<br \/>Im Vergleich zu traditionellen Getrieben schaffen wir es kleinere Dimensionen mit gr\u00f6\u00dferer Antriebskraft herzustellen \u2013 mit h\u00f6chster Leistungsst\u00e4rke.<br \/>Das Einsatzgebiet unserer Planentengetriebe der blauen Serie ist dank kundenspezifischer Gr\u00f6\u00dfenanpassung sowie einem guten Preis-Leistungsverh\u00e4ltnis sehr vielf\u00e4ltig.<br \/>Die Zahnr\u00e4der der Getriebe der blauen Serie werden komplett aus Stahl gefertigt und garantieren durch den Einsatz von CNC Verzahnungsmaschinen eine hohe Zuverl\u00e4ssigkeit, Qualit\u00e4t und Ger\u00e4uscharmut<\/p><p><strong>Kleingetriebemotoren der gr\u00fcnen Serie (Durchmesser 30,35, 40 und 42 mm)<br \/><\/strong>Aufgrund ihrer Dimensionen sowie der Gleichstrommotorisierung sind diese Kleingetriebe extrem flexibel und f\u00fcr die verschiedensten Bed\u00fcrfnisse von Antrieben im niedrigen Leistungsbereich.<br \/>Dank der zahlreichen zur Verf\u00fcgung stehenden \u00dcbersetzungen und des optimalen Preis-Leistungsverh\u00e4ltnisses, sind diese kleinen Motorgetriebe unserer gr\u00fcnen Serie \u00e4u\u00dferst vielseitg einsetzbar.<br \/>Einige Bestandteile und Zahnr\u00e4der der Getriebe der gr\u00fcnen Serie werden in gesinterten Materialien oder Kunststoffen hergestellt. In einigen Versionen sind sogenannte \u201cverst\u00e4rkte\u201d Serien erh\u00e4ltlich, die in einigen Bereichen besonders positive Ergebnisse erzielt haben in Best\u00e4ndigkeit, Widerstandsf\u00e4higkeit und Bruchsicherheit.<\/p><p><strong>Parallelachsengetriebe (65&#215;65 oder 70&#215;100)<br \/><\/strong>Unsere Parallelachsengetriebe werden direkt in unserer Produktionsst\u00e4tte gefertigt, montiert und gepr\u00fcft. Sie k\u00f6nnen mit kundenstezifischer Ausgangswelle gefertigt und sind entweder mit Stadardmotor lieferbar k\u00f6nnen mit beigestelltem Motor versehen werden.\u00f9<br \/>Bei diesen Motoren werden \u00dcbersetzungen von 0,5 zu 20 Nm erreicht. Einige Getriebe dieser Reihe sind termisch behandelt, um eine hohe Lebensdauer sowie gute \u00dcbersetzungen zu erzielen.<br \/>Der Einsatzbereich dieser Getriebeboxen ist umfangreich, dank der kundenspezifischen Gr\u00f6\u00dfenanpassung und aufgrund des guten Preis-Leistungsverh\u00e4ltnisses.<br \/>Die Getriebe der roten Serie werden komplett aus Stahlgefertigt und garantieren durch den Einsatz von CNC Verzahnungsmaschinen eine hohe Zuverl\u00e4ssigkeit, Qualit\u00e4t und Ger\u00e4uscharmut.<\/p>\t\t\t\t\t\t\t\t<\/div>\n\t\t\t\t<\/div>\n\t\t\t\t\t<\/div>\n\t\t<\/div>\n\t\t\t\t\t<\/div>\n\t\t<\/section>\n\t\t\t\t<\/div>\n\t\t","protected":false},"excerpt":{"rendered":"<p>Planetengetriebe der blauen Serie (Durchmesser: 16,22,28,35 und 42 mm) Unsere Getriebe werden vollst\u00e4ndig in unserer Produktionsst\u00e4tte hergestellt und k\u00f6nnen mit kundenspezifischen Ausgangswellen geliefert werden. Sie k\u00f6nnen mit Standardmotor geliefert oder mit Beistellteilen vom Kunden versehen werden. Diese Getriebe k\u00f6nnen Drehmomente von 05, bis 15 Nm haben. Die Reihe enth\u00e4lt verschiedene \u00dcbersetzungen, die speziell auf die [&hellip;]<\/p>\n","protected":false},"author":1,"featured_media":0,"parent":1012,"menu_order":0,"comment_status":"closed","ping_status":"closed","template":"","meta":{"footnotes":""},"class_list":["post-1027","page","type-page","status-publish","hentry"],"yoast_head":"<!-- This site is optimized with the Yoast SEO plugin v27.4 - https:\/\/yoast.com\/product\/yoast-seo-wordpress\/ -->\n<title>Getriebemotoren - Solzi Ingranaggi<\/title>\n<meta name=\"robots\" content=\"index, follow, max-snippet:-1, max-image-preview:large, max-video-preview:-1\" \/>\n<link rel=\"canonical\" href=\"https:\/\/www.solzingranaggi.it\/de\/produkte\/getriebemotoren\/\" \/>\n<meta property=\"og:locale\" content=\"de_DE\" \/>\n<meta property=\"og:type\" content=\"article\" \/>\n<meta property=\"og:title\" content=\"Getriebemotoren - Solzi Ingranaggi\" \/>\n<meta property=\"og:description\" content=\"Planetengetriebe der blauen Serie (Durchmesser: 16,22,28,35 und 42 mm) Unsere Getriebe werden vollst\u00e4ndig in unserer Produktionsst\u00e4tte hergestellt und k\u00f6nnen mit kundenspezifischen Ausgangswellen geliefert werden. Sie k\u00f6nnen mit Standardmotor geliefert oder mit Beistellteilen vom Kunden versehen werden. Diese Getriebe k\u00f6nnen Drehmomente von 05, bis 15 Nm haben. Die Reihe enth\u00e4lt verschiedene \u00dcbersetzungen, die speziell auf die [&hellip;]\" \/>\n<meta property=\"og:url\" content=\"https:\/\/www.solzingranaggi.it\/de\/produkte\/getriebemotoren\/\" \/>\n<meta property=\"og:site_name\" content=\"Solzi Ingranaggi\" \/>\n<meta property=\"article:modified_time\" content=\"2022-03-23T11:01:19+00:00\" \/>\n<meta property=\"og:image\" content=\"https:\/\/www.solzingranaggi.it\/wp-content\/uploads\/2022\/02\/foto-motoriduttori.jpg\" \/>\n<meta name=\"twitter:card\" content=\"summary_large_image\" \/>\n<meta name=\"twitter:label1\" content=\"Gesch\u00e4tzte Lesezeit\" \/>\n\t<meta name=\"twitter:data1\" content=\"2\u00a0Minuten\" \/>\n<script type=\"application\/ld+json\" class=\"yoast-schema-graph\">{\"@context\":\"https:\\\/\\\/schema.org\",\"@graph\":[{\"@type\":\"WebPage\",\"@id\":\"https:\\\/\\\/www.solzingranaggi.it\\\/de\\\/produkte\\\/getriebemotoren\\\/\",\"url\":\"https:\\\/\\\/www.solzingranaggi.it\\\/de\\\/produkte\\\/getriebemotoren\\\/\",\"name\":\"Getriebemotoren - Solzi Ingranaggi\",\"isPartOf\":{\"@id\":\"https:\\\/\\\/www.solzingranaggi.it\\\/de\\\/#website\"},\"primaryImageOfPage\":{\"@id\":\"https:\\\/\\\/www.solzingranaggi.it\\\/de\\\/produkte\\\/getriebemotoren\\\/#primaryimage\"},\"image\":{\"@id\":\"https:\\\/\\\/www.solzingranaggi.it\\\/de\\\/produkte\\\/getriebemotoren\\\/#primaryimage\"},\"thumbnailUrl\":\"https:\\\/\\\/www.solzingranaggi.it\\\/wp-content\\\/uploads\\\/2022\\\/02\\\/foto-motoriduttori.jpg\",\"datePublished\":\"2022-02-18T08:26:28+00:00\",\"dateModified\":\"2022-03-23T11:01:19+00:00\",\"breadcrumb\":{\"@id\":\"https:\\\/\\\/www.solzingranaggi.it\\\/de\\\/produkte\\\/getriebemotoren\\\/#breadcrumb\"},\"inLanguage\":\"de\",\"potentialAction\":[{\"@type\":\"ReadAction\",\"target\":[\"https:\\\/\\\/www.solzingranaggi.it\\\/de\\\/produkte\\\/getriebemotoren\\\/\"]}]},{\"@type\":\"ImageObject\",\"inLanguage\":\"de\",\"@id\":\"https:\\\/\\\/www.solzingranaggi.it\\\/de\\\/produkte\\\/getriebemotoren\\\/#primaryimage\",\"url\":\"https:\\\/\\\/www.solzingranaggi.it\\\/wp-content\\\/uploads\\\/2022\\\/02\\\/foto-motoriduttori.jpg\",\"contentUrl\":\"https:\\\/\\\/www.solzingranaggi.it\\\/wp-content\\\/uploads\\\/2022\\\/02\\\/foto-motoriduttori.jpg\"},{\"@type\":\"BreadcrumbList\",\"@id\":\"https:\\\/\\\/www.solzingranaggi.it\\\/de\\\/produkte\\\/getriebemotoren\\\/#breadcrumb\",\"itemListElement\":[{\"@type\":\"ListItem\",\"position\":1,\"name\":\"Home\",\"item\":\"https:\\\/\\\/www.solzingranaggi.it\\\/de\\\/\"},{\"@type\":\"ListItem\",\"position\":2,\"name\":\"Produkte\",\"item\":\"https:\\\/\\\/www.solzingranaggi.it\\\/de\\\/produkte\\\/\"},{\"@type\":\"ListItem\",\"position\":3,\"name\":\"Getriebemotoren\"}]},{\"@type\":\"WebSite\",\"@id\":\"https:\\\/\\\/www.solzingranaggi.it\\\/de\\\/#website\",\"url\":\"https:\\\/\\\/www.solzingranaggi.it\\\/de\\\/\",\"name\":\"Solzi Ingranaggi\",\"description\":\"Progettazione e Produzione di ingranaggi\",\"publisher\":{\"@id\":\"https:\\\/\\\/www.solzingranaggi.it\\\/de\\\/#organization\"},\"potentialAction\":[{\"@type\":\"SearchAction\",\"target\":{\"@type\":\"EntryPoint\",\"urlTemplate\":\"https:\\\/\\\/www.solzingranaggi.it\\\/de\\\/?s={search_term_string}\"},\"query-input\":{\"@type\":\"PropertyValueSpecification\",\"valueRequired\":true,\"valueName\":\"search_term_string\"}}],\"inLanguage\":\"de\"},{\"@type\":\"Organization\",\"@id\":\"https:\\\/\\\/www.solzingranaggi.it\\\/de\\\/#organization\",\"name\":\"Solzi Ingranaggi\",\"url\":\"https:\\\/\\\/www.solzingranaggi.it\\\/de\\\/\",\"logo\":{\"@type\":\"ImageObject\",\"inLanguage\":\"de\",\"@id\":\"https:\\\/\\\/www.solzingranaggi.it\\\/de\\\/#\\\/schema\\\/logo\\\/image\\\/\",\"url\":\"https:\\\/\\\/www.solzingranaggi.it\\\/wp-content\\\/uploads\\\/2022\\\/02\\\/logo.png\",\"contentUrl\":\"https:\\\/\\\/www.solzingranaggi.it\\\/wp-content\\\/uploads\\\/2022\\\/02\\\/logo.png\",\"width\":295,\"height\":112,\"caption\":\"Solzi Ingranaggi\"},\"image\":{\"@id\":\"https:\\\/\\\/www.solzingranaggi.it\\\/de\\\/#\\\/schema\\\/logo\\\/image\\\/\"}}]}<\/script>\n<!-- \/ Yoast SEO plugin. -->","yoast_head_json":{"title":"Getriebemotoren - Solzi Ingranaggi","robots":{"index":"index","follow":"follow","max-snippet":"max-snippet:-1","max-image-preview":"max-image-preview:large","max-video-preview":"max-video-preview:-1"},"canonical":"https:\/\/www.solzingranaggi.it\/de\/produkte\/getriebemotoren\/","og_locale":"de_DE","og_type":"article","og_title":"Getriebemotoren - Solzi Ingranaggi","og_description":"Planetengetriebe der blauen Serie (Durchmesser: 16,22,28,35 und 42 mm) Unsere Getriebe werden vollst\u00e4ndig in unserer Produktionsst\u00e4tte hergestellt und k\u00f6nnen mit kundenspezifischen Ausgangswellen geliefert werden. Sie k\u00f6nnen mit Standardmotor geliefert oder mit Beistellteilen vom Kunden versehen werden. Diese Getriebe k\u00f6nnen Drehmomente von 05, bis 15 Nm haben. Die Reihe enth\u00e4lt verschiedene \u00dcbersetzungen, die speziell auf die [&hellip;]","og_url":"https:\/\/www.solzingranaggi.it\/de\/produkte\/getriebemotoren\/","og_site_name":"Solzi Ingranaggi","article_modified_time":"2022-03-23T11:01:19+00:00","og_image":[{"url":"https:\/\/www.solzingranaggi.it\/wp-content\/uploads\/2022\/02\/foto-motoriduttori.jpg","type":"","width":"","height":""}],"twitter_card":"summary_large_image","twitter_misc":{"Gesch\u00e4tzte Lesezeit":"2\u00a0Minuten"},"schema":{"@context":"https:\/\/schema.org","@graph":[{"@type":"WebPage","@id":"https:\/\/www.solzingranaggi.it\/de\/produkte\/getriebemotoren\/","url":"https:\/\/www.solzingranaggi.it\/de\/produkte\/getriebemotoren\/","name":"Getriebemotoren - Solzi Ingranaggi","isPartOf":{"@id":"https:\/\/www.solzingranaggi.it\/de\/#website"},"primaryImageOfPage":{"@id":"https:\/\/www.solzingranaggi.it\/de\/produkte\/getriebemotoren\/#primaryimage"},"image":{"@id":"https:\/\/www.solzingranaggi.it\/de\/produkte\/getriebemotoren\/#primaryimage"},"thumbnailUrl":"https:\/\/www.solzingranaggi.it\/wp-content\/uploads\/2022\/02\/foto-motoriduttori.jpg","datePublished":"2022-02-18T08:26:28+00:00","dateModified":"2022-03-23T11:01:19+00:00","breadcrumb":{"@id":"https:\/\/www.solzingranaggi.it\/de\/produkte\/getriebemotoren\/#breadcrumb"},"inLanguage":"de","potentialAction":[{"@type":"ReadAction","target":["https:\/\/www.solzingranaggi.it\/de\/produkte\/getriebemotoren\/"]}]},{"@type":"ImageObject","inLanguage":"de","@id":"https:\/\/www.solzingranaggi.it\/de\/produkte\/getriebemotoren\/#primaryimage","url":"https:\/\/www.solzingranaggi.it\/wp-content\/uploads\/2022\/02\/foto-motoriduttori.jpg","contentUrl":"https:\/\/www.solzingranaggi.it\/wp-content\/uploads\/2022\/02\/foto-motoriduttori.jpg"},{"@type":"BreadcrumbList","@id":"https:\/\/www.solzingranaggi.it\/de\/produkte\/getriebemotoren\/#breadcrumb","itemListElement":[{"@type":"ListItem","position":1,"name":"Home","item":"https:\/\/www.solzingranaggi.it\/de\/"},{"@type":"ListItem","position":2,"name":"Produkte","item":"https:\/\/www.solzingranaggi.it\/de\/produkte\/"},{"@type":"ListItem","position":3,"name":"Getriebemotoren"}]},{"@type":"WebSite","@id":"https:\/\/www.solzingranaggi.it\/de\/#website","url":"https:\/\/www.solzingranaggi.it\/de\/","name":"Solzi Ingranaggi","description":"Progettazione e Produzione di ingranaggi","publisher":{"@id":"https:\/\/www.solzingranaggi.it\/de\/#organization"},"potentialAction":[{"@type":"SearchAction","target":{"@type":"EntryPoint","urlTemplate":"https:\/\/www.solzingranaggi.it\/de\/?s={search_term_string}"},"query-input":{"@type":"PropertyValueSpecification","valueRequired":true,"valueName":"search_term_string"}}],"inLanguage":"de"},{"@type":"Organization","@id":"https:\/\/www.solzingranaggi.it\/de\/#organization","name":"Solzi Ingranaggi","url":"https:\/\/www.solzingranaggi.it\/de\/","logo":{"@type":"ImageObject","inLanguage":"de","@id":"https:\/\/www.solzingranaggi.it\/de\/#\/schema\/logo\/image\/","url":"https:\/\/www.solzingranaggi.it\/wp-content\/uploads\/2022\/02\/logo.png","contentUrl":"https:\/\/www.solzingranaggi.it\/wp-content\/uploads\/2022\/02\/logo.png","width":295,"height":112,"caption":"Solzi Ingranaggi"},"image":{"@id":"https:\/\/www.solzingranaggi.it\/de\/#\/schema\/logo\/image\/"}}]}},"_links":{"self":[{"href":"https:\/\/www.solzingranaggi.it\/de\/wp-json\/wp\/v2\/pages\/1027","targetHints":{"allow":["GET"]}}],"collection":[{"href":"https:\/\/www.solzingranaggi.it\/de\/wp-json\/wp\/v2\/pages"}],"about":[{"href":"https:\/\/www.solzingranaggi.it\/de\/wp-json\/wp\/v2\/types\/page"}],"author":[{"embeddable":true,"href":"https:\/\/www.solzingranaggi.it\/de\/wp-json\/wp\/v2\/users\/1"}],"replies":[{"embeddable":true,"href":"https:\/\/www.solzingranaggi.it\/de\/wp-json\/wp\/v2\/comments?post=1027"}],"version-history":[{"count":0,"href":"https:\/\/www.solzingranaggi.it\/de\/wp-json\/wp\/v2\/pages\/1027\/revisions"}],"up":[{"embeddable":true,"href":"https:\/\/www.solzingranaggi.it\/de\/wp-json\/wp\/v2\/pages\/1012"}],"wp:attachment":[{"href":"https:\/\/www.solzingranaggi.it\/de\/wp-json\/wp\/v2\/media?parent=1027"}],"curies":[{"name":"wp","href":"https:\/\/api.w.org\/{rel}","templated":true}]}}