{"id":1034,"date":"2022-02-15T15:59:04","date_gmt":"2022-02-15T14:59:04","guid":{"rendered":"http:\/\/staging.solzingranaggi.it\/produzione\/"},"modified":"2023-11-21T14:44:46","modified_gmt":"2023-11-21T13:44:46","slug":"produktion","status":"publish","type":"page","link":"https:\/\/www.solzingranaggi.it\/de\/produktion\/","title":{"rendered":"Produktion"},"content":{"rendered":"\t\t<div data-elementor-type=\"wp-page\" data-elementor-id=\"1034\" class=\"elementor elementor-1034 elementor-93\" data-elementor-post-type=\"page\">\n\t\t\t\t\t\t<section data-particle_enable=\"false\" data-particle-mobile-disabled=\"false\" class=\"elementor-section elementor-top-section elementor-element elementor-element-0b7b6bb elementor-section-boxed elementor-section-height-default elementor-section-height-default\" data-id=\"0b7b6bb\" data-element_type=\"section\" data-e-type=\"section\">\n\t\t\t\t\t\t<div class=\"elementor-container elementor-column-gap-default\">\n\t\t\t\t\t<div class=\"elementor-column elementor-col-100 elementor-top-column elementor-element elementor-element-cf33018\" data-id=\"cf33018\" data-element_type=\"column\" data-e-type=\"column\">\n\t\t\t<div class=\"elementor-widget-wrap elementor-element-populated\">\n\t\t\t\t\t\t<div class=\"elementor-element elementor-element-974d00d elementor-widget elementor-widget-heading\" data-id=\"974d00d\" data-element_type=\"widget\" data-e-type=\"widget\" data-widget_type=\"heading.default\">\n\t\t\t\t<div class=\"elementor-widget-container\">\n\t\t\t\t\t<h2 class=\"elementor-heading-title elementor-size-default\"><span style=\"white-space: normal\">Produktion<\/span><\/h2>\t\t\t\t<\/div>\n\t\t\t\t<\/div>\n\t\t\t\t<div class=\"elementor-element elementor-element-9a26edd elementor-widget elementor-widget-text-editor\" data-id=\"9a26edd\" data-element_type=\"widget\" data-e-type=\"widget\" data-widget_type=\"text-editor.default\">\n\t\t\t\t<div class=\"elementor-widget-container\">\n\t\t\t\t\t\t\t\t\t<p><strong>Unsere technischen Gegebenheiten:<br \/><\/strong><\/p><p>In unserem technisch modernen Maschinenpark f\u00fchren wir verschiedenste Arbeiten durch:<\/p><p>Verzahnung, Drehen und Fr\u00e4sen sowie auch erg\u00e4nzende T\u00e4tigkeiten wie Gewindeschneiden, Bohren und Montage. Dar\u00fcber hinaus k\u00f6nnen weitere Bearbeitungs- und Veredelungsprozesse angeboten werden: Schleifen und Polieren, thermische und galvanische Behandlungen sowie Bruchtests.<\/p><p>Durch regelm\u00e4\u00dfige Schulungen unserer Mitarbeiter sind wir technisch stets auf dem neuesten Stand. Technisches Wissen, Erfahrung und Sorgfalt im handwerklichen Prozess machen unser Unternehmen zu einem wertvollen Partner f\u00fcr Ihre spezifischen Anforderungen.<\/p><p><strong>Wir bieten die Herstellung folgender Produkte:\u00a0<\/strong><\/p><ul><li>Zahnr\u00e4der<\/li><li>Endlosschrauben<\/li><li>Zahnriemenscheiben und Trapezgewinde<\/li><li>Verzahnte Wellen f\u00fcr Elektromotoren<\/li><li>Kundenspezifische Verzahnung an Beistellteilen der Kunden<\/li><li>Innenverzahnung mittels R\u00e4umnadel<\/li><li>Kleinteilerzeugnisse<\/li><li>Getriebeboxen<\/li><li>Planetengetriebe<\/li><\/ul><p>\u00a0<\/p><p><strong>Unser Maschinenpark besteht aus:<\/strong><\/p><ul><li>CNC &#8211; Verzahnungsmaschinen<\/li><li>Konventionelle Verzahnungsmaschinen<\/li><li>CNC \u2013 Drehmaschinen mit festem Spindelstock<\/li><li>Nachbearbeitungsdrehmaschinen<\/li><li>F\u00fcgepressen, pneumatisch und hydropneumatisch<\/li><li>Manuelle Pressen<\/li><li>Nietmaschinen<\/li><li>Gewindeschneidemaschinen<\/li><li>St\u00e4nderbohrmaschinen<\/li><li>Ultraschall-Reinigungssystme<\/li><\/ul><p>\u00a0<\/p><p><strong>Sektoren:<\/strong><\/p><ul><li>Automatisierung<\/li><li>Elektrowerkzeuge<\/li><li>Kleingetriebe<\/li><li>Mechanische Ventilsteuerungen<\/li><li>Medizinischer Sektor<\/li><li>Messtechnik<\/li><li>Robotik<\/li><li>Stellantriebe<\/li><li>Torantriebe, Glast\u00fcrantriebe<\/li><\/ul>\t\t\t\t\t\t\t\t<\/div>\n\t\t\t\t<\/div>\n\t\t\t\t\t<\/div>\n\t\t<\/div>\n\t\t\t\t\t<\/div>\n\t\t<\/section>\n\t\t\t\t<section data-particle_enable=\"false\" data-particle-mobile-disabled=\"false\" class=\"elementor-section elementor-top-section elementor-element elementor-element-3a55306 elementor-section-boxed elementor-section-height-default elementor-section-height-default\" data-id=\"3a55306\" data-element_type=\"section\" data-e-type=\"section\">\n\t\t\t\t\t\t<div class=\"elementor-container elementor-column-gap-default\">\n\t\t\t\t\t<div class=\"elementor-column elementor-col-100 elementor-top-column elementor-element elementor-element-ade5d30\" data-id=\"ade5d30\" data-element_type=\"column\" data-e-type=\"column\">\n\t\t\t<div class=\"elementor-widget-wrap elementor-element-populated\">\n\t\t\t\t\t\t<div class=\"elementor-element elementor-element-b5d4127 gallery-spacing-custom elementor-widget elementor-widget-image-gallery\" data-id=\"b5d4127\" data-element_type=\"widget\" data-e-type=\"widget\" data-widget_type=\"image-gallery.default\">\n\t\t\t\t<div class=\"elementor-widget-container\">\n\t\t\t\t\t\t\t<div class=\"elementor-image-gallery\">\n\t\t\t<div id='gallery-1' class='gallery galleryid-1034 gallery-columns-4 gallery-size-thumbnail'><figure class='gallery-item'>\n\t\t\t<div class='gallery-icon landscape'>\n\t\t\t\t<a data-elementor-open-lightbox=\"yes\" data-elementor-lightbox-slideshow=\"b5d4127\" data-elementor-lightbox-title=\"Produzione-3\" data-e-action-hash=\"#elementor-action%3Aaction%3Dlightbox%26settings%3DeyJpZCI6NTQzLCJ1cmwiOiJodHRwczpcL1wvd3d3LnNvbHppbmdyYW5hZ2dpLml0XC93cC1jb250ZW50XC91cGxvYWRzXC8yMDIyXC8wMlwvUHJvZHV6aW9uZS0zLmpwZyIsInNsaWRlc2hvdyI6ImI1ZDQxMjcifQ%3D%3D\" href='https:\/\/www.solzingranaggi.it\/wp-content\/uploads\/2022\/02\/Produzione-3.jpg'><img fetchpriority=\"high\" decoding=\"async\" width=\"300\" height=\"300\" src=\"https:\/\/www.solzingranaggi.it\/wp-content\/uploads\/2022\/02\/Produzione-3-300x300.jpg\" class=\"attachment-thumbnail size-thumbnail\" alt=\"\" \/><\/a>\n\t\t\t<\/div><\/figure><figure class='gallery-item'>\n\t\t\t<div class='gallery-icon landscape'>\n\t\t\t\t<a data-elementor-open-lightbox=\"yes\" data-elementor-lightbox-slideshow=\"b5d4127\" data-elementor-lightbox-title=\"Produzione-4\" data-e-action-hash=\"#elementor-action%3Aaction%3Dlightbox%26settings%3DeyJpZCI6NTQ1LCJ1cmwiOiJodHRwczpcL1wvd3d3LnNvbHppbmdyYW5hZ2dpLml0XC93cC1jb250ZW50XC91cGxvYWRzXC8yMDIyXC8wMlwvUHJvZHV6aW9uZS00LmpwZyIsInNsaWRlc2hvdyI6ImI1ZDQxMjcifQ%3D%3D\" href='https:\/\/www.solzingranaggi.it\/wp-content\/uploads\/2022\/02\/Produzione-4.jpg'><img decoding=\"async\" width=\"300\" height=\"300\" src=\"https:\/\/www.solzingranaggi.it\/wp-content\/uploads\/2022\/02\/Produzione-4-300x300.jpg\" class=\"attachment-thumbnail size-thumbnail\" alt=\"\" \/><\/a>\n\t\t\t<\/div><\/figure><figure class='gallery-item'>\n\t\t\t<div class='gallery-icon landscape'>\n\t\t\t\t<a data-elementor-open-lightbox=\"yes\" data-elementor-lightbox-slideshow=\"b5d4127\" data-elementor-lightbox-title=\"Produzione-1\" data-e-action-hash=\"#elementor-action%3Aaction%3Dlightbox%26settings%3DeyJpZCI6NTQ3LCJ1cmwiOiJodHRwczpcL1wvd3d3LnNvbHppbmdyYW5hZ2dpLml0XC93cC1jb250ZW50XC91cGxvYWRzXC8yMDIyXC8wMlwvUHJvZHV6aW9uZS0xLmpwZyIsInNsaWRlc2hvdyI6ImI1ZDQxMjcifQ%3D%3D\" href='https:\/\/www.solzingranaggi.it\/wp-content\/uploads\/2022\/02\/Produzione-1.jpg'><img decoding=\"async\" width=\"300\" height=\"300\" src=\"https:\/\/www.solzingranaggi.it\/wp-content\/uploads\/2022\/02\/Produzione-1-300x300.jpg\" class=\"attachment-thumbnail size-thumbnail\" alt=\"\" \/><\/a>\n\t\t\t<\/div><\/figure><figure class='gallery-item'>\n\t\t\t<div class='gallery-icon landscape'>\n\t\t\t\t<a data-elementor-open-lightbox=\"yes\" data-elementor-lightbox-slideshow=\"b5d4127\" data-elementor-lightbox-title=\"Dentatrice Ingranaggi K160\" data-e-action-hash=\"#elementor-action%3Aaction%3Dlightbox%26settings%3DeyJpZCI6OTYzLCJ1cmwiOiJodHRwczpcL1wvd3d3LnNvbHppbmdyYW5hZ2dpLml0XC93cC1jb250ZW50XC91cGxvYWRzXC8yMDIyXC8wM1wvRGVudGF0cmljZS1JbmdyYW5hZ2dpLUsxNjAtc2NhbGVkLmpwZyIsInNsaWRlc2hvdyI6ImI1ZDQxMjcifQ%3D%3D\" href='https:\/\/www.solzingranaggi.it\/wp-content\/uploads\/2022\/03\/Dentatrice-Ingranaggi-K160-scaled.jpg'><img loading=\"lazy\" decoding=\"async\" width=\"300\" height=\"300\" src=\"https:\/\/www.solzingranaggi.it\/wp-content\/uploads\/2022\/03\/Dentatrice-Ingranaggi-K160-300x300.jpg\" class=\"attachment-thumbnail size-thumbnail\" alt=\"\" \/><\/a>\n\t\t\t<\/div><\/figure>\n\t\t<\/div>\n\t\t<\/div>\n\t\t\t\t\t\t<\/div>\n\t\t\t\t<\/div>\n\t\t\t\t\t<\/div>\n\t\t<\/div>\n\t\t\t\t\t<\/div>\n\t\t<\/section>\n\t\t\t\t<\/div>\n\t\t","protected":false},"excerpt":{"rendered":"<p>Produktion Unsere technischen Gegebenheiten: In unserem technisch modernen Maschinenpark f\u00fchren wir verschiedenste Arbeiten durch: Verzahnung, Drehen und Fr\u00e4sen sowie auch erg\u00e4nzende T\u00e4tigkeiten wie Gewindeschneiden, Bohren und Montage. Dar\u00fcber hinaus k\u00f6nnen weitere Bearbeitungs- und Veredelungsprozesse angeboten werden: Schleifen und Polieren, thermische und galvanische Behandlungen sowie Bruchtests. Durch regelm\u00e4\u00dfige Schulungen unserer Mitarbeiter sind wir technisch stets auf [&hellip;]<\/p>\n","protected":false},"author":1,"featured_media":0,"parent":0,"menu_order":0,"comment_status":"closed","ping_status":"closed","template":"","meta":{"footnotes":""},"class_list":["post-1034","page","type-page","status-publish","hentry"],"yoast_head":"<!-- This site is optimized with the Yoast SEO plugin v27.4 - https:\/\/yoast.com\/product\/yoast-seo-wordpress\/ -->\n<title>Produktion - Solzi Ingranaggi<\/title>\n<meta name=\"robots\" content=\"index, follow, max-snippet:-1, max-image-preview:large, max-video-preview:-1\" \/>\n<link rel=\"canonical\" href=\"https:\/\/www.solzingranaggi.it\/de\/produktion\/\" \/>\n<meta property=\"og:locale\" content=\"de_DE\" \/>\n<meta property=\"og:type\" content=\"article\" \/>\n<meta property=\"og:title\" content=\"Produktion - Solzi Ingranaggi\" \/>\n<meta property=\"og:description\" content=\"Produktion Unsere technischen Gegebenheiten: In unserem technisch modernen Maschinenpark f\u00fchren wir verschiedenste Arbeiten durch: Verzahnung, Drehen und Fr\u00e4sen sowie auch erg\u00e4nzende T\u00e4tigkeiten wie Gewindeschneiden, Bohren und Montage. Dar\u00fcber hinaus k\u00f6nnen weitere Bearbeitungs- und Veredelungsprozesse angeboten werden: Schleifen und Polieren, thermische und galvanische Behandlungen sowie Bruchtests. Durch regelm\u00e4\u00dfige Schulungen unserer Mitarbeiter sind wir technisch stets auf [&hellip;]\" \/>\n<meta property=\"og:url\" content=\"https:\/\/www.solzingranaggi.it\/de\/produktion\/\" \/>\n<meta property=\"og:site_name\" content=\"Solzi Ingranaggi\" \/>\n<meta property=\"article:modified_time\" content=\"2023-11-21T13:44:46+00:00\" \/>\n<meta property=\"og:image\" content=\"https:\/\/www.solzingranaggi.it\/wp-content\/uploads\/2022\/02\/Produzione-3-300x300.jpg\" \/>\n<meta name=\"twitter:card\" content=\"summary_large_image\" \/>\n<meta name=\"twitter:label1\" content=\"Gesch\u00e4tzte Lesezeit\" \/>\n\t<meta name=\"twitter:data1\" content=\"2\u00a0Minuten\" \/>\n<script type=\"application\/ld+json\" class=\"yoast-schema-graph\">{\"@context\":\"https:\\\/\\\/schema.org\",\"@graph\":[{\"@type\":\"WebPage\",\"@id\":\"https:\\\/\\\/www.solzingranaggi.it\\\/de\\\/produktion\\\/\",\"url\":\"https:\\\/\\\/www.solzingranaggi.it\\\/de\\\/produktion\\\/\",\"name\":\"Produktion - Solzi Ingranaggi\",\"isPartOf\":{\"@id\":\"https:\\\/\\\/www.solzingranaggi.it\\\/de\\\/#website\"},\"primaryImageOfPage\":{\"@id\":\"https:\\\/\\\/www.solzingranaggi.it\\\/de\\\/produktion\\\/#primaryimage\"},\"image\":{\"@id\":\"https:\\\/\\\/www.solzingranaggi.it\\\/de\\\/produktion\\\/#primaryimage\"},\"thumbnailUrl\":\"https:\\\/\\\/www.solzingranaggi.it\\\/wp-content\\\/uploads\\\/2022\\\/02\\\/Produzione-3-300x300.jpg\",\"datePublished\":\"2022-02-15T14:59:04+00:00\",\"dateModified\":\"2023-11-21T13:44:46+00:00\",\"breadcrumb\":{\"@id\":\"https:\\\/\\\/www.solzingranaggi.it\\\/de\\\/produktion\\\/#breadcrumb\"},\"inLanguage\":\"de\",\"potentialAction\":[{\"@type\":\"ReadAction\",\"target\":[\"https:\\\/\\\/www.solzingranaggi.it\\\/de\\\/produktion\\\/\"]}]},{\"@type\":\"ImageObject\",\"inLanguage\":\"de\",\"@id\":\"https:\\\/\\\/www.solzingranaggi.it\\\/de\\\/produktion\\\/#primaryimage\",\"url\":\"https:\\\/\\\/www.solzingranaggi.it\\\/wp-content\\\/uploads\\\/2022\\\/02\\\/Produzione-3-300x300.jpg\",\"contentUrl\":\"https:\\\/\\\/www.solzingranaggi.it\\\/wp-content\\\/uploads\\\/2022\\\/02\\\/Produzione-3-300x300.jpg\"},{\"@type\":\"BreadcrumbList\",\"@id\":\"https:\\\/\\\/www.solzingranaggi.it\\\/de\\\/produktion\\\/#breadcrumb\",\"itemListElement\":[{\"@type\":\"ListItem\",\"position\":1,\"name\":\"Home\",\"item\":\"https:\\\/\\\/www.solzingranaggi.it\\\/de\\\/\"},{\"@type\":\"ListItem\",\"position\":2,\"name\":\"Produktion\"}]},{\"@type\":\"WebSite\",\"@id\":\"https:\\\/\\\/www.solzingranaggi.it\\\/de\\\/#website\",\"url\":\"https:\\\/\\\/www.solzingranaggi.it\\\/de\\\/\",\"name\":\"Solzi Ingranaggi\",\"description\":\"Progettazione e Produzione di ingranaggi\",\"publisher\":{\"@id\":\"https:\\\/\\\/www.solzingranaggi.it\\\/de\\\/#organization\"},\"potentialAction\":[{\"@type\":\"SearchAction\",\"target\":{\"@type\":\"EntryPoint\",\"urlTemplate\":\"https:\\\/\\\/www.solzingranaggi.it\\\/de\\\/?s={search_term_string}\"},\"query-input\":{\"@type\":\"PropertyValueSpecification\",\"valueRequired\":true,\"valueName\":\"search_term_string\"}}],\"inLanguage\":\"de\"},{\"@type\":\"Organization\",\"@id\":\"https:\\\/\\\/www.solzingranaggi.it\\\/de\\\/#organization\",\"name\":\"Solzi Ingranaggi\",\"url\":\"https:\\\/\\\/www.solzingranaggi.it\\\/de\\\/\",\"logo\":{\"@type\":\"ImageObject\",\"inLanguage\":\"de\",\"@id\":\"https:\\\/\\\/www.solzingranaggi.it\\\/de\\\/#\\\/schema\\\/logo\\\/image\\\/\",\"url\":\"https:\\\/\\\/www.solzingranaggi.it\\\/wp-content\\\/uploads\\\/2022\\\/02\\\/logo.png\",\"contentUrl\":\"https:\\\/\\\/www.solzingranaggi.it\\\/wp-content\\\/uploads\\\/2022\\\/02\\\/logo.png\",\"width\":295,\"height\":112,\"caption\":\"Solzi Ingranaggi\"},\"image\":{\"@id\":\"https:\\\/\\\/www.solzingranaggi.it\\\/de\\\/#\\\/schema\\\/logo\\\/image\\\/\"}}]}<\/script>\n<!-- \/ Yoast SEO plugin. -->","yoast_head_json":{"title":"Produktion - Solzi Ingranaggi","robots":{"index":"index","follow":"follow","max-snippet":"max-snippet:-1","max-image-preview":"max-image-preview:large","max-video-preview":"max-video-preview:-1"},"canonical":"https:\/\/www.solzingranaggi.it\/de\/produktion\/","og_locale":"de_DE","og_type":"article","og_title":"Produktion - Solzi Ingranaggi","og_description":"Produktion Unsere technischen Gegebenheiten: In unserem technisch modernen Maschinenpark f\u00fchren wir verschiedenste Arbeiten durch: Verzahnung, Drehen und Fr\u00e4sen sowie auch erg\u00e4nzende T\u00e4tigkeiten wie Gewindeschneiden, Bohren und Montage. Dar\u00fcber hinaus k\u00f6nnen weitere Bearbeitungs- und Veredelungsprozesse angeboten werden: Schleifen und Polieren, thermische und galvanische Behandlungen sowie Bruchtests. Durch regelm\u00e4\u00dfige Schulungen unserer Mitarbeiter sind wir technisch stets auf [&hellip;]","og_url":"https:\/\/www.solzingranaggi.it\/de\/produktion\/","og_site_name":"Solzi Ingranaggi","article_modified_time":"2023-11-21T13:44:46+00:00","og_image":[{"url":"https:\/\/www.solzingranaggi.it\/wp-content\/uploads\/2022\/02\/Produzione-3-300x300.jpg","type":"","width":"","height":""}],"twitter_card":"summary_large_image","twitter_misc":{"Gesch\u00e4tzte Lesezeit":"2\u00a0Minuten"},"schema":{"@context":"https:\/\/schema.org","@graph":[{"@type":"WebPage","@id":"https:\/\/www.solzingranaggi.it\/de\/produktion\/","url":"https:\/\/www.solzingranaggi.it\/de\/produktion\/","name":"Produktion - Solzi Ingranaggi","isPartOf":{"@id":"https:\/\/www.solzingranaggi.it\/de\/#website"},"primaryImageOfPage":{"@id":"https:\/\/www.solzingranaggi.it\/de\/produktion\/#primaryimage"},"image":{"@id":"https:\/\/www.solzingranaggi.it\/de\/produktion\/#primaryimage"},"thumbnailUrl":"https:\/\/www.solzingranaggi.it\/wp-content\/uploads\/2022\/02\/Produzione-3-300x300.jpg","datePublished":"2022-02-15T14:59:04+00:00","dateModified":"2023-11-21T13:44:46+00:00","breadcrumb":{"@id":"https:\/\/www.solzingranaggi.it\/de\/produktion\/#breadcrumb"},"inLanguage":"de","potentialAction":[{"@type":"ReadAction","target":["https:\/\/www.solzingranaggi.it\/de\/produktion\/"]}]},{"@type":"ImageObject","inLanguage":"de","@id":"https:\/\/www.solzingranaggi.it\/de\/produktion\/#primaryimage","url":"https:\/\/www.solzingranaggi.it\/wp-content\/uploads\/2022\/02\/Produzione-3-300x300.jpg","contentUrl":"https:\/\/www.solzingranaggi.it\/wp-content\/uploads\/2022\/02\/Produzione-3-300x300.jpg"},{"@type":"BreadcrumbList","@id":"https:\/\/www.solzingranaggi.it\/de\/produktion\/#breadcrumb","itemListElement":[{"@type":"ListItem","position":1,"name":"Home","item":"https:\/\/www.solzingranaggi.it\/de\/"},{"@type":"ListItem","position":2,"name":"Produktion"}]},{"@type":"WebSite","@id":"https:\/\/www.solzingranaggi.it\/de\/#website","url":"https:\/\/www.solzingranaggi.it\/de\/","name":"Solzi Ingranaggi","description":"Progettazione e Produzione di ingranaggi","publisher":{"@id":"https:\/\/www.solzingranaggi.it\/de\/#organization"},"potentialAction":[{"@type":"SearchAction","target":{"@type":"EntryPoint","urlTemplate":"https:\/\/www.solzingranaggi.it\/de\/?s={search_term_string}"},"query-input":{"@type":"PropertyValueSpecification","valueRequired":true,"valueName":"search_term_string"}}],"inLanguage":"de"},{"@type":"Organization","@id":"https:\/\/www.solzingranaggi.it\/de\/#organization","name":"Solzi Ingranaggi","url":"https:\/\/www.solzingranaggi.it\/de\/","logo":{"@type":"ImageObject","inLanguage":"de","@id":"https:\/\/www.solzingranaggi.it\/de\/#\/schema\/logo\/image\/","url":"https:\/\/www.solzingranaggi.it\/wp-content\/uploads\/2022\/02\/logo.png","contentUrl":"https:\/\/www.solzingranaggi.it\/wp-content\/uploads\/2022\/02\/logo.png","width":295,"height":112,"caption":"Solzi Ingranaggi"},"image":{"@id":"https:\/\/www.solzingranaggi.it\/de\/#\/schema\/logo\/image\/"}}]}},"_links":{"self":[{"href":"https:\/\/www.solzingranaggi.it\/de\/wp-json\/wp\/v2\/pages\/1034","targetHints":{"allow":["GET"]}}],"collection":[{"href":"https:\/\/www.solzingranaggi.it\/de\/wp-json\/wp\/v2\/pages"}],"about":[{"href":"https:\/\/www.solzingranaggi.it\/de\/wp-json\/wp\/v2\/types\/page"}],"author":[{"embeddable":true,"href":"https:\/\/www.solzingranaggi.it\/de\/wp-json\/wp\/v2\/users\/1"}],"replies":[{"embeddable":true,"href":"https:\/\/www.solzingranaggi.it\/de\/wp-json\/wp\/v2\/comments?post=1034"}],"version-history":[{"count":3,"href":"https:\/\/www.solzingranaggi.it\/de\/wp-json\/wp\/v2\/pages\/1034\/revisions"}],"predecessor-version":[{"id":2705,"href":"https:\/\/www.solzingranaggi.it\/de\/wp-json\/wp\/v2\/pages\/1034\/revisions\/2705"}],"wp:attachment":[{"href":"https:\/\/www.solzingranaggi.it\/de\/wp-json\/wp\/v2\/media?parent=1034"}],"curies":[{"name":"wp","href":"https:\/\/api.w.org\/{rel}","templated":true}]}}