{"id":1041,"date":"2022-02-15T15:59:14","date_gmt":"2022-02-15T14:59:14","guid":{"rendered":"http:\/\/staging.solzingranaggi.it\/progettazione\/"},"modified":"2022-03-23T11:57:59","modified_gmt":"2022-03-23T10:57:59","slug":"entwicklung","status":"publish","type":"page","link":"https:\/\/www.solzingranaggi.it\/de\/entwicklung\/","title":{"rendered":"Entwicklung"},"content":{"rendered":"\t\t<div data-elementor-type=\"wp-page\" data-elementor-id=\"1041\" class=\"elementor elementor-1041 elementor-95\" data-elementor-post-type=\"page\">\n\t\t\t\t\t\t<section data-particle_enable=\"false\" data-particle-mobile-disabled=\"false\" class=\"elementor-section elementor-top-section elementor-element elementor-element-995495a elementor-section-boxed elementor-section-height-default elementor-section-height-default\" data-id=\"995495a\" data-element_type=\"section\" data-e-type=\"section\">\n\t\t\t\t\t\t<div class=\"elementor-container elementor-column-gap-default\">\n\t\t\t\t\t<div class=\"elementor-column elementor-col-100 elementor-top-column elementor-element elementor-element-7175212\" data-id=\"7175212\" data-element_type=\"column\" data-e-type=\"column\">\n\t\t\t<div class=\"elementor-widget-wrap elementor-element-populated\">\n\t\t\t\t\t\t<div class=\"elementor-element elementor-element-fd8fa53 elementor-widget elementor-widget-heading\" data-id=\"fd8fa53\" data-element_type=\"widget\" data-e-type=\"widget\" data-widget_type=\"heading.default\">\n\t\t\t\t<div class=\"elementor-widget-container\">\n\t\t\t\t\t<h2 class=\"elementor-heading-title elementor-size-default\">Entwicklung<\/h2>\t\t\t\t<\/div>\n\t\t\t\t<\/div>\n\t\t\t\t<div class=\"elementor-element elementor-element-e46b114 elementor-widget elementor-widget-text-editor\" data-id=\"e46b114\" data-element_type=\"widget\" data-e-type=\"widget\" data-widget_type=\"text-editor.default\">\n\t\t\t\t<div class=\"elementor-widget-container\">\n\t\t\t\t\t\t\t\t\t<p>Die kundenspezifische Produktentwicklung ist unsere St\u00e4rke.<\/p><p>Unsere langj\u00e4hrige Erfahrung auf diesem Gebiet und unsere technische Kompetenz greifen hier ineinander. Durch den Einsatz von 3D-Design-Software und Programmen zur Berechnung von Dimensionierung und Dynamik, sind wir insbesondere f\u00fcr Unternehmen ein wertvoller Ansprechpartner, die eine spezielle Antriebsberechnung von Zahnr\u00e4dern oder eine umfassende Beratung bei der Umsetzung von Getriebemotoren sowie von Automatisierungen verschiedener Art ben\u00f6tigen.<\/p><p>Alle Entwicklungsphasen werden von uns zur Fehlervermeidung und Pr\u00e4vention von Verz\u00f6gerungen \u00fcberwacht.<\/p>\t\t\t\t\t\t\t\t<\/div>\n\t\t\t\t<\/div>\n\t\t\t\t\t<\/div>\n\t\t<\/div>\n\t\t\t\t\t<\/div>\n\t\t<\/section>\n\t\t\t\t<section data-particle_enable=\"false\" data-particle-mobile-disabled=\"false\" class=\"elementor-section elementor-top-section elementor-element elementor-element-8d27022 elementor-section-boxed elementor-section-height-default elementor-section-height-default\" data-id=\"8d27022\" data-element_type=\"section\" data-e-type=\"section\">\n\t\t\t\t\t\t<div class=\"elementor-container elementor-column-gap-default\">\n\t\t\t\t\t<div class=\"elementor-column elementor-col-100 elementor-top-column elementor-element elementor-element-6e74b8f\" data-id=\"6e74b8f\" data-element_type=\"column\" data-e-type=\"column\">\n\t\t\t<div class=\"elementor-widget-wrap elementor-element-populated\">\n\t\t\t\t\t\t<div class=\"elementor-element elementor-element-8f6b131 gallery-spacing-custom elementor-widget elementor-widget-image-gallery\" data-id=\"8f6b131\" data-element_type=\"widget\" data-e-type=\"widget\" data-widget_type=\"image-gallery.default\">\n\t\t\t\t<div class=\"elementor-widget-container\">\n\t\t\t\t\t\t\t<div class=\"elementor-image-gallery\">\n\t\t\t<div id='gallery-1' class='gallery galleryid-1041 gallery-columns-4 gallery-size-thumbnail'><figure class='gallery-item'>\n\t\t\t<div class='gallery-icon landscape'>\n\t\t\t\t<a data-elementor-open-lightbox=\"yes\" data-elementor-lightbox-slideshow=\"8f6b131\" data-elementor-lightbox-title=\"Progettazione-2\" data-e-action-hash=\"#elementor-action%3Aaction%3Dlightbox%26settings%3DeyJpZCI6NTUzLCJ1cmwiOiJodHRwczpcL1wvd3d3LnNvbHppbmdyYW5hZ2dpLml0XC93cC1jb250ZW50XC91cGxvYWRzXC8yMDIyXC8wMlwvUHJvZ2V0dGF6aW9uZS0yLmpwZyIsInNsaWRlc2hvdyI6IjhmNmIxMzEifQ%3D%3D\" href='https:\/\/www.solzingranaggi.it\/wp-content\/uploads\/2022\/02\/Progettazione-2.jpg'><img fetchpriority=\"high\" decoding=\"async\" width=\"300\" height=\"300\" src=\"https:\/\/www.solzingranaggi.it\/wp-content\/uploads\/2022\/02\/Progettazione-2-300x300.jpg\" class=\"attachment-thumbnail size-thumbnail\" alt=\"\" \/><\/a>\n\t\t\t<\/div><\/figure><figure class='gallery-item'>\n\t\t\t<div class='gallery-icon landscape'>\n\t\t\t\t<a data-elementor-open-lightbox=\"yes\" data-elementor-lightbox-slideshow=\"8f6b131\" data-elementor-lightbox-title=\"Progettazione\" data-e-action-hash=\"#elementor-action%3Aaction%3Dlightbox%26settings%3DeyJpZCI6NTUxLCJ1cmwiOiJodHRwczpcL1wvd3d3LnNvbHppbmdyYW5hZ2dpLml0XC93cC1jb250ZW50XC91cGxvYWRzXC8yMDIyXC8wMlwvUHJvZ2V0dGF6aW9uZS5qcGciLCJzbGlkZXNob3ciOiI4ZjZiMTMxIn0%3D\" href='https:\/\/www.solzingranaggi.it\/wp-content\/uploads\/2022\/02\/Progettazione.jpg'><img decoding=\"async\" width=\"300\" height=\"300\" src=\"https:\/\/www.solzingranaggi.it\/wp-content\/uploads\/2022\/02\/Progettazione-300x300.jpg\" class=\"attachment-thumbnail size-thumbnail\" alt=\"\" \/><\/a>\n\t\t\t<\/div><\/figure><figure class='gallery-item'>\n\t\t\t<div class='gallery-icon landscape'>\n\t\t\t\t<a data-elementor-open-lightbox=\"yes\" data-elementor-lightbox-slideshow=\"8f6b131\" data-elementor-lightbox-title=\"Progettazione-3\" data-e-action-hash=\"#elementor-action%3Aaction%3Dlightbox%26settings%3DeyJpZCI6NTQ5LCJ1cmwiOiJodHRwczpcL1wvd3d3LnNvbHppbmdyYW5hZ2dpLml0XC93cC1jb250ZW50XC91cGxvYWRzXC8yMDIyXC8wMlwvUHJvZ2V0dGF6aW9uZS0zLmpwZyIsInNsaWRlc2hvdyI6IjhmNmIxMzEifQ%3D%3D\" href='https:\/\/www.solzingranaggi.it\/wp-content\/uploads\/2022\/02\/Progettazione-3.jpg'><img decoding=\"async\" width=\"300\" height=\"300\" src=\"https:\/\/www.solzingranaggi.it\/wp-content\/uploads\/2022\/02\/Progettazione-3-300x300.jpg\" class=\"attachment-thumbnail size-thumbnail\" alt=\"\" \/><\/a>\n\t\t\t<\/div><\/figure><figure class='gallery-item'>\n\t\t\t<div class='gallery-icon landscape'>\n\t\t\t\t<a data-elementor-open-lightbox=\"yes\" data-elementor-lightbox-slideshow=\"8f6b131\" data-elementor-lightbox-title=\"Rendering Motoriduttore\" data-e-action-hash=\"#elementor-action%3Aaction%3Dlightbox%26settings%3DeyJpZCI6OTU2LCJ1cmwiOiJodHRwczpcL1wvd3d3LnNvbHppbmdyYW5hZ2dpLml0XC93cC1jb250ZW50XC91cGxvYWRzXC8yMDIyXC8wM1wvUmVuZGVyaW5nLU1vdG9yaWR1dHRvcmUuanBnIiwic2xpZGVzaG93IjoiOGY2YjEzMSJ9\" href='https:\/\/www.solzingranaggi.it\/wp-content\/uploads\/2022\/03\/Rendering-Motoriduttore.jpg'><img loading=\"lazy\" decoding=\"async\" width=\"300\" height=\"300\" src=\"https:\/\/www.solzingranaggi.it\/wp-content\/uploads\/2022\/03\/Rendering-Motoriduttore-300x300.jpg\" class=\"attachment-thumbnail size-thumbnail\" alt=\"\" \/><\/a>\n\t\t\t<\/div><\/figure>\n\t\t<\/div>\n\t\t<\/div>\n\t\t\t\t\t\t<\/div>\n\t\t\t\t<\/div>\n\t\t\t\t\t<\/div>\n\t\t<\/div>\n\t\t\t\t\t<\/div>\n\t\t<\/section>\n\t\t\t\t<\/div>\n\t\t","protected":false},"excerpt":{"rendered":"<p>Entwicklung Die kundenspezifische Produktentwicklung ist unsere St\u00e4rke. Unsere langj\u00e4hrige Erfahrung auf diesem Gebiet und unsere technische Kompetenz greifen hier ineinander. Durch den Einsatz von 3D-Design-Software und Programmen zur Berechnung von Dimensionierung und Dynamik, sind wir insbesondere f\u00fcr Unternehmen ein wertvoller Ansprechpartner, die eine spezielle Antriebsberechnung von Zahnr\u00e4dern oder eine umfassende Beratung bei der Umsetzung von [&hellip;]<\/p>\n","protected":false},"author":1,"featured_media":0,"parent":0,"menu_order":0,"comment_status":"closed","ping_status":"closed","template":"","meta":{"footnotes":""},"class_list":["post-1041","page","type-page","status-publish","hentry"],"yoast_head":"<!-- This site is optimized with the Yoast SEO plugin v27.4 - https:\/\/yoast.com\/product\/yoast-seo-wordpress\/ -->\n<title>Entwicklung - Solzi Ingranaggi<\/title>\n<meta name=\"robots\" content=\"index, follow, max-snippet:-1, max-image-preview:large, max-video-preview:-1\" \/>\n<link rel=\"canonical\" href=\"https:\/\/www.solzingranaggi.it\/de\/entwicklung\/\" \/>\n<meta property=\"og:locale\" content=\"de_DE\" \/>\n<meta property=\"og:type\" content=\"article\" \/>\n<meta property=\"og:title\" content=\"Entwicklung - Solzi Ingranaggi\" \/>\n<meta property=\"og:description\" content=\"Entwicklung Die kundenspezifische Produktentwicklung ist unsere St\u00e4rke. Unsere langj\u00e4hrige Erfahrung auf diesem Gebiet und unsere technische Kompetenz greifen hier ineinander. Durch den Einsatz von 3D-Design-Software und Programmen zur Berechnung von Dimensionierung und Dynamik, sind wir insbesondere f\u00fcr Unternehmen ein wertvoller Ansprechpartner, die eine spezielle Antriebsberechnung von Zahnr\u00e4dern oder eine umfassende Beratung bei der Umsetzung von [&hellip;]\" \/>\n<meta property=\"og:url\" content=\"https:\/\/www.solzingranaggi.it\/de\/entwicklung\/\" \/>\n<meta property=\"og:site_name\" content=\"Solzi Ingranaggi\" \/>\n<meta property=\"article:modified_time\" content=\"2022-03-23T10:57:59+00:00\" \/>\n<meta property=\"og:image\" content=\"https:\/\/www.solzingranaggi.it\/wp-content\/uploads\/2022\/02\/Progettazione-2-300x300.jpg\" \/>\n<meta name=\"twitter:card\" content=\"summary_large_image\" \/>\n<script type=\"application\/ld+json\" class=\"yoast-schema-graph\">{\"@context\":\"https:\\\/\\\/schema.org\",\"@graph\":[{\"@type\":\"WebPage\",\"@id\":\"https:\\\/\\\/www.solzingranaggi.it\\\/de\\\/entwicklung\\\/\",\"url\":\"https:\\\/\\\/www.solzingranaggi.it\\\/de\\\/entwicklung\\\/\",\"name\":\"Entwicklung - Solzi Ingranaggi\",\"isPartOf\":{\"@id\":\"https:\\\/\\\/www.solzingranaggi.it\\\/de\\\/#website\"},\"primaryImageOfPage\":{\"@id\":\"https:\\\/\\\/www.solzingranaggi.it\\\/de\\\/entwicklung\\\/#primaryimage\"},\"image\":{\"@id\":\"https:\\\/\\\/www.solzingranaggi.it\\\/de\\\/entwicklung\\\/#primaryimage\"},\"thumbnailUrl\":\"https:\\\/\\\/www.solzingranaggi.it\\\/wp-content\\\/uploads\\\/2022\\\/02\\\/Progettazione-2-300x300.jpg\",\"datePublished\":\"2022-02-15T14:59:14+00:00\",\"dateModified\":\"2022-03-23T10:57:59+00:00\",\"breadcrumb\":{\"@id\":\"https:\\\/\\\/www.solzingranaggi.it\\\/de\\\/entwicklung\\\/#breadcrumb\"},\"inLanguage\":\"de\",\"potentialAction\":[{\"@type\":\"ReadAction\",\"target\":[\"https:\\\/\\\/www.solzingranaggi.it\\\/de\\\/entwicklung\\\/\"]}]},{\"@type\":\"ImageObject\",\"inLanguage\":\"de\",\"@id\":\"https:\\\/\\\/www.solzingranaggi.it\\\/de\\\/entwicklung\\\/#primaryimage\",\"url\":\"https:\\\/\\\/www.solzingranaggi.it\\\/wp-content\\\/uploads\\\/2022\\\/02\\\/Progettazione-2-300x300.jpg\",\"contentUrl\":\"https:\\\/\\\/www.solzingranaggi.it\\\/wp-content\\\/uploads\\\/2022\\\/02\\\/Progettazione-2-300x300.jpg\"},{\"@type\":\"BreadcrumbList\",\"@id\":\"https:\\\/\\\/www.solzingranaggi.it\\\/de\\\/entwicklung\\\/#breadcrumb\",\"itemListElement\":[{\"@type\":\"ListItem\",\"position\":1,\"name\":\"Home\",\"item\":\"https:\\\/\\\/www.solzingranaggi.it\\\/de\\\/\"},{\"@type\":\"ListItem\",\"position\":2,\"name\":\"Entwicklung\"}]},{\"@type\":\"WebSite\",\"@id\":\"https:\\\/\\\/www.solzingranaggi.it\\\/de\\\/#website\",\"url\":\"https:\\\/\\\/www.solzingranaggi.it\\\/de\\\/\",\"name\":\"Solzi Ingranaggi\",\"description\":\"Progettazione e Produzione di ingranaggi\",\"publisher\":{\"@id\":\"https:\\\/\\\/www.solzingranaggi.it\\\/de\\\/#organization\"},\"potentialAction\":[{\"@type\":\"SearchAction\",\"target\":{\"@type\":\"EntryPoint\",\"urlTemplate\":\"https:\\\/\\\/www.solzingranaggi.it\\\/de\\\/?s={search_term_string}\"},\"query-input\":{\"@type\":\"PropertyValueSpecification\",\"valueRequired\":true,\"valueName\":\"search_term_string\"}}],\"inLanguage\":\"de\"},{\"@type\":\"Organization\",\"@id\":\"https:\\\/\\\/www.solzingranaggi.it\\\/de\\\/#organization\",\"name\":\"Solzi Ingranaggi\",\"url\":\"https:\\\/\\\/www.solzingranaggi.it\\\/de\\\/\",\"logo\":{\"@type\":\"ImageObject\",\"inLanguage\":\"de\",\"@id\":\"https:\\\/\\\/www.solzingranaggi.it\\\/de\\\/#\\\/schema\\\/logo\\\/image\\\/\",\"url\":\"https:\\\/\\\/www.solzingranaggi.it\\\/wp-content\\\/uploads\\\/2022\\\/02\\\/logo.png\",\"contentUrl\":\"https:\\\/\\\/www.solzingranaggi.it\\\/wp-content\\\/uploads\\\/2022\\\/02\\\/logo.png\",\"width\":295,\"height\":112,\"caption\":\"Solzi Ingranaggi\"},\"image\":{\"@id\":\"https:\\\/\\\/www.solzingranaggi.it\\\/de\\\/#\\\/schema\\\/logo\\\/image\\\/\"}}]}<\/script>\n<!-- \/ Yoast SEO plugin. -->","yoast_head_json":{"title":"Entwicklung - Solzi Ingranaggi","robots":{"index":"index","follow":"follow","max-snippet":"max-snippet:-1","max-image-preview":"max-image-preview:large","max-video-preview":"max-video-preview:-1"},"canonical":"https:\/\/www.solzingranaggi.it\/de\/entwicklung\/","og_locale":"de_DE","og_type":"article","og_title":"Entwicklung - Solzi Ingranaggi","og_description":"Entwicklung Die kundenspezifische Produktentwicklung ist unsere St\u00e4rke. Unsere langj\u00e4hrige Erfahrung auf diesem Gebiet und unsere technische Kompetenz greifen hier ineinander. Durch den Einsatz von 3D-Design-Software und Programmen zur Berechnung von Dimensionierung und Dynamik, sind wir insbesondere f\u00fcr Unternehmen ein wertvoller Ansprechpartner, die eine spezielle Antriebsberechnung von Zahnr\u00e4dern oder eine umfassende Beratung bei der Umsetzung von [&hellip;]","og_url":"https:\/\/www.solzingranaggi.it\/de\/entwicklung\/","og_site_name":"Solzi Ingranaggi","article_modified_time":"2022-03-23T10:57:59+00:00","og_image":[{"url":"https:\/\/www.solzingranaggi.it\/wp-content\/uploads\/2022\/02\/Progettazione-2-300x300.jpg","type":"","width":"","height":""}],"twitter_card":"summary_large_image","schema":{"@context":"https:\/\/schema.org","@graph":[{"@type":"WebPage","@id":"https:\/\/www.solzingranaggi.it\/de\/entwicklung\/","url":"https:\/\/www.solzingranaggi.it\/de\/entwicklung\/","name":"Entwicklung - Solzi Ingranaggi","isPartOf":{"@id":"https:\/\/www.solzingranaggi.it\/de\/#website"},"primaryImageOfPage":{"@id":"https:\/\/www.solzingranaggi.it\/de\/entwicklung\/#primaryimage"},"image":{"@id":"https:\/\/www.solzingranaggi.it\/de\/entwicklung\/#primaryimage"},"thumbnailUrl":"https:\/\/www.solzingranaggi.it\/wp-content\/uploads\/2022\/02\/Progettazione-2-300x300.jpg","datePublished":"2022-02-15T14:59:14+00:00","dateModified":"2022-03-23T10:57:59+00:00","breadcrumb":{"@id":"https:\/\/www.solzingranaggi.it\/de\/entwicklung\/#breadcrumb"},"inLanguage":"de","potentialAction":[{"@type":"ReadAction","target":["https:\/\/www.solzingranaggi.it\/de\/entwicklung\/"]}]},{"@type":"ImageObject","inLanguage":"de","@id":"https:\/\/www.solzingranaggi.it\/de\/entwicklung\/#primaryimage","url":"https:\/\/www.solzingranaggi.it\/wp-content\/uploads\/2022\/02\/Progettazione-2-300x300.jpg","contentUrl":"https:\/\/www.solzingranaggi.it\/wp-content\/uploads\/2022\/02\/Progettazione-2-300x300.jpg"},{"@type":"BreadcrumbList","@id":"https:\/\/www.solzingranaggi.it\/de\/entwicklung\/#breadcrumb","itemListElement":[{"@type":"ListItem","position":1,"name":"Home","item":"https:\/\/www.solzingranaggi.it\/de\/"},{"@type":"ListItem","position":2,"name":"Entwicklung"}]},{"@type":"WebSite","@id":"https:\/\/www.solzingranaggi.it\/de\/#website","url":"https:\/\/www.solzingranaggi.it\/de\/","name":"Solzi Ingranaggi","description":"Progettazione e Produzione di ingranaggi","publisher":{"@id":"https:\/\/www.solzingranaggi.it\/de\/#organization"},"potentialAction":[{"@type":"SearchAction","target":{"@type":"EntryPoint","urlTemplate":"https:\/\/www.solzingranaggi.it\/de\/?s={search_term_string}"},"query-input":{"@type":"PropertyValueSpecification","valueRequired":true,"valueName":"search_term_string"}}],"inLanguage":"de"},{"@type":"Organization","@id":"https:\/\/www.solzingranaggi.it\/de\/#organization","name":"Solzi Ingranaggi","url":"https:\/\/www.solzingranaggi.it\/de\/","logo":{"@type":"ImageObject","inLanguage":"de","@id":"https:\/\/www.solzingranaggi.it\/de\/#\/schema\/logo\/image\/","url":"https:\/\/www.solzingranaggi.it\/wp-content\/uploads\/2022\/02\/logo.png","contentUrl":"https:\/\/www.solzingranaggi.it\/wp-content\/uploads\/2022\/02\/logo.png","width":295,"height":112,"caption":"Solzi Ingranaggi"},"image":{"@id":"https:\/\/www.solzingranaggi.it\/de\/#\/schema\/logo\/image\/"}}]}},"_links":{"self":[{"href":"https:\/\/www.solzingranaggi.it\/de\/wp-json\/wp\/v2\/pages\/1041","targetHints":{"allow":["GET"]}}],"collection":[{"href":"https:\/\/www.solzingranaggi.it\/de\/wp-json\/wp\/v2\/pages"}],"about":[{"href":"https:\/\/www.solzingranaggi.it\/de\/wp-json\/wp\/v2\/types\/page"}],"author":[{"embeddable":true,"href":"https:\/\/www.solzingranaggi.it\/de\/wp-json\/wp\/v2\/users\/1"}],"replies":[{"embeddable":true,"href":"https:\/\/www.solzingranaggi.it\/de\/wp-json\/wp\/v2\/comments?post=1041"}],"version-history":[{"count":0,"href":"https:\/\/www.solzingranaggi.it\/de\/wp-json\/wp\/v2\/pages\/1041\/revisions"}],"wp:attachment":[{"href":"https:\/\/www.solzingranaggi.it\/de\/wp-json\/wp\/v2\/media?parent=1041"}],"curies":[{"name":"wp","href":"https:\/\/api.w.org\/{rel}","templated":true}]}}