{"id":1048,"date":"2022-02-15T15:59:20","date_gmt":"2022-02-15T14:59:20","guid":{"rendered":"http:\/\/staging.solzingranaggi.it\/prototipazione\/"},"modified":"2022-03-23T12:02:26","modified_gmt":"2022-03-23T11:02:26","slug":"prototyping","status":"publish","type":"page","link":"https:\/\/www.solzingranaggi.it\/de\/prototyping\/","title":{"rendered":"Prototyping"},"content":{"rendered":"\t\t<div data-elementor-type=\"wp-page\" data-elementor-id=\"1048\" class=\"elementor elementor-1048 elementor-97\" data-elementor-post-type=\"page\">\n\t\t\t\t\t\t<section data-particle_enable=\"false\" data-particle-mobile-disabled=\"false\" class=\"elementor-section elementor-top-section elementor-element elementor-element-9c51a24 elementor-section-boxed elementor-section-height-default elementor-section-height-default\" data-id=\"9c51a24\" data-element_type=\"section\" data-e-type=\"section\">\n\t\t\t\t\t\t<div class=\"elementor-container elementor-column-gap-default\">\n\t\t\t\t\t<div class=\"elementor-column elementor-col-100 elementor-top-column elementor-element elementor-element-478ab2c\" data-id=\"478ab2c\" data-element_type=\"column\" data-e-type=\"column\">\n\t\t\t<div class=\"elementor-widget-wrap elementor-element-populated\">\n\t\t\t\t\t\t<div class=\"elementor-element elementor-element-e004a07 elementor-widget elementor-widget-heading\" data-id=\"e004a07\" data-element_type=\"widget\" data-e-type=\"widget\" data-widget_type=\"heading.default\">\n\t\t\t\t<div class=\"elementor-widget-container\">\n\t\t\t\t\t<h2 class=\"elementor-heading-title elementor-size-default\">Prototyping<\/h2>\t\t\t\t<\/div>\n\t\t\t\t<\/div>\n\t\t\t\t<div class=\"elementor-element elementor-element-619edeb elementor-widget elementor-widget-text-editor\" data-id=\"619edeb\" data-element_type=\"widget\" data-e-type=\"widget\" data-widget_type=\"text-editor.default\">\n\t\t\t\t<div class=\"elementor-widget-container\">\n\t\t\t\t\t\t\t\t\t<p>In den letzten Jahren haben wir dem Prototyping gro\u00dfe Aufmerksamkeit geschenkt.<\/p><p>Durch die Erweiterung unserer Produktionsst\u00e4tte durch Maschinen und Werkzeuge sind wir in der Lage \u00a0innerhalb von kurzen Produktionszeiten Prototypen und Muster von Zahnr\u00e4dern mit Standardprofilen herzustellen.<\/p><p>Dies erlaubt es unseren Kunden, erste Funktions- und Lebensdauertests der Teile durchzuf\u00fchren, bevor diese in die Serienproduktion gehen.<\/p><p>Die Musterteile bzw. erste Testserien werden anhand von Zerspanungsprozessen innerhalb des Unternehmens realisiert. Durch die Zusammenarbeit mit anerkannten externen Unternehmen werden weitere Prozesse, wie z.B. die Preprototypisierung, termische Behandlungen, Schleifprozesse o.\u00e4. ausgef\u00fchrt.<\/p><p>F\u00fcr die folgende Produktion sind diese zugrundeliegenden Prozesse von gro\u00dfer Bedeutung, da sich hier bereits kleinste Ver\u00e4nderungen und Optimierungen nach den spezifischen Bed\u00fcrfnissen des Kunden vornehmen lassen, die schlie\u00dflich in die Serienproduktion einflie\u00dfen.<\/p>\t\t\t\t\t\t\t\t<\/div>\n\t\t\t\t<\/div>\n\t\t\t\t\t<\/div>\n\t\t<\/div>\n\t\t\t\t\t<\/div>\n\t\t<\/section>\n\t\t\t\t<section data-particle_enable=\"false\" data-particle-mobile-disabled=\"false\" class=\"elementor-section elementor-top-section elementor-element elementor-element-bdf41ef elementor-section-boxed elementor-section-height-default elementor-section-height-default\" data-id=\"bdf41ef\" data-element_type=\"section\" data-e-type=\"section\">\n\t\t\t\t\t\t<div class=\"elementor-container elementor-column-gap-default\">\n\t\t\t\t\t<div class=\"elementor-column elementor-col-100 elementor-top-column elementor-element elementor-element-8619f11\" data-id=\"8619f11\" data-element_type=\"column\" data-e-type=\"column\">\n\t\t\t<div class=\"elementor-widget-wrap elementor-element-populated\">\n\t\t\t\t\t\t<div class=\"elementor-element elementor-element-13a8d18 gallery-spacing-custom elementor-widget elementor-widget-image-gallery\" data-id=\"13a8d18\" data-element_type=\"widget\" data-e-type=\"widget\" data-widget_type=\"image-gallery.default\">\n\t\t\t\t<div class=\"elementor-widget-container\">\n\t\t\t\t\t\t\t<div class=\"elementor-image-gallery\">\n\t\t\t<div id='gallery-1' class='gallery galleryid-1048 gallery-columns-4 gallery-size-thumbnail'><figure class='gallery-item'>\n\t\t\t<div class='gallery-icon landscape'>\n\t\t\t\t<a data-elementor-open-lightbox=\"yes\" data-elementor-lightbox-slideshow=\"13a8d18\" data-elementor-lightbox-title=\"Prototipazione\" data-e-action-hash=\"#elementor-action%3Aaction%3Dlightbox%26settings%3DeyJpZCI6NTU1LCJ1cmwiOiJodHRwczpcL1wvd3d3LnNvbHppbmdyYW5hZ2dpLml0XC93cC1jb250ZW50XC91cGxvYWRzXC8yMDIyXC8wMlwvUHJvdG90aXBhemlvbmUuanBnIiwic2xpZGVzaG93IjoiMTNhOGQxOCJ9\" href='https:\/\/www.solzingranaggi.it\/wp-content\/uploads\/2022\/02\/Prototipazione.jpg'><img fetchpriority=\"high\" decoding=\"async\" width=\"300\" height=\"300\" src=\"https:\/\/www.solzingranaggi.it\/wp-content\/uploads\/2022\/02\/Prototipazione-300x300.jpg\" class=\"attachment-thumbnail size-thumbnail\" alt=\"\" \/><\/a>\n\t\t\t<\/div><\/figure><figure class='gallery-item'>\n\t\t\t<div class='gallery-icon landscape'>\n\t\t\t\t<a data-elementor-open-lightbox=\"yes\" data-elementor-lightbox-slideshow=\"13a8d18\" data-elementor-lightbox-title=\"Prototipazione-2\" data-e-action-hash=\"#elementor-action%3Aaction%3Dlightbox%26settings%3DeyJpZCI6NTU3LCJ1cmwiOiJodHRwczpcL1wvd3d3LnNvbHppbmdyYW5hZ2dpLml0XC93cC1jb250ZW50XC91cGxvYWRzXC8yMDIyXC8wMlwvUHJvdG90aXBhemlvbmUtMi5qcGciLCJzbGlkZXNob3ciOiIxM2E4ZDE4In0%3D\" href='https:\/\/www.solzingranaggi.it\/wp-content\/uploads\/2022\/02\/Prototipazione-2.jpg'><img decoding=\"async\" width=\"300\" height=\"300\" src=\"https:\/\/www.solzingranaggi.it\/wp-content\/uploads\/2022\/02\/Prototipazione-2-300x300.jpg\" class=\"attachment-thumbnail size-thumbnail\" alt=\"\" \/><\/a>\n\t\t\t<\/div><\/figure><figure class='gallery-item'>\n\t\t\t<div class='gallery-icon landscape'>\n\t\t\t\t<a data-elementor-open-lightbox=\"yes\" data-elementor-lightbox-slideshow=\"13a8d18\" data-elementor-lightbox-title=\"Prototipazione-3\" data-e-action-hash=\"#elementor-action%3Aaction%3Dlightbox%26settings%3DeyJpZCI6NTU5LCJ1cmwiOiJodHRwczpcL1wvd3d3LnNvbHppbmdyYW5hZ2dpLml0XC93cC1jb250ZW50XC91cGxvYWRzXC8yMDIyXC8wMlwvUHJvdG90aXBhemlvbmUtMy5qcGciLCJzbGlkZXNob3ciOiIxM2E4ZDE4In0%3D\" href='https:\/\/www.solzingranaggi.it\/wp-content\/uploads\/2022\/02\/Prototipazione-3.jpg'><img decoding=\"async\" width=\"300\" height=\"300\" src=\"https:\/\/www.solzingranaggi.it\/wp-content\/uploads\/2022\/02\/Prototipazione-3-300x300.jpg\" class=\"attachment-thumbnail size-thumbnail\" alt=\"\" \/><\/a>\n\t\t\t<\/div><\/figure><figure class='gallery-item'>\n\t\t\t<div class='gallery-icon landscape'>\n\t\t\t\t<a data-elementor-open-lightbox=\"yes\" data-elementor-lightbox-slideshow=\"13a8d18\" data-elementor-lightbox-title=\"Prototipazione-41\" data-e-action-hash=\"#elementor-action%3Aaction%3Dlightbox%26settings%3DeyJpZCI6NTYxLCJ1cmwiOiJodHRwczpcL1wvd3d3LnNvbHppbmdyYW5hZ2dpLml0XC93cC1jb250ZW50XC91cGxvYWRzXC8yMDIyXC8wMlwvUHJvdG90aXBhemlvbmUtNDEuanBnIiwic2xpZGVzaG93IjoiMTNhOGQxOCJ9\" href='https:\/\/www.solzingranaggi.it\/wp-content\/uploads\/2022\/02\/Prototipazione-41.jpg'><img loading=\"lazy\" decoding=\"async\" width=\"300\" height=\"300\" src=\"https:\/\/www.solzingranaggi.it\/wp-content\/uploads\/2022\/02\/Prototipazione-41-300x300.jpg\" class=\"attachment-thumbnail size-thumbnail\" alt=\"\" \/><\/a>\n\t\t\t<\/div><\/figure>\n\t\t<\/div>\n\t\t<\/div>\n\t\t\t\t\t\t<\/div>\n\t\t\t\t<\/div>\n\t\t\t\t\t<\/div>\n\t\t<\/div>\n\t\t\t\t\t<\/div>\n\t\t<\/section>\n\t\t\t\t<\/div>\n\t\t","protected":false},"excerpt":{"rendered":"<p>Prototyping In den letzten Jahren haben wir dem Prototyping gro\u00dfe Aufmerksamkeit geschenkt. Durch die Erweiterung unserer Produktionsst\u00e4tte durch Maschinen und Werkzeuge sind wir in der Lage \u00a0innerhalb von kurzen Produktionszeiten Prototypen und Muster von Zahnr\u00e4dern mit Standardprofilen herzustellen. Dies erlaubt es unseren Kunden, erste Funktions- und Lebensdauertests der Teile durchzuf\u00fchren, bevor diese in die Serienproduktion [&hellip;]<\/p>\n","protected":false},"author":1,"featured_media":0,"parent":0,"menu_order":0,"comment_status":"closed","ping_status":"closed","template":"","meta":{"footnotes":""},"class_list":["post-1048","page","type-page","status-publish","hentry"],"yoast_head":"<!-- This site is optimized with the Yoast SEO plugin v27.4 - https:\/\/yoast.com\/product\/yoast-seo-wordpress\/ -->\n<title>Prototyping - Solzi Ingranaggi<\/title>\n<meta name=\"robots\" content=\"index, follow, max-snippet:-1, max-image-preview:large, max-video-preview:-1\" \/>\n<link rel=\"canonical\" href=\"https:\/\/www.solzingranaggi.it\/de\/prototyping\/\" \/>\n<meta property=\"og:locale\" content=\"de_DE\" \/>\n<meta property=\"og:type\" content=\"article\" \/>\n<meta property=\"og:title\" content=\"Prototyping - Solzi Ingranaggi\" \/>\n<meta property=\"og:description\" content=\"Prototyping In den letzten Jahren haben wir dem Prototyping gro\u00dfe Aufmerksamkeit geschenkt. Durch die Erweiterung unserer Produktionsst\u00e4tte durch Maschinen und Werkzeuge sind wir in der Lage \u00a0innerhalb von kurzen Produktionszeiten Prototypen und Muster von Zahnr\u00e4dern mit Standardprofilen herzustellen. Dies erlaubt es unseren Kunden, erste Funktions- und Lebensdauertests der Teile durchzuf\u00fchren, bevor diese in die Serienproduktion [&hellip;]\" \/>\n<meta property=\"og:url\" content=\"https:\/\/www.solzingranaggi.it\/de\/prototyping\/\" \/>\n<meta property=\"og:site_name\" content=\"Solzi Ingranaggi\" \/>\n<meta property=\"article:modified_time\" content=\"2022-03-23T11:02:26+00:00\" \/>\n<meta property=\"og:image\" content=\"https:\/\/www.solzingranaggi.it\/wp-content\/uploads\/2022\/02\/Prototipazione-300x300.jpg\" \/>\n<meta name=\"twitter:card\" content=\"summary_large_image\" \/>\n<meta name=\"twitter:label1\" content=\"Gesch\u00e4tzte Lesezeit\" \/>\n\t<meta name=\"twitter:data1\" content=\"1\u00a0Minute\" \/>\n<script type=\"application\/ld+json\" class=\"yoast-schema-graph\">{\"@context\":\"https:\\\/\\\/schema.org\",\"@graph\":[{\"@type\":\"WebPage\",\"@id\":\"https:\\\/\\\/www.solzingranaggi.it\\\/de\\\/prototyping\\\/\",\"url\":\"https:\\\/\\\/www.solzingranaggi.it\\\/de\\\/prototyping\\\/\",\"name\":\"Prototyping - Solzi Ingranaggi\",\"isPartOf\":{\"@id\":\"https:\\\/\\\/www.solzingranaggi.it\\\/de\\\/#website\"},\"primaryImageOfPage\":{\"@id\":\"https:\\\/\\\/www.solzingranaggi.it\\\/de\\\/prototyping\\\/#primaryimage\"},\"image\":{\"@id\":\"https:\\\/\\\/www.solzingranaggi.it\\\/de\\\/prototyping\\\/#primaryimage\"},\"thumbnailUrl\":\"https:\\\/\\\/www.solzingranaggi.it\\\/wp-content\\\/uploads\\\/2022\\\/02\\\/Prototipazione-300x300.jpg\",\"datePublished\":\"2022-02-15T14:59:20+00:00\",\"dateModified\":\"2022-03-23T11:02:26+00:00\",\"breadcrumb\":{\"@id\":\"https:\\\/\\\/www.solzingranaggi.it\\\/de\\\/prototyping\\\/#breadcrumb\"},\"inLanguage\":\"de\",\"potentialAction\":[{\"@type\":\"ReadAction\",\"target\":[\"https:\\\/\\\/www.solzingranaggi.it\\\/de\\\/prototyping\\\/\"]}]},{\"@type\":\"ImageObject\",\"inLanguage\":\"de\",\"@id\":\"https:\\\/\\\/www.solzingranaggi.it\\\/de\\\/prototyping\\\/#primaryimage\",\"url\":\"https:\\\/\\\/www.solzingranaggi.it\\\/wp-content\\\/uploads\\\/2022\\\/02\\\/Prototipazione-300x300.jpg\",\"contentUrl\":\"https:\\\/\\\/www.solzingranaggi.it\\\/wp-content\\\/uploads\\\/2022\\\/02\\\/Prototipazione-300x300.jpg\"},{\"@type\":\"BreadcrumbList\",\"@id\":\"https:\\\/\\\/www.solzingranaggi.it\\\/de\\\/prototyping\\\/#breadcrumb\",\"itemListElement\":[{\"@type\":\"ListItem\",\"position\":1,\"name\":\"Home\",\"item\":\"https:\\\/\\\/www.solzingranaggi.it\\\/de\\\/\"},{\"@type\":\"ListItem\",\"position\":2,\"name\":\"Prototyping\"}]},{\"@type\":\"WebSite\",\"@id\":\"https:\\\/\\\/www.solzingranaggi.it\\\/de\\\/#website\",\"url\":\"https:\\\/\\\/www.solzingranaggi.it\\\/de\\\/\",\"name\":\"Solzi Ingranaggi\",\"description\":\"Progettazione e Produzione di ingranaggi\",\"publisher\":{\"@id\":\"https:\\\/\\\/www.solzingranaggi.it\\\/de\\\/#organization\"},\"potentialAction\":[{\"@type\":\"SearchAction\",\"target\":{\"@type\":\"EntryPoint\",\"urlTemplate\":\"https:\\\/\\\/www.solzingranaggi.it\\\/de\\\/?s={search_term_string}\"},\"query-input\":{\"@type\":\"PropertyValueSpecification\",\"valueRequired\":true,\"valueName\":\"search_term_string\"}}],\"inLanguage\":\"de\"},{\"@type\":\"Organization\",\"@id\":\"https:\\\/\\\/www.solzingranaggi.it\\\/de\\\/#organization\",\"name\":\"Solzi Ingranaggi\",\"url\":\"https:\\\/\\\/www.solzingranaggi.it\\\/de\\\/\",\"logo\":{\"@type\":\"ImageObject\",\"inLanguage\":\"de\",\"@id\":\"https:\\\/\\\/www.solzingranaggi.it\\\/de\\\/#\\\/schema\\\/logo\\\/image\\\/\",\"url\":\"https:\\\/\\\/www.solzingranaggi.it\\\/wp-content\\\/uploads\\\/2022\\\/02\\\/logo.png\",\"contentUrl\":\"https:\\\/\\\/www.solzingranaggi.it\\\/wp-content\\\/uploads\\\/2022\\\/02\\\/logo.png\",\"width\":295,\"height\":112,\"caption\":\"Solzi Ingranaggi\"},\"image\":{\"@id\":\"https:\\\/\\\/www.solzingranaggi.it\\\/de\\\/#\\\/schema\\\/logo\\\/image\\\/\"}}]}<\/script>\n<!-- \/ Yoast SEO plugin. -->","yoast_head_json":{"title":"Prototyping - Solzi Ingranaggi","robots":{"index":"index","follow":"follow","max-snippet":"max-snippet:-1","max-image-preview":"max-image-preview:large","max-video-preview":"max-video-preview:-1"},"canonical":"https:\/\/www.solzingranaggi.it\/de\/prototyping\/","og_locale":"de_DE","og_type":"article","og_title":"Prototyping - Solzi Ingranaggi","og_description":"Prototyping In den letzten Jahren haben wir dem Prototyping gro\u00dfe Aufmerksamkeit geschenkt. Durch die Erweiterung unserer Produktionsst\u00e4tte durch Maschinen und Werkzeuge sind wir in der Lage \u00a0innerhalb von kurzen Produktionszeiten Prototypen und Muster von Zahnr\u00e4dern mit Standardprofilen herzustellen. Dies erlaubt es unseren Kunden, erste Funktions- und Lebensdauertests der Teile durchzuf\u00fchren, bevor diese in die Serienproduktion [&hellip;]","og_url":"https:\/\/www.solzingranaggi.it\/de\/prototyping\/","og_site_name":"Solzi Ingranaggi","article_modified_time":"2022-03-23T11:02:26+00:00","og_image":[{"url":"https:\/\/www.solzingranaggi.it\/wp-content\/uploads\/2022\/02\/Prototipazione-300x300.jpg","type":"","width":"","height":""}],"twitter_card":"summary_large_image","twitter_misc":{"Gesch\u00e4tzte Lesezeit":"1\u00a0Minute"},"schema":{"@context":"https:\/\/schema.org","@graph":[{"@type":"WebPage","@id":"https:\/\/www.solzingranaggi.it\/de\/prototyping\/","url":"https:\/\/www.solzingranaggi.it\/de\/prototyping\/","name":"Prototyping - Solzi Ingranaggi","isPartOf":{"@id":"https:\/\/www.solzingranaggi.it\/de\/#website"},"primaryImageOfPage":{"@id":"https:\/\/www.solzingranaggi.it\/de\/prototyping\/#primaryimage"},"image":{"@id":"https:\/\/www.solzingranaggi.it\/de\/prototyping\/#primaryimage"},"thumbnailUrl":"https:\/\/www.solzingranaggi.it\/wp-content\/uploads\/2022\/02\/Prototipazione-300x300.jpg","datePublished":"2022-02-15T14:59:20+00:00","dateModified":"2022-03-23T11:02:26+00:00","breadcrumb":{"@id":"https:\/\/www.solzingranaggi.it\/de\/prototyping\/#breadcrumb"},"inLanguage":"de","potentialAction":[{"@type":"ReadAction","target":["https:\/\/www.solzingranaggi.it\/de\/prototyping\/"]}]},{"@type":"ImageObject","inLanguage":"de","@id":"https:\/\/www.solzingranaggi.it\/de\/prototyping\/#primaryimage","url":"https:\/\/www.solzingranaggi.it\/wp-content\/uploads\/2022\/02\/Prototipazione-300x300.jpg","contentUrl":"https:\/\/www.solzingranaggi.it\/wp-content\/uploads\/2022\/02\/Prototipazione-300x300.jpg"},{"@type":"BreadcrumbList","@id":"https:\/\/www.solzingranaggi.it\/de\/prototyping\/#breadcrumb","itemListElement":[{"@type":"ListItem","position":1,"name":"Home","item":"https:\/\/www.solzingranaggi.it\/de\/"},{"@type":"ListItem","position":2,"name":"Prototyping"}]},{"@type":"WebSite","@id":"https:\/\/www.solzingranaggi.it\/de\/#website","url":"https:\/\/www.solzingranaggi.it\/de\/","name":"Solzi Ingranaggi","description":"Progettazione e Produzione di ingranaggi","publisher":{"@id":"https:\/\/www.solzingranaggi.it\/de\/#organization"},"potentialAction":[{"@type":"SearchAction","target":{"@type":"EntryPoint","urlTemplate":"https:\/\/www.solzingranaggi.it\/de\/?s={search_term_string}"},"query-input":{"@type":"PropertyValueSpecification","valueRequired":true,"valueName":"search_term_string"}}],"inLanguage":"de"},{"@type":"Organization","@id":"https:\/\/www.solzingranaggi.it\/de\/#organization","name":"Solzi Ingranaggi","url":"https:\/\/www.solzingranaggi.it\/de\/","logo":{"@type":"ImageObject","inLanguage":"de","@id":"https:\/\/www.solzingranaggi.it\/de\/#\/schema\/logo\/image\/","url":"https:\/\/www.solzingranaggi.it\/wp-content\/uploads\/2022\/02\/logo.png","contentUrl":"https:\/\/www.solzingranaggi.it\/wp-content\/uploads\/2022\/02\/logo.png","width":295,"height":112,"caption":"Solzi Ingranaggi"},"image":{"@id":"https:\/\/www.solzingranaggi.it\/de\/#\/schema\/logo\/image\/"}}]}},"_links":{"self":[{"href":"https:\/\/www.solzingranaggi.it\/de\/wp-json\/wp\/v2\/pages\/1048","targetHints":{"allow":["GET"]}}],"collection":[{"href":"https:\/\/www.solzingranaggi.it\/de\/wp-json\/wp\/v2\/pages"}],"about":[{"href":"https:\/\/www.solzingranaggi.it\/de\/wp-json\/wp\/v2\/types\/page"}],"author":[{"embeddable":true,"href":"https:\/\/www.solzingranaggi.it\/de\/wp-json\/wp\/v2\/users\/1"}],"replies":[{"embeddable":true,"href":"https:\/\/www.solzingranaggi.it\/de\/wp-json\/wp\/v2\/comments?post=1048"}],"version-history":[{"count":0,"href":"https:\/\/www.solzingranaggi.it\/de\/wp-json\/wp\/v2\/pages\/1048\/revisions"}],"wp:attachment":[{"href":"https:\/\/www.solzingranaggi.it\/de\/wp-json\/wp\/v2\/media?parent=1048"}],"curies":[{"name":"wp","href":"https:\/\/api.w.org\/{rel}","templated":true}]}}