{"id":1055,"date":"2022-02-15T15:58:53","date_gmt":"2022-02-15T14:58:53","guid":{"rendered":"http:\/\/staging.solzingranaggi.it\/qualita\/"},"modified":"2025-11-18T16:43:04","modified_gmt":"2025-11-18T15:43:04","slug":"qualitaet","status":"publish","type":"page","link":"https:\/\/www.solzingranaggi.it\/de\/qualitaet\/","title":{"rendered":"Qualit\u00e4t"},"content":{"rendered":"\t\t<div data-elementor-type=\"wp-page\" data-elementor-id=\"1055\" class=\"elementor elementor-1055 elementor-91\" data-elementor-post-type=\"page\">\n\t\t\t\t\t\t<section data-particle_enable=\"false\" data-particle-mobile-disabled=\"false\" class=\"elementor-section elementor-top-section elementor-element elementor-element-d2bbd77 elementor-section-boxed elementor-section-height-default elementor-section-height-default\" data-id=\"d2bbd77\" data-element_type=\"section\" data-e-type=\"section\">\n\t\t\t\t\t\t<div class=\"elementor-container elementor-column-gap-default\">\n\t\t\t\t\t<div class=\"elementor-column elementor-col-100 elementor-top-column elementor-element elementor-element-983fa40\" data-id=\"983fa40\" data-element_type=\"column\" data-e-type=\"column\">\n\t\t\t<div class=\"elementor-widget-wrap elementor-element-populated\">\n\t\t\t\t\t\t<div class=\"elementor-element elementor-element-ac6e854 elementor-widget elementor-widget-heading\" data-id=\"ac6e854\" data-element_type=\"widget\" data-e-type=\"widget\" data-widget_type=\"heading.default\">\n\t\t\t\t<div class=\"elementor-widget-container\">\n\t\t\t\t\t<h1 class=\"elementor-heading-title elementor-size-default\">Qualit\u00e4t<\/h1>\t\t\t\t<\/div>\n\t\t\t\t<\/div>\n\t\t\t\t<div class=\"elementor-element elementor-element-abe4dea elementor-widget elementor-widget-text-editor\" data-id=\"abe4dea\" data-element_type=\"widget\" data-e-type=\"widget\" data-widget_type=\"text-editor.default\">\n\t\t\t\t<div class=\"elementor-widget-container\">\n\t\t\t\t\t\t\t\t\t<p>Solzi Ingranaggi verfolgt eine konsequente Qualit\u00e4tspolitik in deren Mittelpunkt st\u00e4ndige Optimierungen stehen.<\/p><p>Unser Wachstum verdanken wir dem kontinuierlichen Streben nach Flexibilit\u00e4t, Qualit\u00e4t und Service. Dabei wird gro\u00dfer Wert auf eine fortschrittliche Unternehmensorganisation und einen ethischen F\u00fchrungsstil nach den Richtlinien der Norm ISO 9001:2015 gelegt.\u00a0<\/p><p>Das Qualit\u00e4tsmanagement, die Unternehmensleitung und unsere Mitarbeiter arbeiten dabei Hand in Hand bis das angestrebte Ziel erreicht ist.<\/p><p>Durch stetige Investition in die Qualit\u00e4t kann Solzi hochwertige und ma\u00dfgetreue Pr\u00e4zisionsteile sowie jeden weiteren Service rund um das Produkt bieten.<\/p><p>Solzi hat im Laufe der Jahre so einen treuen und zufriedenen Kundenstamm aufgebaut. Eine sich Partnerschaft mit wachsendem Erfolg ist das Ergebnis von Nachhaltigkeit und Lieferzufriedenheit.\u00a0<\/p><p>Die Produktqualit\u00e4t wird durch verschiedene Qualit\u00e4tssicherungsprozesse, die eine stetige \u00dcberwachung des Produktionsablaufs, Produkttest und R\u00fcckverfolgbarkeit einschlie\u00dfen, garantiert.<\/p><p>Nach Auftragseingang werden diese Prozesse von der Wareneingangs- bis zur Warenausgangskontrolle engmaschig \u00fcberpr\u00fcft.<\/p><p>Das Unternehmen agiert sehr dynamisch und entwickelt sich stetig weiter. Aktuell verf\u00fcgt Solzi \u00fcber die Zertifizierung UNI EN ISO 9001:2015.<\/p>\t\t\t\t\t\t\t\t<\/div>\n\t\t\t\t<\/div>\n\t\t\t\t<div class=\"elementor-element elementor-element-4e87a0d elementor-align-left elementor-widget__width-auto elementor-widget elementor-widget-button\" data-id=\"4e87a0d\" data-element_type=\"widget\" data-e-type=\"widget\" data-widget_type=\"button.default\">\n\t\t\t\t<div class=\"elementor-widget-container\">\n\t\t\t\t\t\t\t\t\t<div class=\"elementor-button-wrapper\">\n\t\t\t\t\t<a class=\"elementor-button elementor-button-link elementor-size-sm\" href=\"https:\/\/www.solzingranaggi.it\/wp-content\/uploads\/2025\/01\/2024-SOLZI-INGRANAGGI-certificato-it-CQY.pdf\" target=\"_blank\">\n\t\t\t\t\t\t<span class=\"elementor-button-content-wrapper\">\n\t\t\t\t\t\t<span class=\"elementor-button-icon\">\n\t\t\t\t<i aria-hidden=\"true\" class=\"far fa-file-pdf\"><\/i>\t\t\t<\/span>\n\t\t\t\t\t\t\t\t\t<span class=\"elementor-button-text\">Zertifikat Solzi<\/span>\n\t\t\t\t\t<\/span>\n\t\t\t\t\t<\/a>\n\t\t\t\t<\/div>\n\t\t\t\t\t\t\t\t<\/div>\n\t\t\t\t<\/div>\n\t\t\t\t<div class=\"elementor-element elementor-element-78c6a27 elementor-align-left elementor-widget__width-auto elementor-widget elementor-widget-button\" data-id=\"78c6a27\" data-element_type=\"widget\" data-e-type=\"widget\" data-widget_type=\"button.default\">\n\t\t\t\t<div class=\"elementor-widget-container\">\n\t\t\t\t\t\t\t\t\t<div class=\"elementor-button-wrapper\">\n\t\t\t\t\t<a class=\"elementor-button elementor-button-link elementor-size-sm\" href=\"https:\/\/www.solzingranaggi.it\/wp-content\/uploads\/2025\/01\/2024-SOLZI-INGRANAGGI-certificato-IQNET.pdf\" target=\"_blank\">\n\t\t\t\t\t\t<span class=\"elementor-button-content-wrapper\">\n\t\t\t\t\t\t<span class=\"elementor-button-icon\">\n\t\t\t\t<i aria-hidden=\"true\" class=\"far fa-file-pdf\"><\/i>\t\t\t<\/span>\n\t\t\t\t\t\t\t\t\t<span class=\"elementor-button-text\">Zertifikat Solzi IQNET<\/span>\n\t\t\t\t\t<\/span>\n\t\t\t\t\t<\/a>\n\t\t\t\t<\/div>\n\t\t\t\t\t\t\t\t<\/div>\n\t\t\t\t<\/div>\n\t\t\t\t<div class=\"elementor-element elementor-element-b393404 elementor-widget__width-auto elementor-widget elementor-widget-button\" data-id=\"b393404\" data-element_type=\"widget\" data-e-type=\"widget\" data-widget_type=\"button.default\">\n\t\t\t\t<div class=\"elementor-widget-container\">\n\t\t\t\t\t\t\t\t\t<div class=\"elementor-button-wrapper\">\n\t\t\t\t\t<a class=\"elementor-button elementor-button-link elementor-size-sm\" href=\"\/wp-content\/uploads\/2025\/11\/Politica-della-Qualita-Solzi-Ingranaggi.pdf\" target=\"_blank\">\n\t\t\t\t\t\t<span class=\"elementor-button-content-wrapper\">\n\t\t\t\t\t\t<span class=\"elementor-button-icon\">\n\t\t\t\t<i aria-hidden=\"true\" class=\"far fa-file-pdf\"><\/i>\t\t\t<\/span>\n\t\t\t\t\t\t\t\t\t<span class=\"elementor-button-text\"> Qualit\u00e4tsrichtlinie<\/span>\n\t\t\t\t\t<\/span>\n\t\t\t\t\t<\/a>\n\t\t\t\t<\/div>\n\t\t\t\t\t\t\t\t<\/div>\n\t\t\t\t<\/div>\n\t\t\t\t\t<\/div>\n\t\t<\/div>\n\t\t\t\t\t<\/div>\n\t\t<\/section>\n\t\t\t\t<section data-particle_enable=\"false\" data-particle-mobile-disabled=\"false\" class=\"elementor-section elementor-top-section elementor-element elementor-element-fe765a9 elementor-section-boxed elementor-section-height-default elementor-section-height-default\" data-id=\"fe765a9\" data-element_type=\"section\" data-e-type=\"section\">\n\t\t\t\t\t\t<div class=\"elementor-container elementor-column-gap-default\">\n\t\t\t\t\t<div class=\"elementor-column elementor-col-100 elementor-top-column elementor-element elementor-element-a91c212\" data-id=\"a91c212\" data-element_type=\"column\" data-e-type=\"column\">\n\t\t\t<div class=\"elementor-widget-wrap elementor-element-populated\">\n\t\t\t\t\t\t<div class=\"elementor-element elementor-element-f059646 gallery-spacing-custom elementor-widget elementor-widget-image-gallery\" data-id=\"f059646\" data-element_type=\"widget\" data-e-type=\"widget\" data-widget_type=\"image-gallery.default\">\n\t\t\t\t<div class=\"elementor-widget-container\">\n\t\t\t\t\t\t\t<div class=\"elementor-image-gallery\">\n\t\t\t<div id='gallery-1' class='gallery galleryid-1055 gallery-columns-4 gallery-size-thumbnail'><figure class='gallery-item'>\n\t\t\t<div class='gallery-icon landscape'>\n\t\t\t\t<a data-elementor-open-lightbox=\"yes\" data-elementor-lightbox-slideshow=\"f059646\" data-elementor-lightbox-title=\"Verifica-Ruota-dentata\" data-e-action-hash=\"#elementor-action%3Aaction%3Dlightbox%26settings%3DeyJpZCI6NTI1LCJ1cmwiOiJodHRwczpcL1wvd3d3LnNvbHppbmdyYW5hZ2dpLml0XC93cC1jb250ZW50XC91cGxvYWRzXC8yMDIyXC8wMlwvVmVyaWZpY2EtUnVvdGEtZGVudGF0YS5qcGciLCJzbGlkZXNob3ciOiJmMDU5NjQ2In0%3D\" href='https:\/\/www.solzingranaggi.it\/wp-content\/uploads\/2022\/02\/Verifica-Ruota-dentata.jpg'><img fetchpriority=\"high\" decoding=\"async\" width=\"300\" height=\"300\" src=\"https:\/\/www.solzingranaggi.it\/wp-content\/uploads\/2022\/02\/Verifica-Ruota-dentata-300x300.jpg\" class=\"attachment-thumbnail size-thumbnail\" alt=\"\" \/><\/a>\n\t\t\t<\/div><\/figure><figure class='gallery-item'>\n\t\t\t<div class='gallery-icon portrait'>\n\t\t\t\t<a data-elementor-open-lightbox=\"yes\" data-elementor-lightbox-slideshow=\"f059646\" data-elementor-lightbox-title=\"SOLZI-INGRANAGGI_macchina keynce\" data-e-action-hash=\"#elementor-action%3Aaction%3Dlightbox%26settings%3DeyJpZCI6MjkwNiwidXJsIjoiaHR0cHM6XC9cL3d3dy5zb2x6aW5ncmFuYWdnaS5pdFwvd3AtY29udGVudFwvdXBsb2Fkc1wvMjAyNFwvMTBcL1NPTFpJLUlOR1JBTkFHR0lfbWFjY2hpbmEta2V5bmNlLXJvdGF0ZWQuanBnIiwic2xpZGVzaG93IjoiZjA1OTY0NiJ9\" href='https:\/\/www.solzingranaggi.it\/wp-content\/uploads\/2024\/10\/SOLZI-INGRANAGGI_macchina-keynce-rotated.jpg'><img decoding=\"async\" width=\"300\" height=\"300\" src=\"https:\/\/www.solzingranaggi.it\/wp-content\/uploads\/2024\/10\/SOLZI-INGRANAGGI_macchina-keynce-300x300.jpg\" class=\"attachment-thumbnail size-thumbnail\" alt=\"\" \/><\/a>\n\t\t\t<\/div><\/figure><figure class='gallery-item'>\n\t\t\t<div class='gallery-icon portrait'>\n\t\t\t\t<a data-elementor-open-lightbox=\"yes\" data-elementor-lightbox-slideshow=\"f059646\" data-elementor-lightbox-title=\"Controllo ingranaggi Zeiss\" data-e-action-hash=\"#elementor-action%3Aaction%3Dlightbox%26settings%3DeyJpZCI6OTQ2LCJ1cmwiOiJodHRwczpcL1wvd3d3LnNvbHppbmdyYW5hZ2dpLml0XC93cC1jb250ZW50XC91cGxvYWRzXC8yMDIyXC8wM1wvQ29udHJvbGxvLWluZ3JhbmFnZ2ktWmVpc3MtMi1zY2FsZWQuanBnIiwic2xpZGVzaG93IjoiZjA1OTY0NiJ9\" href='https:\/\/www.solzingranaggi.it\/wp-content\/uploads\/2022\/03\/Controllo-ingranaggi-Zeiss-2-scaled.jpg'><img decoding=\"async\" width=\"300\" height=\"300\" src=\"https:\/\/www.solzingranaggi.it\/wp-content\/uploads\/2022\/03\/Controllo-ingranaggi-Zeiss-2-300x300.jpg\" class=\"attachment-thumbnail size-thumbnail\" alt=\"\" \/><\/a>\n\t\t\t<\/div><\/figure><figure class='gallery-item'>\n\t\t\t<div class='gallery-icon landscape'>\n\t\t\t\t<a data-elementor-open-lightbox=\"yes\" data-elementor-lightbox-slideshow=\"f059646\" data-elementor-lightbox-title=\"Rugosimetro CQ\" data-e-action-hash=\"#elementor-action%3Aaction%3Dlightbox%26settings%3DeyJpZCI6OTQ5LCJ1cmwiOiJodHRwczpcL1wvd3d3LnNvbHppbmdyYW5hZ2dpLml0XC93cC1jb250ZW50XC91cGxvYWRzXC8yMDIyXC8wM1wvUnVnb3NpbWV0cm8tQ1Etc2NhbGVkLmpwZyIsInNsaWRlc2hvdyI6ImYwNTk2NDYifQ%3D%3D\" href='https:\/\/www.solzingranaggi.it\/wp-content\/uploads\/2022\/03\/Rugosimetro-CQ-scaled.jpg'><img loading=\"lazy\" decoding=\"async\" width=\"300\" height=\"300\" src=\"https:\/\/www.solzingranaggi.it\/wp-content\/uploads\/2022\/03\/Rugosimetro-CQ-300x300.jpg\" class=\"attachment-thumbnail size-thumbnail\" alt=\"\" srcset=\"https:\/\/www.solzingranaggi.it\/wp-content\/uploads\/2022\/03\/Rugosimetro-CQ-300x300.jpg 300w, https:\/\/www.solzingranaggi.it\/wp-content\/uploads\/2022\/03\/Rugosimetro-CQ-1024x1024.jpg 1024w, https:\/\/www.solzingranaggi.it\/wp-content\/uploads\/2022\/03\/Rugosimetro-CQ-768x768.jpg 768w, https:\/\/www.solzingranaggi.it\/wp-content\/uploads\/2022\/03\/Rugosimetro-CQ-1536x1536.jpg 1536w, https:\/\/www.solzingranaggi.it\/wp-content\/uploads\/2022\/03\/Rugosimetro-CQ-2048x2048.jpg 2048w\" sizes=\"(max-width: 300px) 100vw, 300px\" \/><\/a>\n\t\t\t<\/div><\/figure>\n\t\t<\/div>\n\t\t<\/div>\n\t\t\t\t\t\t<\/div>\n\t\t\t\t<\/div>\n\t\t\t\t\t<\/div>\n\t\t<\/div>\n\t\t\t\t\t<\/div>\n\t\t<\/section>\n\t\t\t\t<\/div>\n\t\t","protected":false},"excerpt":{"rendered":"<p>Solzi Ingranaggi verfolgt eine konsequente Qualit\u00e4tspolitik in deren Mittelpunkt st\u00e4ndige Optimierungen stehen. Unser Wachstum verdanken wir dem kontinuierlichen Streben nach Flexibilit\u00e4t, Qualit\u00e4t und Service. Dabei wird gro\u00dfer Wert auf eine fortschrittliche Unternehmensorganisation und einen ethischen F\u00fchrungsstil nach den Richtlinien der Norm ISO 9001:2015 gelegt.\u00a0 Das Qualit\u00e4tsmanagement, die Unternehmensleitung und unsere Mitarbeiter arbeiten dabei Hand in [&hellip;]<\/p>\n","protected":false},"author":1,"featured_media":0,"parent":0,"menu_order":0,"comment_status":"closed","ping_status":"closed","template":"","meta":{"footnotes":""},"class_list":["post-1055","page","type-page","status-publish","hentry"],"yoast_head":"<!-- This site is optimized with the Yoast SEO plugin v27.4 - https:\/\/yoast.com\/product\/yoast-seo-wordpress\/ -->\n<title>Qualit\u00e4t - Solzi Ingranaggi<\/title>\n<meta name=\"robots\" content=\"index, follow, max-snippet:-1, max-image-preview:large, max-video-preview:-1\" \/>\n<link rel=\"canonical\" href=\"https:\/\/www.solzingranaggi.it\/de\/qualitaet\/\" \/>\n<meta property=\"og:locale\" content=\"de_DE\" \/>\n<meta property=\"og:type\" content=\"article\" \/>\n<meta property=\"og:title\" content=\"Qualit\u00e4t - Solzi Ingranaggi\" \/>\n<meta property=\"og:description\" content=\"Solzi Ingranaggi verfolgt eine konsequente Qualit\u00e4tspolitik in deren Mittelpunkt st\u00e4ndige Optimierungen stehen. Unser Wachstum verdanken wir dem kontinuierlichen Streben nach Flexibilit\u00e4t, Qualit\u00e4t und Service. Dabei wird gro\u00dfer Wert auf eine fortschrittliche Unternehmensorganisation und einen ethischen F\u00fchrungsstil nach den Richtlinien der Norm ISO 9001:2015 gelegt.\u00a0 Das Qualit\u00e4tsmanagement, die Unternehmensleitung und unsere Mitarbeiter arbeiten dabei Hand in [&hellip;]\" \/>\n<meta property=\"og:url\" content=\"https:\/\/www.solzingranaggi.it\/de\/qualitaet\/\" \/>\n<meta property=\"og:site_name\" content=\"Solzi Ingranaggi\" \/>\n<meta property=\"article:modified_time\" content=\"2025-11-18T15:43:04+00:00\" \/>\n<meta property=\"og:image\" content=\"https:\/\/www.solzingranaggi.it\/wp-content\/uploads\/2022\/02\/Verifica-Ruota-dentata-300x300.jpg\" \/>\n<meta name=\"twitter:card\" content=\"summary_large_image\" \/>\n<meta name=\"twitter:label1\" content=\"Gesch\u00e4tzte Lesezeit\" \/>\n\t<meta name=\"twitter:data1\" content=\"1\u00a0Minute\" \/>\n<script type=\"application\/ld+json\" class=\"yoast-schema-graph\">{\"@context\":\"https:\\\/\\\/schema.org\",\"@graph\":[{\"@type\":\"WebPage\",\"@id\":\"https:\\\/\\\/www.solzingranaggi.it\\\/de\\\/qualitaet\\\/\",\"url\":\"https:\\\/\\\/www.solzingranaggi.it\\\/de\\\/qualitaet\\\/\",\"name\":\"Qualit\u00e4t - Solzi Ingranaggi\",\"isPartOf\":{\"@id\":\"https:\\\/\\\/www.solzingranaggi.it\\\/de\\\/#website\"},\"primaryImageOfPage\":{\"@id\":\"https:\\\/\\\/www.solzingranaggi.it\\\/de\\\/qualitaet\\\/#primaryimage\"},\"image\":{\"@id\":\"https:\\\/\\\/www.solzingranaggi.it\\\/de\\\/qualitaet\\\/#primaryimage\"},\"thumbnailUrl\":\"https:\\\/\\\/www.solzingranaggi.it\\\/wp-content\\\/uploads\\\/2022\\\/02\\\/Verifica-Ruota-dentata-300x300.jpg\",\"datePublished\":\"2022-02-15T14:58:53+00:00\",\"dateModified\":\"2025-11-18T15:43:04+00:00\",\"breadcrumb\":{\"@id\":\"https:\\\/\\\/www.solzingranaggi.it\\\/de\\\/qualitaet\\\/#breadcrumb\"},\"inLanguage\":\"de\",\"potentialAction\":[{\"@type\":\"ReadAction\",\"target\":[\"https:\\\/\\\/www.solzingranaggi.it\\\/de\\\/qualitaet\\\/\"]}]},{\"@type\":\"ImageObject\",\"inLanguage\":\"de\",\"@id\":\"https:\\\/\\\/www.solzingranaggi.it\\\/de\\\/qualitaet\\\/#primaryimage\",\"url\":\"https:\\\/\\\/www.solzingranaggi.it\\\/wp-content\\\/uploads\\\/2022\\\/02\\\/Verifica-Ruota-dentata-300x300.jpg\",\"contentUrl\":\"https:\\\/\\\/www.solzingranaggi.it\\\/wp-content\\\/uploads\\\/2022\\\/02\\\/Verifica-Ruota-dentata-300x300.jpg\"},{\"@type\":\"BreadcrumbList\",\"@id\":\"https:\\\/\\\/www.solzingranaggi.it\\\/de\\\/qualitaet\\\/#breadcrumb\",\"itemListElement\":[{\"@type\":\"ListItem\",\"position\":1,\"name\":\"Home\",\"item\":\"https:\\\/\\\/www.solzingranaggi.it\\\/de\\\/\"},{\"@type\":\"ListItem\",\"position\":2,\"name\":\"Qualit\u00e4t\"}]},{\"@type\":\"WebSite\",\"@id\":\"https:\\\/\\\/www.solzingranaggi.it\\\/de\\\/#website\",\"url\":\"https:\\\/\\\/www.solzingranaggi.it\\\/de\\\/\",\"name\":\"Solzi Ingranaggi\",\"description\":\"Progettazione e Produzione di ingranaggi\",\"publisher\":{\"@id\":\"https:\\\/\\\/www.solzingranaggi.it\\\/de\\\/#organization\"},\"potentialAction\":[{\"@type\":\"SearchAction\",\"target\":{\"@type\":\"EntryPoint\",\"urlTemplate\":\"https:\\\/\\\/www.solzingranaggi.it\\\/de\\\/?s={search_term_string}\"},\"query-input\":{\"@type\":\"PropertyValueSpecification\",\"valueRequired\":true,\"valueName\":\"search_term_string\"}}],\"inLanguage\":\"de\"},{\"@type\":\"Organization\",\"@id\":\"https:\\\/\\\/www.solzingranaggi.it\\\/de\\\/#organization\",\"name\":\"Solzi Ingranaggi\",\"url\":\"https:\\\/\\\/www.solzingranaggi.it\\\/de\\\/\",\"logo\":{\"@type\":\"ImageObject\",\"inLanguage\":\"de\",\"@id\":\"https:\\\/\\\/www.solzingranaggi.it\\\/de\\\/#\\\/schema\\\/logo\\\/image\\\/\",\"url\":\"https:\\\/\\\/www.solzingranaggi.it\\\/wp-content\\\/uploads\\\/2022\\\/02\\\/logo.png\",\"contentUrl\":\"https:\\\/\\\/www.solzingranaggi.it\\\/wp-content\\\/uploads\\\/2022\\\/02\\\/logo.png\",\"width\":295,\"height\":112,\"caption\":\"Solzi Ingranaggi\"},\"image\":{\"@id\":\"https:\\\/\\\/www.solzingranaggi.it\\\/de\\\/#\\\/schema\\\/logo\\\/image\\\/\"}}]}<\/script>\n<!-- \/ Yoast SEO plugin. -->","yoast_head_json":{"title":"Qualit\u00e4t - Solzi Ingranaggi","robots":{"index":"index","follow":"follow","max-snippet":"max-snippet:-1","max-image-preview":"max-image-preview:large","max-video-preview":"max-video-preview:-1"},"canonical":"https:\/\/www.solzingranaggi.it\/de\/qualitaet\/","og_locale":"de_DE","og_type":"article","og_title":"Qualit\u00e4t - Solzi Ingranaggi","og_description":"Solzi Ingranaggi verfolgt eine konsequente Qualit\u00e4tspolitik in deren Mittelpunkt st\u00e4ndige Optimierungen stehen. Unser Wachstum verdanken wir dem kontinuierlichen Streben nach Flexibilit\u00e4t, Qualit\u00e4t und Service. Dabei wird gro\u00dfer Wert auf eine fortschrittliche Unternehmensorganisation und einen ethischen F\u00fchrungsstil nach den Richtlinien der Norm ISO 9001:2015 gelegt.\u00a0 Das Qualit\u00e4tsmanagement, die Unternehmensleitung und unsere Mitarbeiter arbeiten dabei Hand in [&hellip;]","og_url":"https:\/\/www.solzingranaggi.it\/de\/qualitaet\/","og_site_name":"Solzi Ingranaggi","article_modified_time":"2025-11-18T15:43:04+00:00","og_image":[{"url":"https:\/\/www.solzingranaggi.it\/wp-content\/uploads\/2022\/02\/Verifica-Ruota-dentata-300x300.jpg","type":"","width":"","height":""}],"twitter_card":"summary_large_image","twitter_misc":{"Gesch\u00e4tzte Lesezeit":"1\u00a0Minute"},"schema":{"@context":"https:\/\/schema.org","@graph":[{"@type":"WebPage","@id":"https:\/\/www.solzingranaggi.it\/de\/qualitaet\/","url":"https:\/\/www.solzingranaggi.it\/de\/qualitaet\/","name":"Qualit\u00e4t - Solzi Ingranaggi","isPartOf":{"@id":"https:\/\/www.solzingranaggi.it\/de\/#website"},"primaryImageOfPage":{"@id":"https:\/\/www.solzingranaggi.it\/de\/qualitaet\/#primaryimage"},"image":{"@id":"https:\/\/www.solzingranaggi.it\/de\/qualitaet\/#primaryimage"},"thumbnailUrl":"https:\/\/www.solzingranaggi.it\/wp-content\/uploads\/2022\/02\/Verifica-Ruota-dentata-300x300.jpg","datePublished":"2022-02-15T14:58:53+00:00","dateModified":"2025-11-18T15:43:04+00:00","breadcrumb":{"@id":"https:\/\/www.solzingranaggi.it\/de\/qualitaet\/#breadcrumb"},"inLanguage":"de","potentialAction":[{"@type":"ReadAction","target":["https:\/\/www.solzingranaggi.it\/de\/qualitaet\/"]}]},{"@type":"ImageObject","inLanguage":"de","@id":"https:\/\/www.solzingranaggi.it\/de\/qualitaet\/#primaryimage","url":"https:\/\/www.solzingranaggi.it\/wp-content\/uploads\/2022\/02\/Verifica-Ruota-dentata-300x300.jpg","contentUrl":"https:\/\/www.solzingranaggi.it\/wp-content\/uploads\/2022\/02\/Verifica-Ruota-dentata-300x300.jpg"},{"@type":"BreadcrumbList","@id":"https:\/\/www.solzingranaggi.it\/de\/qualitaet\/#breadcrumb","itemListElement":[{"@type":"ListItem","position":1,"name":"Home","item":"https:\/\/www.solzingranaggi.it\/de\/"},{"@type":"ListItem","position":2,"name":"Qualit\u00e4t"}]},{"@type":"WebSite","@id":"https:\/\/www.solzingranaggi.it\/de\/#website","url":"https:\/\/www.solzingranaggi.it\/de\/","name":"Solzi Ingranaggi","description":"Progettazione e Produzione di ingranaggi","publisher":{"@id":"https:\/\/www.solzingranaggi.it\/de\/#organization"},"potentialAction":[{"@type":"SearchAction","target":{"@type":"EntryPoint","urlTemplate":"https:\/\/www.solzingranaggi.it\/de\/?s={search_term_string}"},"query-input":{"@type":"PropertyValueSpecification","valueRequired":true,"valueName":"search_term_string"}}],"inLanguage":"de"},{"@type":"Organization","@id":"https:\/\/www.solzingranaggi.it\/de\/#organization","name":"Solzi Ingranaggi","url":"https:\/\/www.solzingranaggi.it\/de\/","logo":{"@type":"ImageObject","inLanguage":"de","@id":"https:\/\/www.solzingranaggi.it\/de\/#\/schema\/logo\/image\/","url":"https:\/\/www.solzingranaggi.it\/wp-content\/uploads\/2022\/02\/logo.png","contentUrl":"https:\/\/www.solzingranaggi.it\/wp-content\/uploads\/2022\/02\/logo.png","width":295,"height":112,"caption":"Solzi Ingranaggi"},"image":{"@id":"https:\/\/www.solzingranaggi.it\/de\/#\/schema\/logo\/image\/"}}]}},"_links":{"self":[{"href":"https:\/\/www.solzingranaggi.it\/de\/wp-json\/wp\/v2\/pages\/1055","targetHints":{"allow":["GET"]}}],"collection":[{"href":"https:\/\/www.solzingranaggi.it\/de\/wp-json\/wp\/v2\/pages"}],"about":[{"href":"https:\/\/www.solzingranaggi.it\/de\/wp-json\/wp\/v2\/types\/page"}],"author":[{"embeddable":true,"href":"https:\/\/www.solzingranaggi.it\/de\/wp-json\/wp\/v2\/users\/1"}],"replies":[{"embeddable":true,"href":"https:\/\/www.solzingranaggi.it\/de\/wp-json\/wp\/v2\/comments?post=1055"}],"version-history":[{"count":15,"href":"https:\/\/www.solzingranaggi.it\/de\/wp-json\/wp\/v2\/pages\/1055\/revisions"}],"predecessor-version":[{"id":3209,"href":"https:\/\/www.solzingranaggi.it\/de\/wp-json\/wp\/v2\/pages\/1055\/revisions\/3209"}],"wp:attachment":[{"href":"https:\/\/www.solzingranaggi.it\/de\/wp-json\/wp\/v2\/media?parent=1055"}],"curies":[{"name":"wp","href":"https:\/\/api.w.org\/{rel}","templated":true}]}}