{"id":989,"date":"2022-02-15T15:58:41","date_gmt":"2022-02-15T14:58:41","guid":{"rendered":"https:\/\/staging.solzingranaggi.it\/azienda\/"},"modified":"2022-03-23T11:52:50","modified_gmt":"2022-03-23T10:52:50","slug":"unternehmen","status":"publish","type":"page","link":"https:\/\/www.solzingranaggi.it\/de\/unternehmen\/","title":{"rendered":"Unternehmen"},"content":{"rendered":"\t\t<div data-elementor-type=\"wp-page\" data-elementor-id=\"989\" class=\"elementor elementor-989 elementor-89\" data-elementor-post-type=\"page\">\n\t\t\t\t\t\t<section data-particle_enable=\"false\" data-particle-mobile-disabled=\"false\" class=\"elementor-section elementor-top-section elementor-element elementor-element-baefa67 elementor-section-boxed elementor-section-height-default elementor-section-height-default\" data-id=\"baefa67\" data-element_type=\"section\" data-e-type=\"section\">\n\t\t\t\t\t\t<div class=\"elementor-container elementor-column-gap-default\">\n\t\t\t\t\t<div class=\"elementor-column elementor-col-100 elementor-top-column elementor-element elementor-element-e9c9281\" data-id=\"e9c9281\" data-element_type=\"column\" data-e-type=\"column\">\n\t\t\t<div class=\"elementor-widget-wrap elementor-element-populated\">\n\t\t\t\t\t\t<div class=\"elementor-element elementor-element-ec8e014 elementor-widget elementor-widget-heading\" data-id=\"ec8e014\" data-element_type=\"widget\" data-e-type=\"widget\" data-widget_type=\"heading.default\">\n\t\t\t\t<div class=\"elementor-widget-container\">\n\t\t\t\t\t<h1 class=\"elementor-heading-title elementor-size-default\">Unternehmen<\/h1>\t\t\t\t<\/div>\n\t\t\t\t<\/div>\n\t\t\t\t<div class=\"elementor-element elementor-element-3958567 elementor-widget elementor-widget-video\" data-id=\"3958567\" data-element_type=\"widget\" data-e-type=\"widget\" data-settings=\"{&quot;youtube_url&quot;:&quot;https:\\\/\\\/www.youtube.com\\\/watch?v=oBXbNk9wtJw&quot;,&quot;video_type&quot;:&quot;youtube&quot;,&quot;controls&quot;:&quot;yes&quot;}\" data-widget_type=\"video.default\">\n\t\t\t\t<div class=\"elementor-widget-container\">\n\t\t\t\t\t\t\t<div class=\"elementor-wrapper elementor-open-inline\">\n\t\t\t<div class=\"elementor-video\"><\/div>\t\t<\/div>\n\t\t\t\t\t\t<\/div>\n\t\t\t\t<\/div>\n\t\t\t\t\t<\/div>\n\t\t<\/div>\n\t\t\t\t\t<\/div>\n\t\t<\/section>\n\t\t\t\t<section data-particle_enable=\"false\" data-particle-mobile-disabled=\"false\" class=\"elementor-section elementor-top-section elementor-element elementor-element-f060a00 elementor-section-boxed elementor-section-height-default elementor-section-height-default\" data-id=\"f060a00\" data-element_type=\"section\" data-e-type=\"section\">\n\t\t\t\t\t\t<div class=\"elementor-container elementor-column-gap-default\">\n\t\t\t\t\t<div class=\"elementor-column elementor-col-100 elementor-top-column elementor-element elementor-element-fcf66f1\" data-id=\"fcf66f1\" data-element_type=\"column\" data-e-type=\"column\">\n\t\t\t<div class=\"elementor-widget-wrap elementor-element-populated\">\n\t\t\t\t\t\t<div class=\"elementor-element elementor-element-5590b08 elementor-widget elementor-widget-text-editor\" data-id=\"5590b08\" data-element_type=\"widget\" data-e-type=\"widget\" data-widget_type=\"text-editor.default\">\n\t\t\t\t<div class=\"elementor-widget-container\">\n\t\t\t\t\t\t\t\t\t<p>Unser Unternehmen verf\u00fcgt \u00fcber eine Jahrzehnte lange Erfahrung in der Herstellung von Feinwerkverzahnung und Kleingetrieben.<\/p><p>Seit der Unternehmensgr\u00fcndung im Jahr 1970 hat Herr Ugo Solzi das Unternehmen mit gro\u00dfer Dynamik, Flexibilt\u00e4t und unersch\u00fctterlichem Glauben an die Nachhaltigkeit hochqualitativer Produkte nach vorne gebracht. Dadurch haben wir uns das Vertrauen eines gro\u00dfen, globalen Kundenstamms verdient.<\/p><p>Durch die st\u00e4ndige Modernisierung unseres Maschinenparks k\u00f6nnen wir die Herstellung hochqualitativer Produkte sichern, ausgew\u00e4hlt durch die vertrauensvolle Zusammenarbeit mit unseren Schweizer Maschinenherstellern.<\/p><p>Auch nach dem Generationswechsel in der Unternehmensf\u00fchrung, steht bei uns der Kunde weiterhin im Vordergrund. So k\u00f6nnen wir die verschiedensten Kundenw\u00fcnsche befriedigen, sei es im Prototyping oder in der Herstellung kleiner sowie gro\u00dfer Serien.<\/p><p>Wir setzen unsere langj\u00e4hrige Erfahrung in der Entwicklung von kundenspezifischen Produkten in enger Zusammenarbeit mit unseren Kunden ein.<\/p><p>Unsere Produktqualit\u00e4t wird durch interne Kontrollprozesse garantiert, konform mit der Norm UNI EN ISO 9001:2015 und stetig an aktuelle Normen angepasst.\u00a0<\/p><h3>Unsere Philosophie<\/h3><p>Solzi Ingranaggi ist ein Bezugsunternehmen f\u00fcr die Entwicklung und Produktion von verzahnten Teilen und Getriebemotoren im niedrigen Leistungsbereich, z.B. Planetengetrieben, Flachgetrieben und Schneckengetrieben.<\/p><p>Bei der Entwicklung flie\u00dfen unsere langj\u00e4rige Erfahrung und unser Wissen ein. Unser stetiges Wachstum verdanken wir unserem Engagement und regelm\u00e4\u00dfigen Innovationen in unserem Maschinenpark sowie kontinuierlichen Schulungen unseres Personals. Dabei werden wir unseren Kundenanforderungen gerecht durch Flexibilit\u00e4t, Qualit\u00e4t und Serviceorientierung.<\/p><p>Dadurch, dass wir neben unseren verzahnten Teilen eine gro\u00dfe Bandbreite von Getriebemotoren anbieten k\u00f6nnen, haben wir unser H\u00e4ndlernetzt erfolgreich \u00fcber den italienischen Markt hinaus international ausgeweitet.<\/p><p>Was uns ausmacht:<\/p><ul><li>Jahrzehnte lange Erfarung in der Entwicklung und Herstellung von verzahnten Teilen und Kleingetrieben.<\/li><li>Hohe Flexibilit\u00e4t, durch die wir die unterschiedlichsten Kundenanfragen umsetzen k\u00f6nnen sowohl bei kleinen als auch gro\u00dfen Serien.<\/li><li>Technische Kompetenz, durch die wir unsere Kunden bei der Projektentwicklung,optimal unterst\u00fctzen k\u00f6nnen von der L\u00f6sungsfindung bis hin zur Prototypen- und Serienproduktion.<\/li><li>Kontrollierte Qualit\u00e4t, konform mit der Norm UNI EN ISO 9001:2015.<\/li><\/ul>\t\t\t\t\t\t\t\t<\/div>\n\t\t\t\t<\/div>\n\t\t\t\t\t<\/div>\n\t\t<\/div>\n\t\t\t\t\t<\/div>\n\t\t<\/section>\n\t\t\t\t<\/div>\n\t\t","protected":false},"excerpt":{"rendered":"<p>Unser Unternehmen verf\u00fcgt \u00fcber eine Jahrzehnte lange Erfahrung in der Herstellung von Feinwerkverzahnung und Kleingetrieben. Seit der Unternehmensgr\u00fcndung im Jahr 1970 hat Herr Ugo Solzi das Unternehmen mit gro\u00dfer Dynamik, Flexibilt\u00e4t und unersch\u00fctterlichem Glauben an die Nachhaltigkeit hochqualitativer Produkte nach vorne gebracht. Dadurch haben wir uns das Vertrauen eines gro\u00dfen, globalen Kundenstamms verdient. Durch die [&hellip;]<\/p>\n","protected":false},"author":1,"featured_media":0,"parent":0,"menu_order":0,"comment_status":"closed","ping_status":"closed","template":"","meta":{"footnotes":""},"class_list":["post-989","page","type-page","status-publish","hentry"],"yoast_head":"<!-- This site is optimized with the Yoast SEO plugin v27.4 - https:\/\/yoast.com\/product\/yoast-seo-wordpress\/ -->\n<title>Unternehmen - Solzi Ingranaggi<\/title>\n<meta name=\"robots\" content=\"index, follow, max-snippet:-1, max-image-preview:large, max-video-preview:-1\" \/>\n<link rel=\"canonical\" href=\"https:\/\/www.solzingranaggi.it\/de\/unternehmen\/\" \/>\n<meta property=\"og:locale\" content=\"de_DE\" \/>\n<meta property=\"og:type\" content=\"article\" \/>\n<meta property=\"og:title\" content=\"Unternehmen - Solzi Ingranaggi\" \/>\n<meta property=\"og:description\" content=\"Unser Unternehmen verf\u00fcgt \u00fcber eine Jahrzehnte lange Erfahrung in der Herstellung von Feinwerkverzahnung und Kleingetrieben. Seit der Unternehmensgr\u00fcndung im Jahr 1970 hat Herr Ugo Solzi das Unternehmen mit gro\u00dfer Dynamik, Flexibilt\u00e4t und unersch\u00fctterlichem Glauben an die Nachhaltigkeit hochqualitativer Produkte nach vorne gebracht. Dadurch haben wir uns das Vertrauen eines gro\u00dfen, globalen Kundenstamms verdient. Durch die [&hellip;]\" \/>\n<meta property=\"og:url\" content=\"https:\/\/www.solzingranaggi.it\/de\/unternehmen\/\" \/>\n<meta property=\"og:site_name\" content=\"Solzi Ingranaggi\" \/>\n<meta property=\"article:modified_time\" content=\"2022-03-23T10:52:50+00:00\" \/>\n<meta name=\"twitter:card\" content=\"summary_large_image\" \/>\n<meta name=\"twitter:label1\" content=\"Gesch\u00e4tzte Lesezeit\" \/>\n\t<meta name=\"twitter:data1\" content=\"2\u00a0Minuten\" \/>\n<script type=\"application\/ld+json\" class=\"yoast-schema-graph\">{\"@context\":\"https:\\\/\\\/schema.org\",\"@graph\":[{\"@type\":\"WebPage\",\"@id\":\"https:\\\/\\\/www.solzingranaggi.it\\\/de\\\/unternehmen\\\/\",\"url\":\"https:\\\/\\\/www.solzingranaggi.it\\\/de\\\/unternehmen\\\/\",\"name\":\"Unternehmen - Solzi Ingranaggi\",\"isPartOf\":{\"@id\":\"https:\\\/\\\/www.solzingranaggi.it\\\/de\\\/#website\"},\"datePublished\":\"2022-02-15T14:58:41+00:00\",\"dateModified\":\"2022-03-23T10:52:50+00:00\",\"breadcrumb\":{\"@id\":\"https:\\\/\\\/www.solzingranaggi.it\\\/de\\\/unternehmen\\\/#breadcrumb\"},\"inLanguage\":\"de\",\"potentialAction\":[{\"@type\":\"ReadAction\",\"target\":[\"https:\\\/\\\/www.solzingranaggi.it\\\/de\\\/unternehmen\\\/\"]}]},{\"@type\":\"BreadcrumbList\",\"@id\":\"https:\\\/\\\/www.solzingranaggi.it\\\/de\\\/unternehmen\\\/#breadcrumb\",\"itemListElement\":[{\"@type\":\"ListItem\",\"position\":1,\"name\":\"Home\",\"item\":\"https:\\\/\\\/www.solzingranaggi.it\\\/de\\\/\"},{\"@type\":\"ListItem\",\"position\":2,\"name\":\"Unternehmen\"}]},{\"@type\":\"WebSite\",\"@id\":\"https:\\\/\\\/www.solzingranaggi.it\\\/de\\\/#website\",\"url\":\"https:\\\/\\\/www.solzingranaggi.it\\\/de\\\/\",\"name\":\"Solzi Ingranaggi\",\"description\":\"Progettazione e Produzione di ingranaggi\",\"publisher\":{\"@id\":\"https:\\\/\\\/www.solzingranaggi.it\\\/de\\\/#organization\"},\"potentialAction\":[{\"@type\":\"SearchAction\",\"target\":{\"@type\":\"EntryPoint\",\"urlTemplate\":\"https:\\\/\\\/www.solzingranaggi.it\\\/de\\\/?s={search_term_string}\"},\"query-input\":{\"@type\":\"PropertyValueSpecification\",\"valueRequired\":true,\"valueName\":\"search_term_string\"}}],\"inLanguage\":\"de\"},{\"@type\":\"Organization\",\"@id\":\"https:\\\/\\\/www.solzingranaggi.it\\\/de\\\/#organization\",\"name\":\"Solzi Ingranaggi\",\"url\":\"https:\\\/\\\/www.solzingranaggi.it\\\/de\\\/\",\"logo\":{\"@type\":\"ImageObject\",\"inLanguage\":\"de\",\"@id\":\"https:\\\/\\\/www.solzingranaggi.it\\\/de\\\/#\\\/schema\\\/logo\\\/image\\\/\",\"url\":\"https:\\\/\\\/www.solzingranaggi.it\\\/wp-content\\\/uploads\\\/2022\\\/02\\\/logo.png\",\"contentUrl\":\"https:\\\/\\\/www.solzingranaggi.it\\\/wp-content\\\/uploads\\\/2022\\\/02\\\/logo.png\",\"width\":295,\"height\":112,\"caption\":\"Solzi Ingranaggi\"},\"image\":{\"@id\":\"https:\\\/\\\/www.solzingranaggi.it\\\/de\\\/#\\\/schema\\\/logo\\\/image\\\/\"}}]}<\/script>\n<!-- \/ Yoast SEO plugin. -->","yoast_head_json":{"title":"Unternehmen - Solzi Ingranaggi","robots":{"index":"index","follow":"follow","max-snippet":"max-snippet:-1","max-image-preview":"max-image-preview:large","max-video-preview":"max-video-preview:-1"},"canonical":"https:\/\/www.solzingranaggi.it\/de\/unternehmen\/","og_locale":"de_DE","og_type":"article","og_title":"Unternehmen - Solzi Ingranaggi","og_description":"Unser Unternehmen verf\u00fcgt \u00fcber eine Jahrzehnte lange Erfahrung in der Herstellung von Feinwerkverzahnung und Kleingetrieben. Seit der Unternehmensgr\u00fcndung im Jahr 1970 hat Herr Ugo Solzi das Unternehmen mit gro\u00dfer Dynamik, Flexibilt\u00e4t und unersch\u00fctterlichem Glauben an die Nachhaltigkeit hochqualitativer Produkte nach vorne gebracht. Dadurch haben wir uns das Vertrauen eines gro\u00dfen, globalen Kundenstamms verdient. Durch die [&hellip;]","og_url":"https:\/\/www.solzingranaggi.it\/de\/unternehmen\/","og_site_name":"Solzi Ingranaggi","article_modified_time":"2022-03-23T10:52:50+00:00","twitter_card":"summary_large_image","twitter_misc":{"Gesch\u00e4tzte Lesezeit":"2\u00a0Minuten"},"schema":{"@context":"https:\/\/schema.org","@graph":[{"@type":"WebPage","@id":"https:\/\/www.solzingranaggi.it\/de\/unternehmen\/","url":"https:\/\/www.solzingranaggi.it\/de\/unternehmen\/","name":"Unternehmen - Solzi Ingranaggi","isPartOf":{"@id":"https:\/\/www.solzingranaggi.it\/de\/#website"},"datePublished":"2022-02-15T14:58:41+00:00","dateModified":"2022-03-23T10:52:50+00:00","breadcrumb":{"@id":"https:\/\/www.solzingranaggi.it\/de\/unternehmen\/#breadcrumb"},"inLanguage":"de","potentialAction":[{"@type":"ReadAction","target":["https:\/\/www.solzingranaggi.it\/de\/unternehmen\/"]}]},{"@type":"BreadcrumbList","@id":"https:\/\/www.solzingranaggi.it\/de\/unternehmen\/#breadcrumb","itemListElement":[{"@type":"ListItem","position":1,"name":"Home","item":"https:\/\/www.solzingranaggi.it\/de\/"},{"@type":"ListItem","position":2,"name":"Unternehmen"}]},{"@type":"WebSite","@id":"https:\/\/www.solzingranaggi.it\/de\/#website","url":"https:\/\/www.solzingranaggi.it\/de\/","name":"Solzi Ingranaggi","description":"Progettazione e Produzione di ingranaggi","publisher":{"@id":"https:\/\/www.solzingranaggi.it\/de\/#organization"},"potentialAction":[{"@type":"SearchAction","target":{"@type":"EntryPoint","urlTemplate":"https:\/\/www.solzingranaggi.it\/de\/?s={search_term_string}"},"query-input":{"@type":"PropertyValueSpecification","valueRequired":true,"valueName":"search_term_string"}}],"inLanguage":"de"},{"@type":"Organization","@id":"https:\/\/www.solzingranaggi.it\/de\/#organization","name":"Solzi Ingranaggi","url":"https:\/\/www.solzingranaggi.it\/de\/","logo":{"@type":"ImageObject","inLanguage":"de","@id":"https:\/\/www.solzingranaggi.it\/de\/#\/schema\/logo\/image\/","url":"https:\/\/www.solzingranaggi.it\/wp-content\/uploads\/2022\/02\/logo.png","contentUrl":"https:\/\/www.solzingranaggi.it\/wp-content\/uploads\/2022\/02\/logo.png","width":295,"height":112,"caption":"Solzi Ingranaggi"},"image":{"@id":"https:\/\/www.solzingranaggi.it\/de\/#\/schema\/logo\/image\/"}}]}},"_links":{"self":[{"href":"https:\/\/www.solzingranaggi.it\/de\/wp-json\/wp\/v2\/pages\/989","targetHints":{"allow":["GET"]}}],"collection":[{"href":"https:\/\/www.solzingranaggi.it\/de\/wp-json\/wp\/v2\/pages"}],"about":[{"href":"https:\/\/www.solzingranaggi.it\/de\/wp-json\/wp\/v2\/types\/page"}],"author":[{"embeddable":true,"href":"https:\/\/www.solzingranaggi.it\/de\/wp-json\/wp\/v2\/users\/1"}],"replies":[{"embeddable":true,"href":"https:\/\/www.solzingranaggi.it\/de\/wp-json\/wp\/v2\/comments?post=989"}],"version-history":[{"count":0,"href":"https:\/\/www.solzingranaggi.it\/de\/wp-json\/wp\/v2\/pages\/989\/revisions"}],"wp:attachment":[{"href":"https:\/\/www.solzingranaggi.it\/de\/wp-json\/wp\/v2\/media?parent=989"}],"curies":[{"name":"wp","href":"https:\/\/api.w.org\/{rel}","templated":true}]}}