{"id":2460,"date":"2022-02-18T09:26:28","date_gmt":"2022-02-18T08:26:28","guid":{"rendered":"https:\/\/www.solzingranaggi.it\/motoriduttori\/"},"modified":"2023-06-30T15:56:12","modified_gmt":"2023-06-30T13:56:12","slug":"motorreductores","status":"publish","type":"page","link":"https:\/\/www.solzingranaggi.it\/es\/productos\/motorreductores\/","title":{"rendered":"Motorreductores"},"content":{"rendered":"\t\t<div data-elementor-type=\"wp-page\" data-elementor-id=\"2460\" class=\"elementor elementor-2460 elementor-201\" data-elementor-post-type=\"page\">\n\t\t\t\t\t\t<section data-particle_enable=\"false\" data-particle-mobile-disabled=\"false\" class=\"elementor-section elementor-top-section elementor-element elementor-element-0e2bd12 elementor-section-boxed elementor-section-height-default elementor-section-height-default\" data-id=\"0e2bd12\" data-element_type=\"section\" data-e-type=\"section\">\n\t\t\t\t\t\t<div class=\"elementor-container elementor-column-gap-default\">\n\t\t\t\t\t<div class=\"elementor-column elementor-col-33 elementor-top-column elementor-element elementor-element-c9d11c1\" data-id=\"c9d11c1\" data-element_type=\"column\" data-e-type=\"column\">\n\t\t\t<div class=\"elementor-widget-wrap elementor-element-populated\">\n\t\t\t\t\t\t<div class=\"elementor-element elementor-element-f05e4b1 elementor-widget elementor-widget-sidebar\" data-id=\"f05e4b1\" data-element_type=\"widget\" data-e-type=\"widget\" data-widget_type=\"sidebar.default\">\n\t\t\t\t<div class=\"elementor-widget-container\">\n\t\t\t\t\t<li id=\"nav_menu-5\" class=\"widget widget_nav_menu\"><h2 class=\"widgettitle\">Nuestros productos<\/h2>\n<nav class=\"menu-menu-prodotti-new-ita-spagnolo-container\" aria-label=\"Nuestros productos\"><ul id=\"menu-menu-prodotti-new-ita-spagnolo\" class=\"menu\"><li id=\"menu-item-2632\" class=\"menu-item menu-item-type-post_type menu-item-object-page menu-item-has-children menu-item-2632\"><a href=\"https:\/\/www.solzingranaggi.it\/es\/productos\/engranajes\/\">Engranajes<\/a>\n<ul class=\"sub-menu\">\n\t<li id=\"menu-item-2633\" class=\"menu-item menu-item-type-post_type menu-item-object-prodotto menu-item-2633\"><a href=\"https:\/\/www.solzingranaggi.it\/es\/catalogo\/engranajes-rectos-o-helicoidales\/\">Engranajes rectos o helicoidales<\/a><\/li>\n\t<li id=\"menu-item-2634\" class=\"menu-item menu-item-type-post_type menu-item-object-prodotto menu-item-2634\"><a href=\"https:\/\/www.solzingranaggi.it\/es\/catalogo\/sinfines\/\">Sinfines<\/a><\/li>\n\t<li id=\"menu-item-2635\" class=\"menu-item menu-item-type-post_type menu-item-object-prodotto menu-item-2635\"><a href=\"https:\/\/www.solzingranaggi.it\/es\/catalogo\/poleas-de-correa\/\">Poleas de correa<\/a><\/li>\n\t<li id=\"menu-item-2636\" class=\"menu-item menu-item-type-post_type menu-item-object-prodotto menu-item-2636\"><a href=\"https:\/\/www.solzingranaggi.it\/es\/catalogo\/engranajes-especiales\/\">Engranajes especiales<\/a><\/li>\n\t<li id=\"menu-item-2637\" class=\"menu-item menu-item-type-post_type menu-item-object-prodotto menu-item-2637\"><a href=\"https:\/\/www.solzingranaggi.it\/es\/catalogo\/piezas-pequenas-torneadas\/\">Piezas peque\u00f1as torneadas<\/a><\/li>\n<\/ul>\n<\/li>\n<li id=\"menu-item-2638\" class=\"menu-item menu-item-type-post_type menu-item-object-page menu-item-has-children menu-item-2638\"><a href=\"https:\/\/www.solzingranaggi.it\/es\/productos\/motorreductores\/\">Motorreductores<\/a>\n<ul class=\"sub-menu\">\n\t<li id=\"menu-item-2639\" class=\"menu-item menu-item-type-taxonomy menu-item-object-categoria_prodotto menu-item-has-children menu-item-2639\"><a href=\"https:\/\/www.solzingranaggi.it\/es\/categoria-prodotto\/motorreductores\/serie-azul\/\">Serie Azul<\/a>\n\t<ul class=\"sub-menu\">\n\t\t<li id=\"menu-item-2640\" class=\"menu-item menu-item-type-post_type menu-item-object-prodotto menu-item-2640\"><a href=\"https:\/\/www.solzingranaggi.it\/es\/catalogo\/si_rid16\/\">SI_RID16<\/a><\/li>\n\t\t<li id=\"menu-item-2641\" class=\"menu-item menu-item-type-post_type menu-item-object-prodotto menu-item-2641\"><a href=\"https:\/\/www.solzingranaggi.it\/es\/catalogo\/si_rid1\/\">SI_RID1<\/a><\/li>\n\t\t<li id=\"menu-item-2642\" class=\"menu-item menu-item-type-post_type menu-item-object-prodotto menu-item-2642\"><a href=\"https:\/\/www.solzingranaggi.it\/es\/catalogo\/si_rid8\/\">SI_RID8<\/a><\/li>\n\t\t<li id=\"menu-item-2643\" class=\"menu-item menu-item-type-post_type menu-item-object-prodotto menu-item-2643\"><a href=\"https:\/\/www.solzingranaggi.it\/es\/catalogo\/si_rid5\/\">SI_RID5<\/a><\/li>\n\t\t<li id=\"menu-item-2644\" class=\"menu-item menu-item-type-post_type menu-item-object-prodotto menu-item-2644\"><a href=\"https:\/\/www.solzingranaggi.it\/es\/catalogo\/si_rid7\/\">SI_RID7<\/a><\/li>\n\t<\/ul>\n<\/li>\n\t<li id=\"menu-item-2645\" class=\"menu-item menu-item-type-taxonomy menu-item-object-categoria_prodotto menu-item-has-children menu-item-2645\"><a href=\"https:\/\/www.solzingranaggi.it\/es\/categoria-prodotto\/motorreductores\/serie-roja\/\">Serie Roja<\/a>\n\t<ul class=\"sub-menu\">\n\t\t<li id=\"menu-item-2646\" class=\"menu-item menu-item-type-post_type menu-item-object-prodotto menu-item-2646\"><a href=\"https:\/\/www.solzingranaggi.it\/es\/catalogo\/si_rid6\/\">SI_RID6<\/a><\/li>\n\t\t<li id=\"menu-item-2647\" class=\"menu-item menu-item-type-post_type menu-item-object-prodotto menu-item-2647\"><a href=\"https:\/\/www.solzingranaggi.it\/es\/catalogo\/si_rid9\/\">SI_RID9<\/a><\/li>\n\t<\/ul>\n<\/li>\n<\/ul>\n<\/li>\n<\/ul><\/nav><\/li>\n\t\t\t\t<\/div>\n\t\t\t\t<\/div>\n\t\t\t\t\t<\/div>\n\t\t<\/div>\n\t\t\t\t<div class=\"elementor-column elementor-col-66 elementor-top-column elementor-element elementor-element-51beb99\" data-id=\"51beb99\" data-element_type=\"column\" data-e-type=\"column\">\n\t\t\t<div class=\"elementor-widget-wrap elementor-element-populated\">\n\t\t\t\t\t\t<div class=\"elementor-element elementor-element-2ab9e15 elementor-widget elementor-widget-image\" data-id=\"2ab9e15\" data-element_type=\"widget\" data-e-type=\"widget\" data-widget_type=\"image.default\">\n\t\t\t\t<div class=\"elementor-widget-container\">\n\t\t\t\t\t\t\t\t\t\t\t\t\t\t\t<img fetchpriority=\"high\" decoding=\"async\" width=\"850\" height=\"250\" src=\"https:\/\/www.solzingranaggi.it\/wp-content\/uploads\/2022\/02\/foto-motoriduttori.jpg\" class=\"attachment-full size-full wp-image-2219\" alt=\"\" srcset=\"https:\/\/www.solzingranaggi.it\/wp-content\/uploads\/2022\/02\/foto-motoriduttori.jpg 850w, https:\/\/www.solzingranaggi.it\/wp-content\/uploads\/2022\/02\/foto-motoriduttori-300x88.jpg 300w, https:\/\/www.solzingranaggi.it\/wp-content\/uploads\/2022\/02\/foto-motoriduttori-768x226.jpg 768w\" sizes=\"(max-width: 850px) 100vw, 850px\" \/>\t\t\t\t\t\t\t\t\t\t\t\t\t\t\t<\/div>\n\t\t\t\t<\/div>\n\t\t\t\t<div class=\"elementor-element elementor-element-e23fdf6 elementor-widget elementor-widget-text-editor\" data-id=\"e23fdf6\" data-element_type=\"widget\" data-e-type=\"widget\" data-widget_type=\"text-editor.default\">\n\t\t\t\t<div class=\"elementor-widget-container\">\n\t\t\t\t\t\t\t\t\t<p><strong>Reductores planetarios Serie Azul (di\u00e1m. 16, 22, 28, 35 y 42 mm)<br \/><\/strong>Fabricamos los reductores en nuestras instalaciones. En algunos casos tienen ejes de salida personalizados y podemos suministrarlos con motores est\u00e1ndares o, alternativamente, ensamblar con motores suministrados directamente por el cliente.<br \/>Con estos reductores podemos alcanzar pares desde 0,5 hasta 15 Nm. Esta gama incluye varias reducciones que los hacen particularmente vers\u00e1tiles para diversas necesidades.<br \/>Nuestra empresa dise\u00f1a, fabrica, ensambla y prueba los motorreductores planetarios de esta serie.<br \/>En comparaci\u00f3n con los motorreductores tradicionales, la serie Azul puede ofrecer reducciones en espacios m\u00e1s peque\u00f1os con una mayor transmisi\u00f3n de potencia debido a m\u00e1s componentes engranados.<br \/>El campo de uso de motorreductores planetarios es diversificado y muy amplio, gracias a la posibilidad de personalizaciones dimensionales ya una buena relaci\u00f3n calidad\/precio.<br \/>Los engranajes de los reductores planetarios de la serie Azul son fabricados \u00edntegramente en acero y en talladoras CNC, garantizando fiabilidad, calidad, y silencio durante su operaci\u00f3n.<\/p><p><strong>Motorreductores de ejes paralelos Serie Roja (65\u00d765 o 70\u00d7100)<\/strong><br \/>Nuestros reductores de ejes paralelos son fabricados, ensamblados y probados directamente en nuestras instalaciones, en algunos casos tienen ejes de salida personalizados y son suministrados con motores est\u00e1ndares o alternativamente pueden ser ensamblados con motores suministrados directamente por el cliente.<br \/>Con estos reductores podemos alcanzar pares desde 0,5 hasta 20 Nm. En esta gama, algunos engranajes tienen tratamientos t\u00e9rmicos para darle una larga vida y transmitir pares altos.<br \/>El campo de uso de estos motorreductores en cascada es diversificado y amplio, debido a la posibilidad de personalizaciones dimensionales ya una buena relaci\u00f3n calidad\/precio.<br \/>Los engranajes de los reductores de la serie Roja son fabricados \u00edntegramente de acero en talladoras CNC, garantizando fiabilidad, calidad y silencio durante su operaci\u00f3n.<\/p>\t\t\t\t\t\t\t\t<\/div>\n\t\t\t\t<\/div>\n\t\t\t\t\t<\/div>\n\t\t<\/div>\n\t\t\t\t\t<\/div>\n\t\t<\/section>\n\t\t\t\t<\/div>\n\t\t","protected":false},"excerpt":{"rendered":"<p>Reductores planetarios Serie Azul (di\u00e1m. 16, 22, 28, 35 y 42 mm) Fabricamos los reductores en nuestras instalaciones. En algunos casos tienen ejes de salida personalizados y podemos suministrarlos con motores est\u00e1ndares o, alternativamente, ensamblar con motores suministrados directamente por el cliente. Con estos reductores podemos alcanzar pares desde 0,5 hasta 15 Nm. Esta gama [&hellip;]<\/p>\n","protected":false},"author":1,"featured_media":0,"parent":2518,"menu_order":0,"comment_status":"closed","ping_status":"closed","template":"","meta":{"footnotes":""},"class_list":["post-2460","page","type-page","status-publish","hentry"],"yoast_head":"<!-- This site is optimized with the Yoast SEO plugin v27.4 - https:\/\/yoast.com\/product\/yoast-seo-wordpress\/ -->\n<title>Motorreductores - Solzi Ingranaggi<\/title>\n<meta name=\"robots\" content=\"index, follow, max-snippet:-1, max-image-preview:large, max-video-preview:-1\" \/>\n<link rel=\"canonical\" href=\"https:\/\/www.solzingranaggi.it\/es\/productos\/motorreductores\/\" \/>\n<meta property=\"og:locale\" content=\"es_ES\" \/>\n<meta property=\"og:type\" content=\"article\" \/>\n<meta property=\"og:title\" content=\"Motorreductores - Solzi Ingranaggi\" \/>\n<meta property=\"og:description\" content=\"Reductores planetarios Serie Azul (di\u00e1m. 16, 22, 28, 35 y 42 mm) Fabricamos los reductores en nuestras instalaciones. En algunos casos tienen ejes de salida personalizados y podemos suministrarlos con motores est\u00e1ndares o, alternativamente, ensamblar con motores suministrados directamente por el cliente. Con estos reductores podemos alcanzar pares desde 0,5 hasta 15 Nm. Esta gama [&hellip;]\" \/>\n<meta property=\"og:url\" content=\"https:\/\/www.solzingranaggi.it\/es\/productos\/motorreductores\/\" \/>\n<meta property=\"og:site_name\" content=\"Solzi Ingranaggi\" \/>\n<meta property=\"article:modified_time\" content=\"2023-06-30T13:56:12+00:00\" \/>\n<meta property=\"og:image\" content=\"https:\/\/www.solzingranaggi.it\/wp-content\/uploads\/2022\/02\/foto-motoriduttori.jpg\" \/>\n<meta name=\"twitter:card\" content=\"summary_large_image\" \/>\n<meta name=\"twitter:label1\" content=\"Tiempo de lectura\" \/>\n\t<meta name=\"twitter:data1\" content=\"2 minutos\" \/>\n<script type=\"application\/ld+json\" class=\"yoast-schema-graph\">{\"@context\":\"https:\\\/\\\/schema.org\",\"@graph\":[{\"@type\":\"WebPage\",\"@id\":\"https:\\\/\\\/www.solzingranaggi.it\\\/es\\\/productos\\\/motorreductores\\\/\",\"url\":\"https:\\\/\\\/www.solzingranaggi.it\\\/es\\\/productos\\\/motorreductores\\\/\",\"name\":\"Motorreductores - Solzi Ingranaggi\",\"isPartOf\":{\"@id\":\"https:\\\/\\\/www.solzingranaggi.it\\\/es\\\/#website\"},\"primaryImageOfPage\":{\"@id\":\"https:\\\/\\\/www.solzingranaggi.it\\\/es\\\/productos\\\/motorreductores\\\/#primaryimage\"},\"image\":{\"@id\":\"https:\\\/\\\/www.solzingranaggi.it\\\/es\\\/productos\\\/motorreductores\\\/#primaryimage\"},\"thumbnailUrl\":\"https:\\\/\\\/www.solzingranaggi.it\\\/wp-content\\\/uploads\\\/2022\\\/02\\\/foto-motoriduttori.jpg\",\"datePublished\":\"2022-02-18T08:26:28+00:00\",\"dateModified\":\"2023-06-30T13:56:12+00:00\",\"breadcrumb\":{\"@id\":\"https:\\\/\\\/www.solzingranaggi.it\\\/es\\\/productos\\\/motorreductores\\\/#breadcrumb\"},\"inLanguage\":\"es\",\"potentialAction\":[{\"@type\":\"ReadAction\",\"target\":[\"https:\\\/\\\/www.solzingranaggi.it\\\/es\\\/productos\\\/motorreductores\\\/\"]}]},{\"@type\":\"ImageObject\",\"inLanguage\":\"es\",\"@id\":\"https:\\\/\\\/www.solzingranaggi.it\\\/es\\\/productos\\\/motorreductores\\\/#primaryimage\",\"url\":\"https:\\\/\\\/www.solzingranaggi.it\\\/wp-content\\\/uploads\\\/2022\\\/02\\\/foto-motoriduttori.jpg\",\"contentUrl\":\"https:\\\/\\\/www.solzingranaggi.it\\\/wp-content\\\/uploads\\\/2022\\\/02\\\/foto-motoriduttori.jpg\"},{\"@type\":\"BreadcrumbList\",\"@id\":\"https:\\\/\\\/www.solzingranaggi.it\\\/es\\\/productos\\\/motorreductores\\\/#breadcrumb\",\"itemListElement\":[{\"@type\":\"ListItem\",\"position\":1,\"name\":\"Home\",\"item\":\"https:\\\/\\\/www.solzingranaggi.it\\\/es\\\/\"},{\"@type\":\"ListItem\",\"position\":2,\"name\":\"Motorreductores\"}]},{\"@type\":\"WebSite\",\"@id\":\"https:\\\/\\\/www.solzingranaggi.it\\\/es\\\/#website\",\"url\":\"https:\\\/\\\/www.solzingranaggi.it\\\/es\\\/\",\"name\":\"Solzi Ingranaggi\",\"description\":\"Progettazione e Produzione di ingranaggi\",\"publisher\":{\"@id\":\"https:\\\/\\\/www.solzingranaggi.it\\\/es\\\/#organization\"},\"potentialAction\":[{\"@type\":\"SearchAction\",\"target\":{\"@type\":\"EntryPoint\",\"urlTemplate\":\"https:\\\/\\\/www.solzingranaggi.it\\\/es\\\/?s={search_term_string}\"},\"query-input\":{\"@type\":\"PropertyValueSpecification\",\"valueRequired\":true,\"valueName\":\"search_term_string\"}}],\"inLanguage\":\"es\"},{\"@type\":\"Organization\",\"@id\":\"https:\\\/\\\/www.solzingranaggi.it\\\/es\\\/#organization\",\"name\":\"Solzi Ingranaggi\",\"url\":\"https:\\\/\\\/www.solzingranaggi.it\\\/es\\\/\",\"logo\":{\"@type\":\"ImageObject\",\"inLanguage\":\"es\",\"@id\":\"https:\\\/\\\/www.solzingranaggi.it\\\/es\\\/#\\\/schema\\\/logo\\\/image\\\/\",\"url\":\"https:\\\/\\\/www.solzingranaggi.it\\\/wp-content\\\/uploads\\\/2022\\\/02\\\/logo.png\",\"contentUrl\":\"https:\\\/\\\/www.solzingranaggi.it\\\/wp-content\\\/uploads\\\/2022\\\/02\\\/logo.png\",\"width\":295,\"height\":112,\"caption\":\"Solzi Ingranaggi\"},\"image\":{\"@id\":\"https:\\\/\\\/www.solzingranaggi.it\\\/es\\\/#\\\/schema\\\/logo\\\/image\\\/\"}}]}<\/script>\n<!-- \/ Yoast SEO plugin. -->","yoast_head_json":{"title":"Motorreductores - Solzi Ingranaggi","robots":{"index":"index","follow":"follow","max-snippet":"max-snippet:-1","max-image-preview":"max-image-preview:large","max-video-preview":"max-video-preview:-1"},"canonical":"https:\/\/www.solzingranaggi.it\/es\/productos\/motorreductores\/","og_locale":"es_ES","og_type":"article","og_title":"Motorreductores - Solzi Ingranaggi","og_description":"Reductores planetarios Serie Azul (di\u00e1m. 16, 22, 28, 35 y 42 mm) Fabricamos los reductores en nuestras instalaciones. En algunos casos tienen ejes de salida personalizados y podemos suministrarlos con motores est\u00e1ndares o, alternativamente, ensamblar con motores suministrados directamente por el cliente. Con estos reductores podemos alcanzar pares desde 0,5 hasta 15 Nm. Esta gama [&hellip;]","og_url":"https:\/\/www.solzingranaggi.it\/es\/productos\/motorreductores\/","og_site_name":"Solzi Ingranaggi","article_modified_time":"2023-06-30T13:56:12+00:00","og_image":[{"url":"https:\/\/www.solzingranaggi.it\/wp-content\/uploads\/2022\/02\/foto-motoriduttori.jpg","type":"","width":"","height":""}],"twitter_card":"summary_large_image","twitter_misc":{"Tiempo de lectura":"2 minutos"},"schema":{"@context":"https:\/\/schema.org","@graph":[{"@type":"WebPage","@id":"https:\/\/www.solzingranaggi.it\/es\/productos\/motorreductores\/","url":"https:\/\/www.solzingranaggi.it\/es\/productos\/motorreductores\/","name":"Motorreductores - Solzi Ingranaggi","isPartOf":{"@id":"https:\/\/www.solzingranaggi.it\/es\/#website"},"primaryImageOfPage":{"@id":"https:\/\/www.solzingranaggi.it\/es\/productos\/motorreductores\/#primaryimage"},"image":{"@id":"https:\/\/www.solzingranaggi.it\/es\/productos\/motorreductores\/#primaryimage"},"thumbnailUrl":"https:\/\/www.solzingranaggi.it\/wp-content\/uploads\/2022\/02\/foto-motoriduttori.jpg","datePublished":"2022-02-18T08:26:28+00:00","dateModified":"2023-06-30T13:56:12+00:00","breadcrumb":{"@id":"https:\/\/www.solzingranaggi.it\/es\/productos\/motorreductores\/#breadcrumb"},"inLanguage":"es","potentialAction":[{"@type":"ReadAction","target":["https:\/\/www.solzingranaggi.it\/es\/productos\/motorreductores\/"]}]},{"@type":"ImageObject","inLanguage":"es","@id":"https:\/\/www.solzingranaggi.it\/es\/productos\/motorreductores\/#primaryimage","url":"https:\/\/www.solzingranaggi.it\/wp-content\/uploads\/2022\/02\/foto-motoriduttori.jpg","contentUrl":"https:\/\/www.solzingranaggi.it\/wp-content\/uploads\/2022\/02\/foto-motoriduttori.jpg"},{"@type":"BreadcrumbList","@id":"https:\/\/www.solzingranaggi.it\/es\/productos\/motorreductores\/#breadcrumb","itemListElement":[{"@type":"ListItem","position":1,"name":"Home","item":"https:\/\/www.solzingranaggi.it\/es\/"},{"@type":"ListItem","position":2,"name":"Motorreductores"}]},{"@type":"WebSite","@id":"https:\/\/www.solzingranaggi.it\/es\/#website","url":"https:\/\/www.solzingranaggi.it\/es\/","name":"Solzi Ingranaggi","description":"Progettazione e Produzione di ingranaggi","publisher":{"@id":"https:\/\/www.solzingranaggi.it\/es\/#organization"},"potentialAction":[{"@type":"SearchAction","target":{"@type":"EntryPoint","urlTemplate":"https:\/\/www.solzingranaggi.it\/es\/?s={search_term_string}"},"query-input":{"@type":"PropertyValueSpecification","valueRequired":true,"valueName":"search_term_string"}}],"inLanguage":"es"},{"@type":"Organization","@id":"https:\/\/www.solzingranaggi.it\/es\/#organization","name":"Solzi Ingranaggi","url":"https:\/\/www.solzingranaggi.it\/es\/","logo":{"@type":"ImageObject","inLanguage":"es","@id":"https:\/\/www.solzingranaggi.it\/es\/#\/schema\/logo\/image\/","url":"https:\/\/www.solzingranaggi.it\/wp-content\/uploads\/2022\/02\/logo.png","contentUrl":"https:\/\/www.solzingranaggi.it\/wp-content\/uploads\/2022\/02\/logo.png","width":295,"height":112,"caption":"Solzi Ingranaggi"},"image":{"@id":"https:\/\/www.solzingranaggi.it\/es\/#\/schema\/logo\/image\/"}}]}},"_links":{"self":[{"href":"https:\/\/www.solzingranaggi.it\/es\/wp-json\/wp\/v2\/pages\/2460","targetHints":{"allow":["GET"]}}],"collection":[{"href":"https:\/\/www.solzingranaggi.it\/es\/wp-json\/wp\/v2\/pages"}],"about":[{"href":"https:\/\/www.solzingranaggi.it\/es\/wp-json\/wp\/v2\/types\/page"}],"author":[{"embeddable":true,"href":"https:\/\/www.solzingranaggi.it\/es\/wp-json\/wp\/v2\/users\/1"}],"replies":[{"embeddable":true,"href":"https:\/\/www.solzingranaggi.it\/es\/wp-json\/wp\/v2\/comments?post=2460"}],"version-history":[{"count":9,"href":"https:\/\/www.solzingranaggi.it\/es\/wp-json\/wp\/v2\/pages\/2460\/revisions"}],"predecessor-version":[{"id":2478,"href":"https:\/\/www.solzingranaggi.it\/es\/wp-json\/wp\/v2\/pages\/2460\/revisions\/2478"}],"up":[{"embeddable":true,"href":"https:\/\/www.solzingranaggi.it\/es\/wp-json\/wp\/v2\/pages\/2518"}],"wp:attachment":[{"href":"https:\/\/www.solzingranaggi.it\/es\/wp-json\/wp\/v2\/media?parent=2460"}],"curies":[{"name":"wp","href":"https:\/\/api.w.org\/{rel}","templated":true}]}}