{"id":2473,"date":"2022-02-15T15:59:04","date_gmt":"2022-02-15T14:59:04","guid":{"rendered":"https:\/\/www.solzingranaggi.it\/produzione\/"},"modified":"2023-06-30T16:51:48","modified_gmt":"2023-06-30T14:51:48","slug":"produccion","status":"publish","type":"page","link":"https:\/\/www.solzingranaggi.it\/es\/produccion\/","title":{"rendered":"Producci\u00f3n"},"content":{"rendered":"\t\t<div data-elementor-type=\"wp-page\" data-elementor-id=\"2473\" class=\"elementor elementor-2473 elementor-93\" data-elementor-post-type=\"page\">\n\t\t\t\t\t\t<section data-particle_enable=\"false\" data-particle-mobile-disabled=\"false\" class=\"elementor-section elementor-top-section elementor-element elementor-element-0b7b6bb elementor-section-boxed elementor-section-height-default elementor-section-height-default\" data-id=\"0b7b6bb\" data-element_type=\"section\" data-e-type=\"section\">\n\t\t\t\t\t\t<div class=\"elementor-container elementor-column-gap-default\">\n\t\t\t\t\t<div class=\"elementor-column elementor-col-100 elementor-top-column elementor-element elementor-element-cf33018\" data-id=\"cf33018\" data-element_type=\"column\" data-e-type=\"column\">\n\t\t\t<div class=\"elementor-widget-wrap elementor-element-populated\">\n\t\t\t\t\t\t<div class=\"elementor-element elementor-element-974d00d elementor-widget elementor-widget-heading\" data-id=\"974d00d\" data-element_type=\"widget\" data-e-type=\"widget\" data-widget_type=\"heading.default\">\n\t\t\t\t<div class=\"elementor-widget-container\">\n\t\t\t\t\t<h2 class=\"elementor-heading-title elementor-size-default\">Producci\u00f3n<\/h2>\t\t\t\t<\/div>\n\t\t\t\t<\/div>\n\t\t\t\t<div class=\"elementor-element elementor-element-9a26edd elementor-widget elementor-widget-text-editor\" data-id=\"9a26edd\" data-element_type=\"widget\" data-e-type=\"widget\" data-widget_type=\"text-editor.default\">\n\t\t\t\t<div class=\"elementor-widget-container\">\n\t\t\t\t\t\t\t\t\t<p><strong>Nuestras Instalaciones:<\/strong><br \/>Gracias a nuestra maquinaria avanzada de \u00faltima generaci\u00f3n, realizamos diversas operaciones de tallado de engranajes, torneado, fresado, as\u00ed como algunos mecanizados complementarios de perforado, roscado, mandrinado y montaje de precisi\u00f3n.<\/p><p>Tenemos la posibilidad de colaborar con proveedores externos homologados para otras operaciones como: ajustes, tratamientos t\u00e9rmicos y galv\u00e1nicos, pulidos y ensayos no-destructivos.<\/p><p>La experiencia adquirida durante las d\u00e9cadas, las habilidades comprobadas de los trabajadores de producci\u00f3n, la formaci\u00f3n continua, combinada con un cuidado de los detalles t\u00edpico a los artesanos, junto con confiabilidad de los plazos de entrega, nos convierten en un socio valioso para sus requisitos espec\u00edficos.<\/p><p><strong>Productos y Servicios:<\/strong><\/p><ul><li>Producci\u00f3n de engranajes<\/li><li>Producci\u00f3n de sinfines<\/li><li>Producci\u00f3n de poleas dentadas y trapezoidales<\/li><li>Producci\u00f3n de ejes estriados para motores el\u00e9ctricos<\/li><li>Subcontrataci\u00f3n de tallado de piezas semiacabadas suministradas por el cliente<\/li><li>Producci\u00f3n de dientes internos por brochado<\/li><li>Producci\u00f3n de piezas peque\u00f1as torneadas<\/li><li>Producci\u00f3n de motorreductores en cascada<\/li><li>Producci\u00f3n de motorreductores planetarios<\/li><li>Fabricaci\u00f3n de piezas y automatismos<\/li><li>Micro ensamblajes<\/li><\/ul><p><strong><br \/>Nuestra maquinar\u00eda consiste de:<\/strong><\/p><ul><li>Talladoras de engranajes CNC<\/li><li>Fresadoras tradicionales para dentados<\/li><li>Tornos CNC de cabezal fijo<\/li><li>Prensas neum\u00e1ticas y hidr\u00e1ulicas<\/li><li>Prensas manuales<\/li><li>Remachadoras orbitales<\/li><li>M\u00e1quinas roscadoras<\/li><li>Taladros de banco<\/li><li>Lavado por ultrasonido<\/li><li>Estaciones de ensayos<\/li><\/ul><p><strong><br \/>Sectores de actividad:<\/strong><\/p><ul><li>Micro reductores<\/li><li>Automatismos industriales<\/li><li>M\u00e9dico<\/li><li>Herramientas el\u00e9ctricas<\/li><li>Electromec\u00e1nica<\/li><li>V\u00e1lvulas el\u00e9ctricas<\/li><li>Actuadores<\/li><li>Componentes rob\u00f3ticos<\/li><li>Automatismos para persianas<\/li><li>Herramientas de medici\u00f3n<\/li><\/ul>\t\t\t\t\t\t\t\t<\/div>\n\t\t\t\t<\/div>\n\t\t\t\t\t<\/div>\n\t\t<\/div>\n\t\t\t\t\t<\/div>\n\t\t<\/section>\n\t\t\t\t<section data-particle_enable=\"false\" data-particle-mobile-disabled=\"false\" class=\"elementor-section elementor-top-section elementor-element elementor-element-3a55306 elementor-section-boxed elementor-section-height-default elementor-section-height-default\" data-id=\"3a55306\" data-element_type=\"section\" data-e-type=\"section\">\n\t\t\t\t\t\t<div class=\"elementor-container elementor-column-gap-default\">\n\t\t\t\t\t<div class=\"elementor-column elementor-col-100 elementor-top-column elementor-element elementor-element-ade5d30\" data-id=\"ade5d30\" data-element_type=\"column\" data-e-type=\"column\">\n\t\t\t<div class=\"elementor-widget-wrap elementor-element-populated\">\n\t\t\t\t\t\t<div class=\"elementor-element elementor-element-b5d4127 gallery-spacing-custom elementor-widget elementor-widget-image-gallery\" data-id=\"b5d4127\" data-element_type=\"widget\" data-e-type=\"widget\" data-widget_type=\"image-gallery.default\">\n\t\t\t\t<div class=\"elementor-widget-container\">\n\t\t\t\t\t\t\t<div class=\"elementor-image-gallery\">\n\t\t\t<div id='gallery-1' class='gallery galleryid-2473 gallery-columns-4 gallery-size-thumbnail'><figure class='gallery-item'>\n\t\t\t<div class='gallery-icon landscape'>\n\t\t\t\t<a data-elementor-open-lightbox=\"yes\" data-elementor-lightbox-slideshow=\"b5d4127\" data-elementor-lightbox-title=\"Produzione-3\" data-e-action-hash=\"#elementor-action%3Aaction%3Dlightbox%26settings%3DeyJpZCI6MjIwNywidXJsIjoiaHR0cHM6XC9cL3d3dy5zb2x6aW5ncmFuYWdnaS5pdFwvd3AtY29udGVudFwvdXBsb2Fkc1wvMjAyMlwvMDJcL1Byb2R1emlvbmUtMy5qcGciLCJzbGlkZXNob3ciOiJiNWQ0MTI3In0%3D\" href='https:\/\/www.solzingranaggi.it\/wp-content\/uploads\/2022\/02\/Produzione-3.jpg'><img fetchpriority=\"high\" decoding=\"async\" width=\"300\" height=\"300\" src=\"https:\/\/www.solzingranaggi.it\/wp-content\/uploads\/2022\/02\/Produzione-3-300x300.jpg\" class=\"attachment-thumbnail size-thumbnail\" alt=\"\" \/><\/a>\n\t\t\t<\/div><\/figure><figure class='gallery-item'>\n\t\t\t<div class='gallery-icon landscape'>\n\t\t\t\t<a data-elementor-open-lightbox=\"yes\" data-elementor-lightbox-slideshow=\"b5d4127\" data-elementor-lightbox-title=\"Produzione-4\" data-e-action-hash=\"#elementor-action%3Aaction%3Dlightbox%26settings%3DeyJpZCI6MjIwOCwidXJsIjoiaHR0cHM6XC9cL3d3dy5zb2x6aW5ncmFuYWdnaS5pdFwvd3AtY29udGVudFwvdXBsb2Fkc1wvMjAyMlwvMDJcL1Byb2R1emlvbmUtNC5qcGciLCJzbGlkZXNob3ciOiJiNWQ0MTI3In0%3D\" href='https:\/\/www.solzingranaggi.it\/wp-content\/uploads\/2022\/02\/Produzione-4.jpg'><img decoding=\"async\" width=\"300\" height=\"300\" src=\"https:\/\/www.solzingranaggi.it\/wp-content\/uploads\/2022\/02\/Produzione-4-300x300.jpg\" class=\"attachment-thumbnail size-thumbnail\" alt=\"\" \/><\/a>\n\t\t\t<\/div><\/figure><figure class='gallery-item'>\n\t\t\t<div class='gallery-icon landscape'>\n\t\t\t\t<a data-elementor-open-lightbox=\"yes\" data-elementor-lightbox-slideshow=\"b5d4127\" data-elementor-lightbox-title=\"Produzione-1\" data-e-action-hash=\"#elementor-action%3Aaction%3Dlightbox%26settings%3DeyJpZCI6MjIwOSwidXJsIjoiaHR0cHM6XC9cL3d3dy5zb2x6aW5ncmFuYWdnaS5pdFwvd3AtY29udGVudFwvdXBsb2Fkc1wvMjAyMlwvMDJcL1Byb2R1emlvbmUtMS5qcGciLCJzbGlkZXNob3ciOiJiNWQ0MTI3In0%3D\" href='https:\/\/www.solzingranaggi.it\/wp-content\/uploads\/2022\/02\/Produzione-1.jpg'><img decoding=\"async\" width=\"300\" height=\"300\" src=\"https:\/\/www.solzingranaggi.it\/wp-content\/uploads\/2022\/02\/Produzione-1-300x300.jpg\" class=\"attachment-thumbnail size-thumbnail\" alt=\"\" \/><\/a>\n\t\t\t<\/div><\/figure><figure class='gallery-item'>\n\t\t\t<div class='gallery-icon landscape'>\n\t\t\t\t<a data-elementor-open-lightbox=\"yes\" data-elementor-lightbox-slideshow=\"b5d4127\" data-elementor-lightbox-title=\"Dentatrice Ingranaggi K160\" data-e-action-hash=\"#elementor-action%3Aaction%3Dlightbox%26settings%3DeyJpZCI6MjM0MCwidXJsIjoiaHR0cHM6XC9cL3d3dy5zb2x6aW5ncmFuYWdnaS5pdFwvd3AtY29udGVudFwvdXBsb2Fkc1wvMjAyMlwvMDNcL0RlbnRhdHJpY2UtSW5ncmFuYWdnaS1LMTYwLXNjYWxlZC5qcGciLCJzbGlkZXNob3ciOiJiNWQ0MTI3In0%3D\" href='https:\/\/www.solzingranaggi.it\/wp-content\/uploads\/2022\/03\/Dentatrice-Ingranaggi-K160-scaled.jpg'><img loading=\"lazy\" decoding=\"async\" width=\"300\" height=\"300\" src=\"https:\/\/www.solzingranaggi.it\/wp-content\/uploads\/2022\/03\/Dentatrice-Ingranaggi-K160-300x300.jpg\" class=\"attachment-thumbnail size-thumbnail\" alt=\"\" \/><\/a>\n\t\t\t<\/div><\/figure>\n\t\t<\/div>\n\t\t<\/div>\n\t\t\t\t\t\t<\/div>\n\t\t\t\t<\/div>\n\t\t\t\t\t<\/div>\n\t\t<\/div>\n\t\t\t\t\t<\/div>\n\t\t<\/section>\n\t\t\t\t<\/div>\n\t\t","protected":false},"excerpt":{"rendered":"<p>Producci\u00f3n Nuestras Instalaciones:Gracias a nuestra maquinaria avanzada de \u00faltima generaci\u00f3n, realizamos diversas operaciones de tallado de engranajes, torneado, fresado, as\u00ed como algunos mecanizados complementarios de perforado, roscado, mandrinado y montaje de precisi\u00f3n. Tenemos la posibilidad de colaborar con proveedores externos homologados para otras operaciones como: ajustes, tratamientos t\u00e9rmicos y galv\u00e1nicos, pulidos y ensayos no-destructivos. La [&hellip;]<\/p>\n","protected":false},"author":1,"featured_media":0,"parent":0,"menu_order":0,"comment_status":"closed","ping_status":"closed","template":"","meta":{"footnotes":""},"class_list":["post-2473","page","type-page","status-publish","hentry"],"yoast_head":"<!-- This site is optimized with the Yoast SEO plugin v27.4 - https:\/\/yoast.com\/product\/yoast-seo-wordpress\/ -->\n<title>Producci\u00f3n - Solzi Ingranaggi<\/title>\n<meta name=\"robots\" content=\"index, follow, max-snippet:-1, max-image-preview:large, max-video-preview:-1\" \/>\n<link rel=\"canonical\" href=\"https:\/\/www.solzingranaggi.it\/es\/produccion\/\" \/>\n<meta property=\"og:locale\" content=\"es_ES\" \/>\n<meta property=\"og:type\" content=\"article\" \/>\n<meta property=\"og:title\" content=\"Producci\u00f3n - Solzi Ingranaggi\" \/>\n<meta property=\"og:description\" content=\"Producci\u00f3n Nuestras Instalaciones:Gracias a nuestra maquinaria avanzada de \u00faltima generaci\u00f3n, realizamos diversas operaciones de tallado de engranajes, torneado, fresado, as\u00ed como algunos mecanizados complementarios de perforado, roscado, mandrinado y montaje de precisi\u00f3n. Tenemos la posibilidad de colaborar con proveedores externos homologados para otras operaciones como: ajustes, tratamientos t\u00e9rmicos y galv\u00e1nicos, pulidos y ensayos no-destructivos. La [&hellip;]\" \/>\n<meta property=\"og:url\" content=\"https:\/\/www.solzingranaggi.it\/es\/produccion\/\" \/>\n<meta property=\"og:site_name\" content=\"Solzi Ingranaggi\" \/>\n<meta property=\"article:modified_time\" content=\"2023-06-30T14:51:48+00:00\" \/>\n<meta property=\"og:image\" content=\"https:\/\/www.solzingranaggi.it\/wp-content\/uploads\/2022\/02\/Produzione-3-300x300.jpg\" \/>\n<meta name=\"twitter:card\" content=\"summary_large_image\" \/>\n<meta name=\"twitter:label1\" content=\"Tiempo de lectura\" \/>\n\t<meta name=\"twitter:data1\" content=\"2 minutos\" \/>\n<script type=\"application\/ld+json\" class=\"yoast-schema-graph\">{\"@context\":\"https:\\\/\\\/schema.org\",\"@graph\":[{\"@type\":\"WebPage\",\"@id\":\"https:\\\/\\\/www.solzingranaggi.it\\\/es\\\/produccion\\\/\",\"url\":\"https:\\\/\\\/www.solzingranaggi.it\\\/es\\\/produccion\\\/\",\"name\":\"Producci\u00f3n - Solzi Ingranaggi\",\"isPartOf\":{\"@id\":\"https:\\\/\\\/www.solzingranaggi.it\\\/es\\\/#website\"},\"primaryImageOfPage\":{\"@id\":\"https:\\\/\\\/www.solzingranaggi.it\\\/es\\\/produccion\\\/#primaryimage\"},\"image\":{\"@id\":\"https:\\\/\\\/www.solzingranaggi.it\\\/es\\\/produccion\\\/#primaryimage\"},\"thumbnailUrl\":\"https:\\\/\\\/www.solzingranaggi.it\\\/wp-content\\\/uploads\\\/2022\\\/02\\\/Produzione-3-300x300.jpg\",\"datePublished\":\"2022-02-15T14:59:04+00:00\",\"dateModified\":\"2023-06-30T14:51:48+00:00\",\"breadcrumb\":{\"@id\":\"https:\\\/\\\/www.solzingranaggi.it\\\/es\\\/produccion\\\/#breadcrumb\"},\"inLanguage\":\"es\",\"potentialAction\":[{\"@type\":\"ReadAction\",\"target\":[\"https:\\\/\\\/www.solzingranaggi.it\\\/es\\\/produccion\\\/\"]}]},{\"@type\":\"ImageObject\",\"inLanguage\":\"es\",\"@id\":\"https:\\\/\\\/www.solzingranaggi.it\\\/es\\\/produccion\\\/#primaryimage\",\"url\":\"https:\\\/\\\/www.solzingranaggi.it\\\/wp-content\\\/uploads\\\/2022\\\/02\\\/Produzione-3-300x300.jpg\",\"contentUrl\":\"https:\\\/\\\/www.solzingranaggi.it\\\/wp-content\\\/uploads\\\/2022\\\/02\\\/Produzione-3-300x300.jpg\"},{\"@type\":\"BreadcrumbList\",\"@id\":\"https:\\\/\\\/www.solzingranaggi.it\\\/es\\\/produccion\\\/#breadcrumb\",\"itemListElement\":[{\"@type\":\"ListItem\",\"position\":1,\"name\":\"Home\",\"item\":\"https:\\\/\\\/www.solzingranaggi.it\\\/es\\\/\"},{\"@type\":\"ListItem\",\"position\":2,\"name\":\"Producci\u00f3n\"}]},{\"@type\":\"WebSite\",\"@id\":\"https:\\\/\\\/www.solzingranaggi.it\\\/es\\\/#website\",\"url\":\"https:\\\/\\\/www.solzingranaggi.it\\\/es\\\/\",\"name\":\"Solzi Ingranaggi\",\"description\":\"Progettazione e Produzione di ingranaggi\",\"publisher\":{\"@id\":\"https:\\\/\\\/www.solzingranaggi.it\\\/es\\\/#organization\"},\"potentialAction\":[{\"@type\":\"SearchAction\",\"target\":{\"@type\":\"EntryPoint\",\"urlTemplate\":\"https:\\\/\\\/www.solzingranaggi.it\\\/es\\\/?s={search_term_string}\"},\"query-input\":{\"@type\":\"PropertyValueSpecification\",\"valueRequired\":true,\"valueName\":\"search_term_string\"}}],\"inLanguage\":\"es\"},{\"@type\":\"Organization\",\"@id\":\"https:\\\/\\\/www.solzingranaggi.it\\\/es\\\/#organization\",\"name\":\"Solzi Ingranaggi\",\"url\":\"https:\\\/\\\/www.solzingranaggi.it\\\/es\\\/\",\"logo\":{\"@type\":\"ImageObject\",\"inLanguage\":\"es\",\"@id\":\"https:\\\/\\\/www.solzingranaggi.it\\\/es\\\/#\\\/schema\\\/logo\\\/image\\\/\",\"url\":\"https:\\\/\\\/www.solzingranaggi.it\\\/wp-content\\\/uploads\\\/2022\\\/02\\\/logo.png\",\"contentUrl\":\"https:\\\/\\\/www.solzingranaggi.it\\\/wp-content\\\/uploads\\\/2022\\\/02\\\/logo.png\",\"width\":295,\"height\":112,\"caption\":\"Solzi Ingranaggi\"},\"image\":{\"@id\":\"https:\\\/\\\/www.solzingranaggi.it\\\/es\\\/#\\\/schema\\\/logo\\\/image\\\/\"}}]}<\/script>\n<!-- \/ Yoast SEO plugin. -->","yoast_head_json":{"title":"Producci\u00f3n - Solzi Ingranaggi","robots":{"index":"index","follow":"follow","max-snippet":"max-snippet:-1","max-image-preview":"max-image-preview:large","max-video-preview":"max-video-preview:-1"},"canonical":"https:\/\/www.solzingranaggi.it\/es\/produccion\/","og_locale":"es_ES","og_type":"article","og_title":"Producci\u00f3n - Solzi Ingranaggi","og_description":"Producci\u00f3n Nuestras Instalaciones:Gracias a nuestra maquinaria avanzada de \u00faltima generaci\u00f3n, realizamos diversas operaciones de tallado de engranajes, torneado, fresado, as\u00ed como algunos mecanizados complementarios de perforado, roscado, mandrinado y montaje de precisi\u00f3n. Tenemos la posibilidad de colaborar con proveedores externos homologados para otras operaciones como: ajustes, tratamientos t\u00e9rmicos y galv\u00e1nicos, pulidos y ensayos no-destructivos. La [&hellip;]","og_url":"https:\/\/www.solzingranaggi.it\/es\/produccion\/","og_site_name":"Solzi Ingranaggi","article_modified_time":"2023-06-30T14:51:48+00:00","og_image":[{"url":"https:\/\/www.solzingranaggi.it\/wp-content\/uploads\/2022\/02\/Produzione-3-300x300.jpg","type":"","width":"","height":""}],"twitter_card":"summary_large_image","twitter_misc":{"Tiempo de lectura":"2 minutos"},"schema":{"@context":"https:\/\/schema.org","@graph":[{"@type":"WebPage","@id":"https:\/\/www.solzingranaggi.it\/es\/produccion\/","url":"https:\/\/www.solzingranaggi.it\/es\/produccion\/","name":"Producci\u00f3n - Solzi Ingranaggi","isPartOf":{"@id":"https:\/\/www.solzingranaggi.it\/es\/#website"},"primaryImageOfPage":{"@id":"https:\/\/www.solzingranaggi.it\/es\/produccion\/#primaryimage"},"image":{"@id":"https:\/\/www.solzingranaggi.it\/es\/produccion\/#primaryimage"},"thumbnailUrl":"https:\/\/www.solzingranaggi.it\/wp-content\/uploads\/2022\/02\/Produzione-3-300x300.jpg","datePublished":"2022-02-15T14:59:04+00:00","dateModified":"2023-06-30T14:51:48+00:00","breadcrumb":{"@id":"https:\/\/www.solzingranaggi.it\/es\/produccion\/#breadcrumb"},"inLanguage":"es","potentialAction":[{"@type":"ReadAction","target":["https:\/\/www.solzingranaggi.it\/es\/produccion\/"]}]},{"@type":"ImageObject","inLanguage":"es","@id":"https:\/\/www.solzingranaggi.it\/es\/produccion\/#primaryimage","url":"https:\/\/www.solzingranaggi.it\/wp-content\/uploads\/2022\/02\/Produzione-3-300x300.jpg","contentUrl":"https:\/\/www.solzingranaggi.it\/wp-content\/uploads\/2022\/02\/Produzione-3-300x300.jpg"},{"@type":"BreadcrumbList","@id":"https:\/\/www.solzingranaggi.it\/es\/produccion\/#breadcrumb","itemListElement":[{"@type":"ListItem","position":1,"name":"Home","item":"https:\/\/www.solzingranaggi.it\/es\/"},{"@type":"ListItem","position":2,"name":"Producci\u00f3n"}]},{"@type":"WebSite","@id":"https:\/\/www.solzingranaggi.it\/es\/#website","url":"https:\/\/www.solzingranaggi.it\/es\/","name":"Solzi Ingranaggi","description":"Progettazione e Produzione di ingranaggi","publisher":{"@id":"https:\/\/www.solzingranaggi.it\/es\/#organization"},"potentialAction":[{"@type":"SearchAction","target":{"@type":"EntryPoint","urlTemplate":"https:\/\/www.solzingranaggi.it\/es\/?s={search_term_string}"},"query-input":{"@type":"PropertyValueSpecification","valueRequired":true,"valueName":"search_term_string"}}],"inLanguage":"es"},{"@type":"Organization","@id":"https:\/\/www.solzingranaggi.it\/es\/#organization","name":"Solzi Ingranaggi","url":"https:\/\/www.solzingranaggi.it\/es\/","logo":{"@type":"ImageObject","inLanguage":"es","@id":"https:\/\/www.solzingranaggi.it\/es\/#\/schema\/logo\/image\/","url":"https:\/\/www.solzingranaggi.it\/wp-content\/uploads\/2022\/02\/logo.png","contentUrl":"https:\/\/www.solzingranaggi.it\/wp-content\/uploads\/2022\/02\/logo.png","width":295,"height":112,"caption":"Solzi Ingranaggi"},"image":{"@id":"https:\/\/www.solzingranaggi.it\/es\/#\/schema\/logo\/image\/"}}]}},"_links":{"self":[{"href":"https:\/\/www.solzingranaggi.it\/es\/wp-json\/wp\/v2\/pages\/2473","targetHints":{"allow":["GET"]}}],"collection":[{"href":"https:\/\/www.solzingranaggi.it\/es\/wp-json\/wp\/v2\/pages"}],"about":[{"href":"https:\/\/www.solzingranaggi.it\/es\/wp-json\/wp\/v2\/types\/page"}],"author":[{"embeddable":true,"href":"https:\/\/www.solzingranaggi.it\/es\/wp-json\/wp\/v2\/users\/1"}],"replies":[{"embeddable":true,"href":"https:\/\/www.solzingranaggi.it\/es\/wp-json\/wp\/v2\/comments?post=2473"}],"version-history":[{"count":5,"href":"https:\/\/www.solzingranaggi.it\/es\/wp-json\/wp\/v2\/pages\/2473\/revisions"}],"predecessor-version":[{"id":2509,"href":"https:\/\/www.solzingranaggi.it\/es\/wp-json\/wp\/v2\/pages\/2473\/revisions\/2509"}],"wp:attachment":[{"href":"https:\/\/www.solzingranaggi.it\/es\/wp-json\/wp\/v2\/media?parent=2473"}],"curies":[{"name":"wp","href":"https:\/\/api.w.org\/{rel}","templated":true}]}}