{"id":2476,"date":"2022-02-15T15:59:14","date_gmt":"2022-02-15T14:59:14","guid":{"rendered":"https:\/\/www.solzingranaggi.it\/progettazione\/"},"modified":"2023-06-30T16:53:15","modified_gmt":"2023-06-30T14:53:15","slug":"diseno","status":"publish","type":"page","link":"https:\/\/www.solzingranaggi.it\/es\/diseno\/","title":{"rendered":"Dise\u00f1o"},"content":{"rendered":"\t\t<div data-elementor-type=\"wp-page\" data-elementor-id=\"2476\" class=\"elementor elementor-2476 elementor-95\" data-elementor-post-type=\"page\">\n\t\t\t\t\t\t<section data-particle_enable=\"false\" data-particle-mobile-disabled=\"false\" class=\"elementor-section elementor-top-section elementor-element elementor-element-995495a elementor-section-boxed elementor-section-height-default elementor-section-height-default\" data-id=\"995495a\" data-element_type=\"section\" data-e-type=\"section\">\n\t\t\t\t\t\t<div class=\"elementor-container elementor-column-gap-default\">\n\t\t\t\t\t<div class=\"elementor-column elementor-col-100 elementor-top-column elementor-element elementor-element-7175212\" data-id=\"7175212\" data-element_type=\"column\" data-e-type=\"column\">\n\t\t\t<div class=\"elementor-widget-wrap elementor-element-populated\">\n\t\t\t\t\t\t<div class=\"elementor-element elementor-element-fd8fa53 elementor-widget elementor-widget-heading\" data-id=\"fd8fa53\" data-element_type=\"widget\" data-e-type=\"widget\" data-widget_type=\"heading.default\">\n\t\t\t\t<div class=\"elementor-widget-container\">\n\t\t\t\t\t<h2 class=\"elementor-heading-title elementor-size-default\">Dise\u00f1o <\/h2>\t\t\t\t<\/div>\n\t\t\t\t<\/div>\n\t\t\t\t<div class=\"elementor-element elementor-element-e46b114 elementor-widget elementor-widget-text-editor\" data-id=\"e46b114\" data-element_type=\"widget\" data-e-type=\"widget\" data-widget_type=\"text-editor.default\">\n\t\t\t\t<div class=\"elementor-widget-container\">\n\t\t\t\t\t\t\t\t\t<p>Esta actividad es uno de nuestros puntos fuertes.<\/p><p>Gracias a los conocimientos desarrollados durante d\u00e9cadas de actividad de acuerdo seg\u00fan las necesidades de clientes y la experiencia de nuestra Oficina T\u00e9cnica, Solzi Ingranaggi tambi\u00e9n puede ofrecer asesoramiento t\u00e9cnico para el dise\u00f1o de engranajes, micro-reductores y diferentes tipos de automatismos.<\/p><p>Ciclo completo de proyectos: desde la verificaci\u00f3n de los requisitos, pasando por el desarrollo, revisiones, validaci\u00f3n, y aprobaci\u00f3n, cada fase es monitoreada y nos permite llevar a cabo el proyecto evitando retrasos y errores.<\/p>\t\t\t\t\t\t\t\t<\/div>\n\t\t\t\t<\/div>\n\t\t\t\t\t<\/div>\n\t\t<\/div>\n\t\t\t\t\t<\/div>\n\t\t<\/section>\n\t\t\t\t<section data-particle_enable=\"false\" data-particle-mobile-disabled=\"false\" class=\"elementor-section elementor-top-section elementor-element elementor-element-8d27022 elementor-section-boxed elementor-section-height-default elementor-section-height-default\" data-id=\"8d27022\" data-element_type=\"section\" data-e-type=\"section\">\n\t\t\t\t\t\t<div class=\"elementor-container elementor-column-gap-default\">\n\t\t\t\t\t<div class=\"elementor-column elementor-col-100 elementor-top-column elementor-element elementor-element-6e74b8f\" data-id=\"6e74b8f\" data-element_type=\"column\" data-e-type=\"column\">\n\t\t\t<div class=\"elementor-widget-wrap elementor-element-populated\">\n\t\t\t\t\t\t<div class=\"elementor-element elementor-element-8f6b131 gallery-spacing-custom elementor-widget elementor-widget-image-gallery\" data-id=\"8f6b131\" data-element_type=\"widget\" data-e-type=\"widget\" data-widget_type=\"image-gallery.default\">\n\t\t\t\t<div class=\"elementor-widget-container\">\n\t\t\t\t\t\t\t<div class=\"elementor-image-gallery\">\n\t\t\t<div id='gallery-1' class='gallery galleryid-2476 gallery-columns-4 gallery-size-thumbnail'><figure class='gallery-item'>\n\t\t\t<div class='gallery-icon landscape'>\n\t\t\t\t<a data-elementor-open-lightbox=\"yes\" data-elementor-lightbox-slideshow=\"8f6b131\" data-elementor-lightbox-title=\"Progettazione-2\" data-e-action-hash=\"#elementor-action%3Aaction%3Dlightbox%26settings%3DeyJpZCI6MjIxMiwidXJsIjoiaHR0cHM6XC9cL3d3dy5zb2x6aW5ncmFuYWdnaS5pdFwvd3AtY29udGVudFwvdXBsb2Fkc1wvMjAyMlwvMDJcL1Byb2dldHRhemlvbmUtMi5qcGciLCJzbGlkZXNob3ciOiI4ZjZiMTMxIn0%3D\" href='https:\/\/www.solzingranaggi.it\/wp-content\/uploads\/2022\/02\/Progettazione-2.jpg'><img fetchpriority=\"high\" decoding=\"async\" width=\"300\" height=\"300\" src=\"https:\/\/www.solzingranaggi.it\/wp-content\/uploads\/2022\/02\/Progettazione-2-300x300.jpg\" class=\"attachment-thumbnail size-thumbnail\" alt=\"\" \/><\/a>\n\t\t\t<\/div><\/figure><figure class='gallery-item'>\n\t\t\t<div class='gallery-icon landscape'>\n\t\t\t\t<a data-elementor-open-lightbox=\"yes\" data-elementor-lightbox-slideshow=\"8f6b131\" data-elementor-lightbox-title=\"Progettazione\" data-e-action-hash=\"#elementor-action%3Aaction%3Dlightbox%26settings%3DeyJpZCI6MjIxMSwidXJsIjoiaHR0cHM6XC9cL3d3dy5zb2x6aW5ncmFuYWdnaS5pdFwvd3AtY29udGVudFwvdXBsb2Fkc1wvMjAyMlwvMDJcL1Byb2dldHRhemlvbmUuanBnIiwic2xpZGVzaG93IjoiOGY2YjEzMSJ9\" href='https:\/\/www.solzingranaggi.it\/wp-content\/uploads\/2022\/02\/Progettazione.jpg'><img decoding=\"async\" width=\"300\" height=\"300\" src=\"https:\/\/www.solzingranaggi.it\/wp-content\/uploads\/2022\/02\/Progettazione-300x300.jpg\" class=\"attachment-thumbnail size-thumbnail\" alt=\"\" \/><\/a>\n\t\t\t<\/div><\/figure><figure class='gallery-item'>\n\t\t\t<div class='gallery-icon landscape'>\n\t\t\t\t<a data-elementor-open-lightbox=\"yes\" data-elementor-lightbox-slideshow=\"8f6b131\" data-elementor-lightbox-title=\"Progettazione-3\" data-e-action-hash=\"#elementor-action%3Aaction%3Dlightbox%26settings%3DeyJpZCI6MjIxMCwidXJsIjoiaHR0cHM6XC9cL3d3dy5zb2x6aW5ncmFuYWdnaS5pdFwvd3AtY29udGVudFwvdXBsb2Fkc1wvMjAyMlwvMDJcL1Byb2dldHRhemlvbmUtMy5qcGciLCJzbGlkZXNob3ciOiI4ZjZiMTMxIn0%3D\" href='https:\/\/www.solzingranaggi.it\/wp-content\/uploads\/2022\/02\/Progettazione-3.jpg'><img decoding=\"async\" width=\"300\" height=\"300\" src=\"https:\/\/www.solzingranaggi.it\/wp-content\/uploads\/2022\/02\/Progettazione-3-300x300.jpg\" class=\"attachment-thumbnail size-thumbnail\" alt=\"\" \/><\/a>\n\t\t\t<\/div><\/figure><figure class='gallery-item'>\n\t\t\t<div class='gallery-icon landscape'>\n\t\t\t\t<a data-elementor-open-lightbox=\"yes\" data-elementor-lightbox-slideshow=\"8f6b131\" data-elementor-lightbox-title=\"Rendering Motoriduttore\" data-e-action-hash=\"#elementor-action%3Aaction%3Dlightbox%26settings%3DeyJpZCI6MjMzOSwidXJsIjoiaHR0cHM6XC9cL3d3dy5zb2x6aW5ncmFuYWdnaS5pdFwvd3AtY29udGVudFwvdXBsb2Fkc1wvMjAyMlwvMDNcL1JlbmRlcmluZy1Nb3RvcmlkdXR0b3JlLmpwZyIsInNsaWRlc2hvdyI6IjhmNmIxMzEifQ%3D%3D\" href='https:\/\/www.solzingranaggi.it\/wp-content\/uploads\/2022\/03\/Rendering-Motoriduttore.jpg'><img loading=\"lazy\" decoding=\"async\" width=\"300\" height=\"300\" src=\"https:\/\/www.solzingranaggi.it\/wp-content\/uploads\/2022\/03\/Rendering-Motoriduttore-300x300.jpg\" class=\"attachment-thumbnail size-thumbnail\" alt=\"\" \/><\/a>\n\t\t\t<\/div><\/figure>\n\t\t<\/div>\n\t\t<\/div>\n\t\t\t\t\t\t<\/div>\n\t\t\t\t<\/div>\n\t\t\t\t\t<\/div>\n\t\t<\/div>\n\t\t\t\t\t<\/div>\n\t\t<\/section>\n\t\t\t\t<\/div>\n\t\t","protected":false},"excerpt":{"rendered":"<p>Dise\u00f1o Esta actividad es uno de nuestros puntos fuertes. Gracias a los conocimientos desarrollados durante d\u00e9cadas de actividad de acuerdo seg\u00fan las necesidades de clientes y la experiencia de nuestra Oficina T\u00e9cnica, Solzi Ingranaggi tambi\u00e9n puede ofrecer asesoramiento t\u00e9cnico para el dise\u00f1o de engranajes, micro-reductores y diferentes tipos de automatismos. Ciclo completo de proyectos: desde [&hellip;]<\/p>\n","protected":false},"author":1,"featured_media":0,"parent":0,"menu_order":0,"comment_status":"closed","ping_status":"closed","template":"","meta":{"footnotes":""},"class_list":["post-2476","page","type-page","status-publish","hentry"],"yoast_head":"<!-- This site is optimized with the Yoast SEO plugin v27.4 - https:\/\/yoast.com\/product\/yoast-seo-wordpress\/ -->\n<title>Dise\u00f1o - Solzi Ingranaggi<\/title>\n<meta name=\"robots\" content=\"index, follow, max-snippet:-1, max-image-preview:large, max-video-preview:-1\" \/>\n<link rel=\"canonical\" href=\"https:\/\/www.solzingranaggi.it\/es\/diseno\/\" \/>\n<meta property=\"og:locale\" content=\"es_ES\" \/>\n<meta property=\"og:type\" content=\"article\" \/>\n<meta property=\"og:title\" content=\"Dise\u00f1o - Solzi Ingranaggi\" \/>\n<meta property=\"og:description\" content=\"Dise\u00f1o Esta actividad es uno de nuestros puntos fuertes. Gracias a los conocimientos desarrollados durante d\u00e9cadas de actividad de acuerdo seg\u00fan las necesidades de clientes y la experiencia de nuestra Oficina T\u00e9cnica, Solzi Ingranaggi tambi\u00e9n puede ofrecer asesoramiento t\u00e9cnico para el dise\u00f1o de engranajes, micro-reductores y diferentes tipos de automatismos. Ciclo completo de proyectos: desde [&hellip;]\" \/>\n<meta property=\"og:url\" content=\"https:\/\/www.solzingranaggi.it\/es\/diseno\/\" \/>\n<meta property=\"og:site_name\" content=\"Solzi Ingranaggi\" \/>\n<meta property=\"article:modified_time\" content=\"2023-06-30T14:53:15+00:00\" \/>\n<meta property=\"og:image\" content=\"https:\/\/www.solzingranaggi.it\/wp-content\/uploads\/2022\/02\/Progettazione-2-300x300.jpg\" \/>\n<meta name=\"twitter:card\" content=\"summary_large_image\" \/>\n<meta name=\"twitter:label1\" content=\"Tiempo de lectura\" \/>\n\t<meta name=\"twitter:data1\" content=\"2 minutos\" \/>\n<script type=\"application\/ld+json\" class=\"yoast-schema-graph\">{\"@context\":\"https:\\\/\\\/schema.org\",\"@graph\":[{\"@type\":\"WebPage\",\"@id\":\"https:\\\/\\\/www.solzingranaggi.it\\\/es\\\/diseno\\\/\",\"url\":\"https:\\\/\\\/www.solzingranaggi.it\\\/es\\\/diseno\\\/\",\"name\":\"Dise\u00f1o - Solzi Ingranaggi\",\"isPartOf\":{\"@id\":\"https:\\\/\\\/www.solzingranaggi.it\\\/es\\\/#website\"},\"primaryImageOfPage\":{\"@id\":\"https:\\\/\\\/www.solzingranaggi.it\\\/es\\\/diseno\\\/#primaryimage\"},\"image\":{\"@id\":\"https:\\\/\\\/www.solzingranaggi.it\\\/es\\\/diseno\\\/#primaryimage\"},\"thumbnailUrl\":\"https:\\\/\\\/www.solzingranaggi.it\\\/wp-content\\\/uploads\\\/2022\\\/02\\\/Progettazione-2-300x300.jpg\",\"datePublished\":\"2022-02-15T14:59:14+00:00\",\"dateModified\":\"2023-06-30T14:53:15+00:00\",\"breadcrumb\":{\"@id\":\"https:\\\/\\\/www.solzingranaggi.it\\\/es\\\/diseno\\\/#breadcrumb\"},\"inLanguage\":\"es\",\"potentialAction\":[{\"@type\":\"ReadAction\",\"target\":[\"https:\\\/\\\/www.solzingranaggi.it\\\/es\\\/diseno\\\/\"]}]},{\"@type\":\"ImageObject\",\"inLanguage\":\"es\",\"@id\":\"https:\\\/\\\/www.solzingranaggi.it\\\/es\\\/diseno\\\/#primaryimage\",\"url\":\"https:\\\/\\\/www.solzingranaggi.it\\\/wp-content\\\/uploads\\\/2022\\\/02\\\/Progettazione-2-300x300.jpg\",\"contentUrl\":\"https:\\\/\\\/www.solzingranaggi.it\\\/wp-content\\\/uploads\\\/2022\\\/02\\\/Progettazione-2-300x300.jpg\"},{\"@type\":\"BreadcrumbList\",\"@id\":\"https:\\\/\\\/www.solzingranaggi.it\\\/es\\\/diseno\\\/#breadcrumb\",\"itemListElement\":[{\"@type\":\"ListItem\",\"position\":1,\"name\":\"Home\",\"item\":\"https:\\\/\\\/www.solzingranaggi.it\\\/es\\\/\"},{\"@type\":\"ListItem\",\"position\":2,\"name\":\"Dise\u00f1o\"}]},{\"@type\":\"WebSite\",\"@id\":\"https:\\\/\\\/www.solzingranaggi.it\\\/es\\\/#website\",\"url\":\"https:\\\/\\\/www.solzingranaggi.it\\\/es\\\/\",\"name\":\"Solzi Ingranaggi\",\"description\":\"Progettazione e Produzione di ingranaggi\",\"publisher\":{\"@id\":\"https:\\\/\\\/www.solzingranaggi.it\\\/es\\\/#organization\"},\"potentialAction\":[{\"@type\":\"SearchAction\",\"target\":{\"@type\":\"EntryPoint\",\"urlTemplate\":\"https:\\\/\\\/www.solzingranaggi.it\\\/es\\\/?s={search_term_string}\"},\"query-input\":{\"@type\":\"PropertyValueSpecification\",\"valueRequired\":true,\"valueName\":\"search_term_string\"}}],\"inLanguage\":\"es\"},{\"@type\":\"Organization\",\"@id\":\"https:\\\/\\\/www.solzingranaggi.it\\\/es\\\/#organization\",\"name\":\"Solzi Ingranaggi\",\"url\":\"https:\\\/\\\/www.solzingranaggi.it\\\/es\\\/\",\"logo\":{\"@type\":\"ImageObject\",\"inLanguage\":\"es\",\"@id\":\"https:\\\/\\\/www.solzingranaggi.it\\\/es\\\/#\\\/schema\\\/logo\\\/image\\\/\",\"url\":\"https:\\\/\\\/www.solzingranaggi.it\\\/wp-content\\\/uploads\\\/2022\\\/02\\\/logo.png\",\"contentUrl\":\"https:\\\/\\\/www.solzingranaggi.it\\\/wp-content\\\/uploads\\\/2022\\\/02\\\/logo.png\",\"width\":295,\"height\":112,\"caption\":\"Solzi Ingranaggi\"},\"image\":{\"@id\":\"https:\\\/\\\/www.solzingranaggi.it\\\/es\\\/#\\\/schema\\\/logo\\\/image\\\/\"}}]}<\/script>\n<!-- \/ Yoast SEO plugin. -->","yoast_head_json":{"title":"Dise\u00f1o - Solzi Ingranaggi","robots":{"index":"index","follow":"follow","max-snippet":"max-snippet:-1","max-image-preview":"max-image-preview:large","max-video-preview":"max-video-preview:-1"},"canonical":"https:\/\/www.solzingranaggi.it\/es\/diseno\/","og_locale":"es_ES","og_type":"article","og_title":"Dise\u00f1o - Solzi Ingranaggi","og_description":"Dise\u00f1o Esta actividad es uno de nuestros puntos fuertes. Gracias a los conocimientos desarrollados durante d\u00e9cadas de actividad de acuerdo seg\u00fan las necesidades de clientes y la experiencia de nuestra Oficina T\u00e9cnica, Solzi Ingranaggi tambi\u00e9n puede ofrecer asesoramiento t\u00e9cnico para el dise\u00f1o de engranajes, micro-reductores y diferentes tipos de automatismos. Ciclo completo de proyectos: desde [&hellip;]","og_url":"https:\/\/www.solzingranaggi.it\/es\/diseno\/","og_site_name":"Solzi Ingranaggi","article_modified_time":"2023-06-30T14:53:15+00:00","og_image":[{"url":"https:\/\/www.solzingranaggi.it\/wp-content\/uploads\/2022\/02\/Progettazione-2-300x300.jpg","type":"","width":"","height":""}],"twitter_card":"summary_large_image","twitter_misc":{"Tiempo de lectura":"2 minutos"},"schema":{"@context":"https:\/\/schema.org","@graph":[{"@type":"WebPage","@id":"https:\/\/www.solzingranaggi.it\/es\/diseno\/","url":"https:\/\/www.solzingranaggi.it\/es\/diseno\/","name":"Dise\u00f1o - Solzi Ingranaggi","isPartOf":{"@id":"https:\/\/www.solzingranaggi.it\/es\/#website"},"primaryImageOfPage":{"@id":"https:\/\/www.solzingranaggi.it\/es\/diseno\/#primaryimage"},"image":{"@id":"https:\/\/www.solzingranaggi.it\/es\/diseno\/#primaryimage"},"thumbnailUrl":"https:\/\/www.solzingranaggi.it\/wp-content\/uploads\/2022\/02\/Progettazione-2-300x300.jpg","datePublished":"2022-02-15T14:59:14+00:00","dateModified":"2023-06-30T14:53:15+00:00","breadcrumb":{"@id":"https:\/\/www.solzingranaggi.it\/es\/diseno\/#breadcrumb"},"inLanguage":"es","potentialAction":[{"@type":"ReadAction","target":["https:\/\/www.solzingranaggi.it\/es\/diseno\/"]}]},{"@type":"ImageObject","inLanguage":"es","@id":"https:\/\/www.solzingranaggi.it\/es\/diseno\/#primaryimage","url":"https:\/\/www.solzingranaggi.it\/wp-content\/uploads\/2022\/02\/Progettazione-2-300x300.jpg","contentUrl":"https:\/\/www.solzingranaggi.it\/wp-content\/uploads\/2022\/02\/Progettazione-2-300x300.jpg"},{"@type":"BreadcrumbList","@id":"https:\/\/www.solzingranaggi.it\/es\/diseno\/#breadcrumb","itemListElement":[{"@type":"ListItem","position":1,"name":"Home","item":"https:\/\/www.solzingranaggi.it\/es\/"},{"@type":"ListItem","position":2,"name":"Dise\u00f1o"}]},{"@type":"WebSite","@id":"https:\/\/www.solzingranaggi.it\/es\/#website","url":"https:\/\/www.solzingranaggi.it\/es\/","name":"Solzi Ingranaggi","description":"Progettazione e Produzione di ingranaggi","publisher":{"@id":"https:\/\/www.solzingranaggi.it\/es\/#organization"},"potentialAction":[{"@type":"SearchAction","target":{"@type":"EntryPoint","urlTemplate":"https:\/\/www.solzingranaggi.it\/es\/?s={search_term_string}"},"query-input":{"@type":"PropertyValueSpecification","valueRequired":true,"valueName":"search_term_string"}}],"inLanguage":"es"},{"@type":"Organization","@id":"https:\/\/www.solzingranaggi.it\/es\/#organization","name":"Solzi Ingranaggi","url":"https:\/\/www.solzingranaggi.it\/es\/","logo":{"@type":"ImageObject","inLanguage":"es","@id":"https:\/\/www.solzingranaggi.it\/es\/#\/schema\/logo\/image\/","url":"https:\/\/www.solzingranaggi.it\/wp-content\/uploads\/2022\/02\/logo.png","contentUrl":"https:\/\/www.solzingranaggi.it\/wp-content\/uploads\/2022\/02\/logo.png","width":295,"height":112,"caption":"Solzi Ingranaggi"},"image":{"@id":"https:\/\/www.solzingranaggi.it\/es\/#\/schema\/logo\/image\/"}}]}},"_links":{"self":[{"href":"https:\/\/www.solzingranaggi.it\/es\/wp-json\/wp\/v2\/pages\/2476","targetHints":{"allow":["GET"]}}],"collection":[{"href":"https:\/\/www.solzingranaggi.it\/es\/wp-json\/wp\/v2\/pages"}],"about":[{"href":"https:\/\/www.solzingranaggi.it\/es\/wp-json\/wp\/v2\/types\/page"}],"author":[{"embeddable":true,"href":"https:\/\/www.solzingranaggi.it\/es\/wp-json\/wp\/v2\/users\/1"}],"replies":[{"embeddable":true,"href":"https:\/\/www.solzingranaggi.it\/es\/wp-json\/wp\/v2\/comments?post=2476"}],"version-history":[{"count":5,"href":"https:\/\/www.solzingranaggi.it\/es\/wp-json\/wp\/v2\/pages\/2476\/revisions"}],"predecessor-version":[{"id":2513,"href":"https:\/\/www.solzingranaggi.it\/es\/wp-json\/wp\/v2\/pages\/2476\/revisions\/2513"}],"wp:attachment":[{"href":"https:\/\/www.solzingranaggi.it\/es\/wp-json\/wp\/v2\/media?parent=2476"}],"curies":[{"name":"wp","href":"https:\/\/api.w.org\/{rel}","templated":true}]}}