{"id":2490,"date":"2022-02-15T15:58:41","date_gmt":"2022-02-15T14:58:41","guid":{"rendered":"https:\/\/www.solzingranaggi.it\/azienda\/"},"modified":"2023-06-30T16:43:19","modified_gmt":"2023-06-30T14:43:19","slug":"nosotros","status":"publish","type":"page","link":"https:\/\/www.solzingranaggi.it\/es\/nosotros\/","title":{"rendered":"Nosotros"},"content":{"rendered":"\t\t<div data-elementor-type=\"wp-page\" data-elementor-id=\"2490\" class=\"elementor elementor-2490 elementor-89\" data-elementor-post-type=\"page\">\n\t\t\t\t\t\t<section data-particle_enable=\"false\" data-particle-mobile-disabled=\"false\" class=\"elementor-section elementor-top-section elementor-element elementor-element-baefa67 elementor-section-boxed elementor-section-height-default elementor-section-height-default\" data-id=\"baefa67\" data-element_type=\"section\" data-e-type=\"section\">\n\t\t\t\t\t\t<div class=\"elementor-container elementor-column-gap-default\">\n\t\t\t\t\t<div class=\"elementor-column elementor-col-100 elementor-top-column elementor-element elementor-element-e9c9281\" data-id=\"e9c9281\" data-element_type=\"column\" data-e-type=\"column\">\n\t\t\t<div class=\"elementor-widget-wrap elementor-element-populated\">\n\t\t\t\t\t\t<div class=\"elementor-element elementor-element-ec8e014 elementor-widget elementor-widget-heading\" data-id=\"ec8e014\" data-element_type=\"widget\" data-e-type=\"widget\" data-widget_type=\"heading.default\">\n\t\t\t\t<div class=\"elementor-widget-container\">\n\t\t\t\t\t<h1 class=\"elementor-heading-title elementor-size-default\">Nosotros<\/h1>\t\t\t\t<\/div>\n\t\t\t\t<\/div>\n\t\t\t\t<div class=\"elementor-element elementor-element-3958567 elementor-widget elementor-widget-video\" data-id=\"3958567\" data-element_type=\"widget\" data-e-type=\"widget\" data-settings=\"{&quot;youtube_url&quot;:&quot;https:\\\/\\\/www.youtube.com\\\/watch?v=oBXbNk9wtJw&quot;,&quot;video_type&quot;:&quot;youtube&quot;,&quot;controls&quot;:&quot;yes&quot;}\" data-widget_type=\"video.default\">\n\t\t\t\t<div class=\"elementor-widget-container\">\n\t\t\t\t\t\t\t<div class=\"elementor-wrapper elementor-open-inline\">\n\t\t\t<div class=\"elementor-video\"><\/div>\t\t<\/div>\n\t\t\t\t\t\t<\/div>\n\t\t\t\t<\/div>\n\t\t\t\t\t<\/div>\n\t\t<\/div>\n\t\t\t\t\t<\/div>\n\t\t<\/section>\n\t\t\t\t<section data-particle_enable=\"false\" data-particle-mobile-disabled=\"false\" class=\"elementor-section elementor-top-section elementor-element elementor-element-f060a00 elementor-section-boxed elementor-section-height-default elementor-section-height-default\" data-id=\"f060a00\" data-element_type=\"section\" data-e-type=\"section\">\n\t\t\t\t\t\t<div class=\"elementor-container elementor-column-gap-default\">\n\t\t\t\t\t<div class=\"elementor-column elementor-col-100 elementor-top-column elementor-element elementor-element-fcf66f1\" data-id=\"fcf66f1\" data-element_type=\"column\" data-e-type=\"column\">\n\t\t\t<div class=\"elementor-widget-wrap elementor-element-populated\">\n\t\t\t\t\t\t<div class=\"elementor-element elementor-element-5590b08 elementor-widget elementor-widget-text-editor\" data-id=\"5590b08\" data-element_type=\"widget\" data-e-type=\"widget\" data-widget_type=\"text-editor.default\">\n\t\t\t\t<div class=\"elementor-widget-container\">\n\t\t\t\t\t\t\t\t\t<p>Nuestra empresa cuenta con cuarenta a\u00f1os de experiencia en el dise\u00f1o y fabricaci\u00f3n de microengranajes y peque\u00f1os motorreductores.<\/p><p>Desde su creaci\u00f3n, el Sr. Solzi ha guiado la empresa para ser din\u00e1mica y flexible y \u00e9l siempre ha cre\u00eddo en la creaci\u00f3n de productos de alta calidad, por lo que hoy los clientes nos reconocen como un socio confiable.<\/p><p>La maquinaria en el taller, que actualizamos constantemente, es del m\u00e1s alto nivel. Las fresadoras provienen \u00edntegramente de Suiza (pa\u00eds l\u00edder en el sector) y son especialmente adecuadas para nuestra producci\u00f3n de engranajes.<br \/>Incluso con la entrada de la nueva generaci\u00f3n en la plantilla de la empresa, la atenci\u00f3n al cliente sigue siendo la principal caracter\u00edstica, pudiendo satisfacer las demandas m\u00e1s variadas, tanto en prototipado como en peque\u00f1as y grandes series.<\/p><p>Nuestra experiencia y habilidades t\u00e9cnicas adquiridas a lo largo de las d\u00e9cadas nos permiten colaborar con el cliente para el estudio e implementaci\u00f3n de nuevos proyectos y producciones.<br \/>La calidad est\u00e1 garantizada por protocolos internos consolidados y aplicados, conformes con la norma UNI EN ISO 9001:2015 y en constante evoluci\u00f3n siguiendo las actualizaciones reglamentarias.<\/p><h3>Nuestra filosof\u00eda<\/h3><p>Solzi Ingranaggi es una de las empresas de referencia en el dise\u00f1o y producci\u00f3n de micro engranajes, sinfines, y motorreductores planetarios y en cascada de peque\u00f1a potencia.<\/p><p>Nuestra experiencia, know-how, apuesta por la I+D, la formaci\u00f3n y la constante innovaci\u00f3n de nuestra maquinaria nos permiten poder atender a un mercado cada vez m\u00e1s exigente en cuanto a flexibilidad, rapidez y calidad del producto.<\/p><p>Actualmente la gama de motorreductores, junto con un rango amplio de engranajes, y una red de ventas eficaz, nos permite estar constantemente presentes en mercados internacionales para responder a las necesidades m\u00e1s variadas de los clientes.<\/p><p>Nuestra empresa cuenta con cuarenta a\u00f1os de experiencia en el dise\u00f1o y fabricaci\u00f3n de peque\u00f1os engranajes y motorreductores.<br \/>La flexibilidad es nuestra principal caracter\u00edstica, ya que podemos satisfacer las solicitudes de los clientes, tanto en peque\u00f1os como en grandes lotes.<br \/>Nuestra experiencia y habilidades t\u00e9cnicas nos permiten colaborar con el cliente para el estudio e implementaci\u00f3n de nuevos proyectos y la creaci\u00f3n de prototipos.<br \/>La calidad est\u00e1 garantizada por procedimientos internos consolidados, conformes con la norma UNI EN ISO 9001:2015.<\/p>\t\t\t\t\t\t\t\t<\/div>\n\t\t\t\t<\/div>\n\t\t\t\t\t<\/div>\n\t\t<\/div>\n\t\t\t\t\t<\/div>\n\t\t<\/section>\n\t\t\t\t<\/div>\n\t\t","protected":false},"excerpt":{"rendered":"<p>https:\/\/www.youtube.com\/watch?v=oBXbNk9wtJw Nuestra empresa cuenta con cuarenta a\u00f1os de experiencia en el dise\u00f1o y fabricaci\u00f3n de microengranajes y peque\u00f1os motorreductores. Desde su creaci\u00f3n, el Sr. Solzi ha guiado la empresa para ser din\u00e1mica y flexible y \u00e9l siempre ha cre\u00eddo en la creaci\u00f3n de productos de alta calidad, por lo que hoy los clientes nos reconocen [&hellip;]<\/p>\n","protected":false},"author":1,"featured_media":0,"parent":0,"menu_order":0,"comment_status":"closed","ping_status":"closed","template":"","meta":{"footnotes":""},"class_list":["post-2490","page","type-page","status-publish","hentry"],"yoast_head":"<!-- This site is optimized with the Yoast SEO plugin v27.4 - https:\/\/yoast.com\/product\/yoast-seo-wordpress\/ -->\n<title>Nosotros - Solzi Ingranaggi<\/title>\n<meta name=\"robots\" content=\"index, follow, max-snippet:-1, max-image-preview:large, max-video-preview:-1\" \/>\n<link rel=\"canonical\" href=\"https:\/\/www.solzingranaggi.it\/es\/nosotros\/\" \/>\n<meta property=\"og:locale\" content=\"es_ES\" \/>\n<meta property=\"og:type\" content=\"article\" \/>\n<meta property=\"og:title\" content=\"Nosotros - Solzi Ingranaggi\" \/>\n<meta property=\"og:description\" content=\"https:\/\/www.youtube.com\/watch?v=oBXbNk9wtJw Nuestra empresa cuenta con cuarenta a\u00f1os de experiencia en el dise\u00f1o y fabricaci\u00f3n de microengranajes y peque\u00f1os motorreductores. Desde su creaci\u00f3n, el Sr. Solzi ha guiado la empresa para ser din\u00e1mica y flexible y \u00e9l siempre ha cre\u00eddo en la creaci\u00f3n de productos de alta calidad, por lo que hoy los clientes nos reconocen [&hellip;]\" \/>\n<meta property=\"og:url\" content=\"https:\/\/www.solzingranaggi.it\/es\/nosotros\/\" \/>\n<meta property=\"og:site_name\" content=\"Solzi Ingranaggi\" \/>\n<meta property=\"article:modified_time\" content=\"2023-06-30T14:43:19+00:00\" \/>\n<meta name=\"twitter:card\" content=\"summary_large_image\" \/>\n<meta name=\"twitter:label1\" content=\"Tiempo de lectura\" \/>\n\t<meta name=\"twitter:data1\" content=\"2 minutos\" \/>\n<script type=\"application\/ld+json\" class=\"yoast-schema-graph\">{\"@context\":\"https:\\\/\\\/schema.org\",\"@graph\":[{\"@type\":\"WebPage\",\"@id\":\"https:\\\/\\\/www.solzingranaggi.it\\\/es\\\/nosotros\\\/\",\"url\":\"https:\\\/\\\/www.solzingranaggi.it\\\/es\\\/nosotros\\\/\",\"name\":\"Nosotros - Solzi Ingranaggi\",\"isPartOf\":{\"@id\":\"https:\\\/\\\/www.solzingranaggi.it\\\/es\\\/#website\"},\"datePublished\":\"2022-02-15T14:58:41+00:00\",\"dateModified\":\"2023-06-30T14:43:19+00:00\",\"breadcrumb\":{\"@id\":\"https:\\\/\\\/www.solzingranaggi.it\\\/es\\\/nosotros\\\/#breadcrumb\"},\"inLanguage\":\"es\",\"potentialAction\":[{\"@type\":\"ReadAction\",\"target\":[\"https:\\\/\\\/www.solzingranaggi.it\\\/es\\\/nosotros\\\/\"]}]},{\"@type\":\"BreadcrumbList\",\"@id\":\"https:\\\/\\\/www.solzingranaggi.it\\\/es\\\/nosotros\\\/#breadcrumb\",\"itemListElement\":[{\"@type\":\"ListItem\",\"position\":1,\"name\":\"Home\",\"item\":\"https:\\\/\\\/www.solzingranaggi.it\\\/es\\\/\"},{\"@type\":\"ListItem\",\"position\":2,\"name\":\"Nosotros\"}]},{\"@type\":\"WebSite\",\"@id\":\"https:\\\/\\\/www.solzingranaggi.it\\\/es\\\/#website\",\"url\":\"https:\\\/\\\/www.solzingranaggi.it\\\/es\\\/\",\"name\":\"Solzi Ingranaggi\",\"description\":\"Progettazione e Produzione di ingranaggi\",\"publisher\":{\"@id\":\"https:\\\/\\\/www.solzingranaggi.it\\\/es\\\/#organization\"},\"potentialAction\":[{\"@type\":\"SearchAction\",\"target\":{\"@type\":\"EntryPoint\",\"urlTemplate\":\"https:\\\/\\\/www.solzingranaggi.it\\\/es\\\/?s={search_term_string}\"},\"query-input\":{\"@type\":\"PropertyValueSpecification\",\"valueRequired\":true,\"valueName\":\"search_term_string\"}}],\"inLanguage\":\"es\"},{\"@type\":\"Organization\",\"@id\":\"https:\\\/\\\/www.solzingranaggi.it\\\/es\\\/#organization\",\"name\":\"Solzi Ingranaggi\",\"url\":\"https:\\\/\\\/www.solzingranaggi.it\\\/es\\\/\",\"logo\":{\"@type\":\"ImageObject\",\"inLanguage\":\"es\",\"@id\":\"https:\\\/\\\/www.solzingranaggi.it\\\/es\\\/#\\\/schema\\\/logo\\\/image\\\/\",\"url\":\"https:\\\/\\\/www.solzingranaggi.it\\\/wp-content\\\/uploads\\\/2022\\\/02\\\/logo.png\",\"contentUrl\":\"https:\\\/\\\/www.solzingranaggi.it\\\/wp-content\\\/uploads\\\/2022\\\/02\\\/logo.png\",\"width\":295,\"height\":112,\"caption\":\"Solzi Ingranaggi\"},\"image\":{\"@id\":\"https:\\\/\\\/www.solzingranaggi.it\\\/es\\\/#\\\/schema\\\/logo\\\/image\\\/\"}}]}<\/script>\n<!-- \/ Yoast SEO plugin. -->","yoast_head_json":{"title":"Nosotros - Solzi Ingranaggi","robots":{"index":"index","follow":"follow","max-snippet":"max-snippet:-1","max-image-preview":"max-image-preview:large","max-video-preview":"max-video-preview:-1"},"canonical":"https:\/\/www.solzingranaggi.it\/es\/nosotros\/","og_locale":"es_ES","og_type":"article","og_title":"Nosotros - Solzi Ingranaggi","og_description":"https:\/\/www.youtube.com\/watch?v=oBXbNk9wtJw Nuestra empresa cuenta con cuarenta a\u00f1os de experiencia en el dise\u00f1o y fabricaci\u00f3n de microengranajes y peque\u00f1os motorreductores. Desde su creaci\u00f3n, el Sr. Solzi ha guiado la empresa para ser din\u00e1mica y flexible y \u00e9l siempre ha cre\u00eddo en la creaci\u00f3n de productos de alta calidad, por lo que hoy los clientes nos reconocen [&hellip;]","og_url":"https:\/\/www.solzingranaggi.it\/es\/nosotros\/","og_site_name":"Solzi Ingranaggi","article_modified_time":"2023-06-30T14:43:19+00:00","twitter_card":"summary_large_image","twitter_misc":{"Tiempo de lectura":"2 minutos"},"schema":{"@context":"https:\/\/schema.org","@graph":[{"@type":"WebPage","@id":"https:\/\/www.solzingranaggi.it\/es\/nosotros\/","url":"https:\/\/www.solzingranaggi.it\/es\/nosotros\/","name":"Nosotros - Solzi Ingranaggi","isPartOf":{"@id":"https:\/\/www.solzingranaggi.it\/es\/#website"},"datePublished":"2022-02-15T14:58:41+00:00","dateModified":"2023-06-30T14:43:19+00:00","breadcrumb":{"@id":"https:\/\/www.solzingranaggi.it\/es\/nosotros\/#breadcrumb"},"inLanguage":"es","potentialAction":[{"@type":"ReadAction","target":["https:\/\/www.solzingranaggi.it\/es\/nosotros\/"]}]},{"@type":"BreadcrumbList","@id":"https:\/\/www.solzingranaggi.it\/es\/nosotros\/#breadcrumb","itemListElement":[{"@type":"ListItem","position":1,"name":"Home","item":"https:\/\/www.solzingranaggi.it\/es\/"},{"@type":"ListItem","position":2,"name":"Nosotros"}]},{"@type":"WebSite","@id":"https:\/\/www.solzingranaggi.it\/es\/#website","url":"https:\/\/www.solzingranaggi.it\/es\/","name":"Solzi Ingranaggi","description":"Progettazione e Produzione di ingranaggi","publisher":{"@id":"https:\/\/www.solzingranaggi.it\/es\/#organization"},"potentialAction":[{"@type":"SearchAction","target":{"@type":"EntryPoint","urlTemplate":"https:\/\/www.solzingranaggi.it\/es\/?s={search_term_string}"},"query-input":{"@type":"PropertyValueSpecification","valueRequired":true,"valueName":"search_term_string"}}],"inLanguage":"es"},{"@type":"Organization","@id":"https:\/\/www.solzingranaggi.it\/es\/#organization","name":"Solzi Ingranaggi","url":"https:\/\/www.solzingranaggi.it\/es\/","logo":{"@type":"ImageObject","inLanguage":"es","@id":"https:\/\/www.solzingranaggi.it\/es\/#\/schema\/logo\/image\/","url":"https:\/\/www.solzingranaggi.it\/wp-content\/uploads\/2022\/02\/logo.png","contentUrl":"https:\/\/www.solzingranaggi.it\/wp-content\/uploads\/2022\/02\/logo.png","width":295,"height":112,"caption":"Solzi Ingranaggi"},"image":{"@id":"https:\/\/www.solzingranaggi.it\/es\/#\/schema\/logo\/image\/"}}]}},"_links":{"self":[{"href":"https:\/\/www.solzingranaggi.it\/es\/wp-json\/wp\/v2\/pages\/2490","targetHints":{"allow":["GET"]}}],"collection":[{"href":"https:\/\/www.solzingranaggi.it\/es\/wp-json\/wp\/v2\/pages"}],"about":[{"href":"https:\/\/www.solzingranaggi.it\/es\/wp-json\/wp\/v2\/types\/page"}],"author":[{"embeddable":true,"href":"https:\/\/www.solzingranaggi.it\/es\/wp-json\/wp\/v2\/users\/1"}],"replies":[{"embeddable":true,"href":"https:\/\/www.solzingranaggi.it\/es\/wp-json\/wp\/v2\/comments?post=2490"}],"version-history":[{"count":4,"href":"https:\/\/www.solzingranaggi.it\/es\/wp-json\/wp\/v2\/pages\/2490\/revisions"}],"predecessor-version":[{"id":2500,"href":"https:\/\/www.solzingranaggi.it\/es\/wp-json\/wp\/v2\/pages\/2490\/revisions\/2500"}],"wp:attachment":[{"href":"https:\/\/www.solzingranaggi.it\/es\/wp-json\/wp\/v2\/media?parent=2490"}],"curies":[{"name":"wp","href":"https:\/\/api.w.org\/{rel}","templated":true}]}}