{"id":2491,"date":"2022-02-15T15:58:53","date_gmt":"2022-02-15T14:58:53","guid":{"rendered":"https:\/\/www.solzingranaggi.it\/qualita\/"},"modified":"2025-11-18T16:43:15","modified_gmt":"2025-11-18T15:43:15","slug":"calidad","status":"publish","type":"page","link":"https:\/\/www.solzingranaggi.it\/es\/calidad\/","title":{"rendered":"Calidad"},"content":{"rendered":"\t\t<div data-elementor-type=\"wp-page\" data-elementor-id=\"2491\" class=\"elementor elementor-2491 elementor-91\" data-elementor-post-type=\"page\">\n\t\t\t\t\t\t<section data-particle_enable=\"false\" data-particle-mobile-disabled=\"false\" class=\"elementor-section elementor-top-section elementor-element elementor-element-d2bbd77 elementor-section-boxed elementor-section-height-default elementor-section-height-default\" data-id=\"d2bbd77\" data-element_type=\"section\" data-e-type=\"section\">\n\t\t\t\t\t\t<div class=\"elementor-container elementor-column-gap-default\">\n\t\t\t\t\t<div class=\"elementor-column elementor-col-100 elementor-top-column elementor-element elementor-element-983fa40\" data-id=\"983fa40\" data-element_type=\"column\" data-e-type=\"column\">\n\t\t\t<div class=\"elementor-widget-wrap elementor-element-populated\">\n\t\t\t\t\t\t<div class=\"elementor-element elementor-element-ac6e854 elementor-widget elementor-widget-heading\" data-id=\"ac6e854\" data-element_type=\"widget\" data-e-type=\"widget\" data-widget_type=\"heading.default\">\n\t\t\t\t<div class=\"elementor-widget-container\">\n\t\t\t\t\t<h1 class=\"elementor-heading-title elementor-size-default\">Calidad<\/h1>\t\t\t\t<\/div>\n\t\t\t\t<\/div>\n\t\t\t\t<div class=\"elementor-element elementor-element-abe4dea elementor-widget elementor-widget-text-editor\" data-id=\"abe4dea\" data-element_type=\"widget\" data-e-type=\"widget\" data-widget_type=\"text-editor.default\">\n\t\t\t\t<div class=\"elementor-widget-container\">\n\t\t\t\t\t\t\t\t\t<p>Nuestra pol\u00edtica de calidad define nuestra estrategia y objetivos. Es nuestro medio para perseguir una mejora continua hacia la satisfacci\u00f3n del cliente.<\/p><p>El compromiso de la direcci\u00f3n con la flexibilidad, el dinamismo, y la calidad de los productos y servicios fomenta el crecimiento continuo de la empresa. Solzi Ingranaggi ha implementado procesos de producci\u00f3n de vanguardia, que son supervisados por personal que trabajan estrictamente de acuerdo con nuestros c\u00f3digos internos de \u00e9tica y conducta, as\u00ed como con la norma ISO 9001:2015.<\/p><p>El deseo de mejora continua no es una cuesti\u00f3n de presunci\u00f3n, sino un fuerte incentivo para mejorar y lograr los objetivos establecidos.<br \/>El Responsable de Calidad colabora con la direcci\u00f3n de la empresa para controlar, promover y dar a conocer los resultados de las actividades de la empresa, con el fin de cultivar la formaci\u00f3n de los trabajadores y la implicaci\u00f3n del personal para alcanzar los objetivos.<\/p><p>La pol\u00edtica de calidad de Solzi Ingranaggi es uno de los medios a trav\u00e9s de los cuales opera nuestra empresa, y est\u00e1 siempre disponible para todo el personal de trabajo o para cualquier persona interesada en conocer c\u00f3mo funciona nuestra empresa.<\/p><p>Solzi Ingranaggi siempre ha cre\u00eddo firmemente e invertido en \u201cCalidad.\u201d<br \/>Esto refiere no solo a productos dimensionalmente correctos sino tambi\u00e9n a una serie de servicios y actividades posventa que ofrecemos.<\/p><p>La lealtad de clientes a lo largo de los a\u00f1os y la satisfacci\u00f3n de clientes por nuestros productos y servicios nos han ayudado a crecer con nuestros clientes y nos han permitido convertirnos en un socio de producci\u00f3n ideal.<\/p><p>Nuestra empresa ha implementado una serie de actividades que permiten el seguimiento, control y trazabilidad de sus productos.<br \/>En cada nuevo trabajo llevamos a cabo una serie de controles de calidad: desde la inspecci\u00f3n de los productos semiacabados y los controles aleatorios de producci\u00f3n hasta el control del producto final antes de su entrega a los clientes. Esta serie de controles, que realizamos mensualmente y registramos en la revisi\u00f3n de direcci\u00f3n, permiten a la empresa monitorizar el estado actual de capacidades productivas.<\/p><p>Somos una empresa din\u00e1mica en continua evoluci\u00f3n, que actualmente est\u00e1 certificada seg\u00fan UNI EN ISO 9001:2015.<\/p>\t\t\t\t\t\t\t\t<\/div>\n\t\t\t\t<\/div>\n\t\t\t\t<div class=\"elementor-element elementor-element-4e87a0d elementor-align-left elementor-widget__width-auto elementor-widget elementor-widget-button\" data-id=\"4e87a0d\" data-element_type=\"widget\" data-e-type=\"widget\" data-widget_type=\"button.default\">\n\t\t\t\t<div class=\"elementor-widget-container\">\n\t\t\t\t\t\t\t\t\t<div class=\"elementor-button-wrapper\">\n\t\t\t\t\t<a class=\"elementor-button elementor-button-link elementor-size-sm\" href=\"https:\/\/www.solzingranaggi.it\/wp-content\/uploads\/2025\/01\/2024-SOLZI-INGRANAGGI-certificato-it-CQY-1.pdf\" target=\"_blank\">\n\t\t\t\t\t\t<span class=\"elementor-button-content-wrapper\">\n\t\t\t\t\t\t<span class=\"elementor-button-icon\">\n\t\t\t\t<i aria-hidden=\"true\" class=\"far fa-file-pdf\"><\/i>\t\t\t<\/span>\n\t\t\t\t\t\t\t\t\t<span class=\"elementor-button-text\">Certificado Solzi<\/span>\n\t\t\t\t\t<\/span>\n\t\t\t\t\t<\/a>\n\t\t\t\t<\/div>\n\t\t\t\t\t\t\t\t<\/div>\n\t\t\t\t<\/div>\n\t\t\t\t<div class=\"elementor-element elementor-element-87e6d1a elementor-align-left elementor-widget__width-auto elementor-widget elementor-widget-button\" data-id=\"87e6d1a\" data-element_type=\"widget\" data-e-type=\"widget\" data-widget_type=\"button.default\">\n\t\t\t\t<div class=\"elementor-widget-container\">\n\t\t\t\t\t\t\t\t\t<div class=\"elementor-button-wrapper\">\n\t\t\t\t\t<a class=\"elementor-button elementor-button-link elementor-size-sm\" href=\"https:\/\/www.solzingranaggi.it\/wp-content\/uploads\/2025\/01\/2024-SOLZI-INGRANAGGI-certificato-IQNET.pdf\" target=\"_blank\">\n\t\t\t\t\t\t<span class=\"elementor-button-content-wrapper\">\n\t\t\t\t\t\t<span class=\"elementor-button-icon\">\n\t\t\t\t<i aria-hidden=\"true\" class=\"far fa-file-pdf\"><\/i>\t\t\t<\/span>\n\t\t\t\t\t\t\t\t\t<span class=\"elementor-button-text\">Certificado Solzi IQNET<\/span>\n\t\t\t\t\t<\/span>\n\t\t\t\t\t<\/a>\n\t\t\t\t<\/div>\n\t\t\t\t\t\t\t\t<\/div>\n\t\t\t\t<\/div>\n\t\t\t\t<div class=\"elementor-element elementor-element-b393404 elementor-widget__width-auto elementor-widget elementor-widget-button\" data-id=\"b393404\" data-element_type=\"widget\" data-e-type=\"widget\" data-widget_type=\"button.default\">\n\t\t\t\t<div class=\"elementor-widget-container\">\n\t\t\t\t\t\t\t\t\t<div class=\"elementor-button-wrapper\">\n\t\t\t\t\t<a class=\"elementor-button elementor-button-link elementor-size-sm\" href=\"\/wp-content\/uploads\/2025\/11\/Politica-della-Qualita-Solzi-Ingranaggi.pdf\" target=\"_blank\">\n\t\t\t\t\t\t<span class=\"elementor-button-content-wrapper\">\n\t\t\t\t\t\t<span class=\"elementor-button-icon\">\n\t\t\t\t<i aria-hidden=\"true\" class=\"far fa-file-pdf\"><\/i>\t\t\t<\/span>\n\t\t\t\t\t\t\t\t\t<span class=\"elementor-button-text\">Pol\u00edtica de calidad<\/span>\n\t\t\t\t\t<\/span>\n\t\t\t\t\t<\/a>\n\t\t\t\t<\/div>\n\t\t\t\t\t\t\t\t<\/div>\n\t\t\t\t<\/div>\n\t\t\t\t\t<\/div>\n\t\t<\/div>\n\t\t\t\t\t<\/div>\n\t\t<\/section>\n\t\t\t\t<section data-particle_enable=\"false\" data-particle-mobile-disabled=\"false\" class=\"elementor-section elementor-top-section elementor-element elementor-element-fe765a9 elementor-section-boxed elementor-section-height-default elementor-section-height-default\" data-id=\"fe765a9\" data-element_type=\"section\" data-e-type=\"section\">\n\t\t\t\t\t\t<div class=\"elementor-container elementor-column-gap-default\">\n\t\t\t\t\t<div class=\"elementor-column elementor-col-100 elementor-top-column elementor-element elementor-element-a91c212\" data-id=\"a91c212\" data-element_type=\"column\" data-e-type=\"column\">\n\t\t\t<div class=\"elementor-widget-wrap elementor-element-populated\">\n\t\t\t\t\t\t<div class=\"elementor-element elementor-element-f059646 gallery-spacing-custom elementor-widget elementor-widget-image-gallery\" data-id=\"f059646\" data-element_type=\"widget\" data-e-type=\"widget\" data-widget_type=\"image-gallery.default\">\n\t\t\t\t<div class=\"elementor-widget-container\">\n\t\t\t\t\t\t\t<div class=\"elementor-image-gallery\">\n\t\t\t<div id='gallery-1' class='gallery galleryid-2491 gallery-columns-4 gallery-size-thumbnail'><figure class='gallery-item'>\n\t\t\t<div class='gallery-icon landscape'>\n\t\t\t\t<a data-elementor-open-lightbox=\"yes\" data-elementor-lightbox-slideshow=\"f059646\" data-elementor-lightbox-title=\"Verifica-Ruota-dentata\" data-e-action-hash=\"#elementor-action%3Aaction%3Dlightbox%26settings%3DeyJpZCI6MjE5OCwidXJsIjoiaHR0cHM6XC9cL3d3dy5zb2x6aW5ncmFuYWdnaS5pdFwvd3AtY29udGVudFwvdXBsb2Fkc1wvMjAyMlwvMDJcL1ZlcmlmaWNhLVJ1b3RhLWRlbnRhdGEuanBnIiwic2xpZGVzaG93IjoiZjA1OTY0NiJ9\" href='https:\/\/www.solzingranaggi.it\/wp-content\/uploads\/2022\/02\/Verifica-Ruota-dentata.jpg'><img fetchpriority=\"high\" decoding=\"async\" width=\"300\" height=\"300\" src=\"https:\/\/www.solzingranaggi.it\/wp-content\/uploads\/2022\/02\/Verifica-Ruota-dentata-300x300.jpg\" class=\"attachment-thumbnail size-thumbnail\" alt=\"\" \/><\/a>\n\t\t\t<\/div><\/figure><figure class='gallery-item'>\n\t\t\t<div class='gallery-icon portrait'>\n\t\t\t\t<a data-elementor-open-lightbox=\"yes\" data-elementor-lightbox-slideshow=\"f059646\" data-elementor-lightbox-title=\"SOLZI-INGRANAGGI_macchina keynce\" data-e-action-hash=\"#elementor-action%3Aaction%3Dlightbox%26settings%3DeyJpZCI6MjkwNywidXJsIjoiaHR0cHM6XC9cL3d3dy5zb2x6aW5ncmFuYWdnaS5pdFwvd3AtY29udGVudFwvdXBsb2Fkc1wvMjAyNFwvMTBcL1NPTFpJLUlOR1JBTkFHR0lfbWFjY2hpbmEta2V5bmNlLXJvdGF0ZWQuanBnIiwic2xpZGVzaG93IjoiZjA1OTY0NiJ9\" href='https:\/\/www.solzingranaggi.it\/wp-content\/uploads\/2024\/10\/SOLZI-INGRANAGGI_macchina-keynce-rotated.jpg'><img decoding=\"async\" width=\"300\" height=\"300\" src=\"https:\/\/www.solzingranaggi.it\/wp-content\/uploads\/2024\/10\/SOLZI-INGRANAGGI_macchina-keynce-300x300.jpg\" class=\"attachment-thumbnail size-thumbnail\" alt=\"\" \/><\/a>\n\t\t\t<\/div><\/figure><figure class='gallery-item'>\n\t\t\t<div class='gallery-icon portrait'>\n\t\t\t\t<a data-elementor-open-lightbox=\"yes\" data-elementor-lightbox-slideshow=\"f059646\" data-elementor-lightbox-title=\"Controllo ingranaggi Zeiss\" data-e-action-hash=\"#elementor-action%3Aaction%3Dlightbox%26settings%3DeyJpZCI6MjMzNywidXJsIjoiaHR0cHM6XC9cL3d3dy5zb2x6aW5ncmFuYWdnaS5pdFwvd3AtY29udGVudFwvdXBsb2Fkc1wvMjAyMlwvMDNcL0NvbnRyb2xsby1pbmdyYW5hZ2dpLVplaXNzLTItc2NhbGVkLmpwZyIsInNsaWRlc2hvdyI6ImYwNTk2NDYifQ%3D%3D\" href='https:\/\/www.solzingranaggi.it\/wp-content\/uploads\/2022\/03\/Controllo-ingranaggi-Zeiss-2-scaled.jpg'><img decoding=\"async\" width=\"300\" height=\"300\" src=\"https:\/\/www.solzingranaggi.it\/wp-content\/uploads\/2022\/03\/Controllo-ingranaggi-Zeiss-2-300x300.jpg\" class=\"attachment-thumbnail size-thumbnail\" alt=\"\" \/><\/a>\n\t\t\t<\/div><\/figure><figure class='gallery-item'>\n\t\t\t<div class='gallery-icon landscape'>\n\t\t\t\t<a data-elementor-open-lightbox=\"yes\" data-elementor-lightbox-slideshow=\"f059646\" data-elementor-lightbox-title=\"Rugosimetro CQ\" data-e-action-hash=\"#elementor-action%3Aaction%3Dlightbox%26settings%3DeyJpZCI6MjMzOCwidXJsIjoiaHR0cHM6XC9cL3d3dy5zb2x6aW5ncmFuYWdnaS5pdFwvd3AtY29udGVudFwvdXBsb2Fkc1wvMjAyMlwvMDNcL1J1Z29zaW1ldHJvLUNRLXNjYWxlZC5qcGciLCJzbGlkZXNob3ciOiJmMDU5NjQ2In0%3D\" href='https:\/\/www.solzingranaggi.it\/wp-content\/uploads\/2022\/03\/Rugosimetro-CQ-scaled.jpg'><img loading=\"lazy\" decoding=\"async\" width=\"300\" height=\"300\" src=\"https:\/\/www.solzingranaggi.it\/wp-content\/uploads\/2022\/03\/Rugosimetro-CQ-300x300.jpg\" class=\"attachment-thumbnail size-thumbnail\" alt=\"\" srcset=\"https:\/\/www.solzingranaggi.it\/wp-content\/uploads\/2022\/03\/Rugosimetro-CQ-300x300.jpg 300w, https:\/\/www.solzingranaggi.it\/wp-content\/uploads\/2022\/03\/Rugosimetro-CQ-1024x1024.jpg 1024w, https:\/\/www.solzingranaggi.it\/wp-content\/uploads\/2022\/03\/Rugosimetro-CQ-768x768.jpg 768w, https:\/\/www.solzingranaggi.it\/wp-content\/uploads\/2022\/03\/Rugosimetro-CQ-1536x1536.jpg 1536w, https:\/\/www.solzingranaggi.it\/wp-content\/uploads\/2022\/03\/Rugosimetro-CQ-2048x2048.jpg 2048w\" sizes=\"(max-width: 300px) 100vw, 300px\" \/><\/a>\n\t\t\t<\/div><\/figure>\n\t\t<\/div>\n\t\t<\/div>\n\t\t\t\t\t\t<\/div>\n\t\t\t\t<\/div>\n\t\t\t\t\t<\/div>\n\t\t<\/div>\n\t\t\t\t\t<\/div>\n\t\t<\/section>\n\t\t\t\t<\/div>\n\t\t","protected":false},"excerpt":{"rendered":"<p>Nuestra pol\u00edtica de calidad define nuestra estrategia y objetivos. Es nuestro medio para perseguir una mejora continua hacia la satisfacci\u00f3n del cliente. El compromiso de la direcci\u00f3n con la flexibilidad, el dinamismo, y la calidad de los productos y servicios fomenta el crecimiento continuo de la empresa. Solzi Ingranaggi ha implementado procesos de producci\u00f3n de [&hellip;]<\/p>\n","protected":false},"author":1,"featured_media":0,"parent":0,"menu_order":0,"comment_status":"closed","ping_status":"closed","template":"","meta":{"footnotes":""},"class_list":["post-2491","page","type-page","status-publish","hentry"],"yoast_head":"<!-- This site is optimized with the Yoast SEO plugin v27.4 - https:\/\/yoast.com\/product\/yoast-seo-wordpress\/ -->\n<title>Calidad - Solzi Ingranaggi<\/title>\n<meta name=\"robots\" content=\"index, follow, max-snippet:-1, max-image-preview:large, max-video-preview:-1\" \/>\n<link rel=\"canonical\" href=\"https:\/\/www.solzingranaggi.it\/es\/calidad\/\" \/>\n<meta property=\"og:locale\" content=\"es_ES\" \/>\n<meta property=\"og:type\" content=\"article\" \/>\n<meta property=\"og:title\" content=\"Calidad - Solzi Ingranaggi\" \/>\n<meta property=\"og:description\" content=\"Nuestra pol\u00edtica de calidad define nuestra estrategia y objetivos. Es nuestro medio para perseguir una mejora continua hacia la satisfacci\u00f3n del cliente. El compromiso de la direcci\u00f3n con la flexibilidad, el dinamismo, y la calidad de los productos y servicios fomenta el crecimiento continuo de la empresa. Solzi Ingranaggi ha implementado procesos de producci\u00f3n de [&hellip;]\" \/>\n<meta property=\"og:url\" content=\"https:\/\/www.solzingranaggi.it\/es\/calidad\/\" \/>\n<meta property=\"og:site_name\" content=\"Solzi Ingranaggi\" \/>\n<meta property=\"article:modified_time\" content=\"2025-11-18T15:43:15+00:00\" \/>\n<meta property=\"og:image\" content=\"https:\/\/www.solzingranaggi.it\/wp-content\/uploads\/2022\/02\/Verifica-Ruota-dentata-300x300.jpg\" \/>\n<meta name=\"twitter:card\" content=\"summary_large_image\" \/>\n<meta name=\"twitter:label1\" content=\"Tiempo de lectura\" \/>\n\t<meta name=\"twitter:data1\" content=\"2 minutos\" \/>\n<script type=\"application\/ld+json\" class=\"yoast-schema-graph\">{\"@context\":\"https:\\\/\\\/schema.org\",\"@graph\":[{\"@type\":\"WebPage\",\"@id\":\"https:\\\/\\\/www.solzingranaggi.it\\\/es\\\/calidad\\\/\",\"url\":\"https:\\\/\\\/www.solzingranaggi.it\\\/es\\\/calidad\\\/\",\"name\":\"Calidad - Solzi Ingranaggi\",\"isPartOf\":{\"@id\":\"https:\\\/\\\/www.solzingranaggi.it\\\/es\\\/#website\"},\"primaryImageOfPage\":{\"@id\":\"https:\\\/\\\/www.solzingranaggi.it\\\/es\\\/calidad\\\/#primaryimage\"},\"image\":{\"@id\":\"https:\\\/\\\/www.solzingranaggi.it\\\/es\\\/calidad\\\/#primaryimage\"},\"thumbnailUrl\":\"https:\\\/\\\/www.solzingranaggi.it\\\/wp-content\\\/uploads\\\/2022\\\/02\\\/Verifica-Ruota-dentata-300x300.jpg\",\"datePublished\":\"2022-02-15T14:58:53+00:00\",\"dateModified\":\"2025-11-18T15:43:15+00:00\",\"breadcrumb\":{\"@id\":\"https:\\\/\\\/www.solzingranaggi.it\\\/es\\\/calidad\\\/#breadcrumb\"},\"inLanguage\":\"es\",\"potentialAction\":[{\"@type\":\"ReadAction\",\"target\":[\"https:\\\/\\\/www.solzingranaggi.it\\\/es\\\/calidad\\\/\"]}]},{\"@type\":\"ImageObject\",\"inLanguage\":\"es\",\"@id\":\"https:\\\/\\\/www.solzingranaggi.it\\\/es\\\/calidad\\\/#primaryimage\",\"url\":\"https:\\\/\\\/www.solzingranaggi.it\\\/wp-content\\\/uploads\\\/2022\\\/02\\\/Verifica-Ruota-dentata-300x300.jpg\",\"contentUrl\":\"https:\\\/\\\/www.solzingranaggi.it\\\/wp-content\\\/uploads\\\/2022\\\/02\\\/Verifica-Ruota-dentata-300x300.jpg\"},{\"@type\":\"BreadcrumbList\",\"@id\":\"https:\\\/\\\/www.solzingranaggi.it\\\/es\\\/calidad\\\/#breadcrumb\",\"itemListElement\":[{\"@type\":\"ListItem\",\"position\":1,\"name\":\"Home\",\"item\":\"https:\\\/\\\/www.solzingranaggi.it\\\/es\\\/\"},{\"@type\":\"ListItem\",\"position\":2,\"name\":\"Calidad\"}]},{\"@type\":\"WebSite\",\"@id\":\"https:\\\/\\\/www.solzingranaggi.it\\\/es\\\/#website\",\"url\":\"https:\\\/\\\/www.solzingranaggi.it\\\/es\\\/\",\"name\":\"Solzi Ingranaggi\",\"description\":\"Progettazione e Produzione di ingranaggi\",\"publisher\":{\"@id\":\"https:\\\/\\\/www.solzingranaggi.it\\\/es\\\/#organization\"},\"potentialAction\":[{\"@type\":\"SearchAction\",\"target\":{\"@type\":\"EntryPoint\",\"urlTemplate\":\"https:\\\/\\\/www.solzingranaggi.it\\\/es\\\/?s={search_term_string}\"},\"query-input\":{\"@type\":\"PropertyValueSpecification\",\"valueRequired\":true,\"valueName\":\"search_term_string\"}}],\"inLanguage\":\"es\"},{\"@type\":\"Organization\",\"@id\":\"https:\\\/\\\/www.solzingranaggi.it\\\/es\\\/#organization\",\"name\":\"Solzi Ingranaggi\",\"url\":\"https:\\\/\\\/www.solzingranaggi.it\\\/es\\\/\",\"logo\":{\"@type\":\"ImageObject\",\"inLanguage\":\"es\",\"@id\":\"https:\\\/\\\/www.solzingranaggi.it\\\/es\\\/#\\\/schema\\\/logo\\\/image\\\/\",\"url\":\"https:\\\/\\\/www.solzingranaggi.it\\\/wp-content\\\/uploads\\\/2022\\\/02\\\/logo.png\",\"contentUrl\":\"https:\\\/\\\/www.solzingranaggi.it\\\/wp-content\\\/uploads\\\/2022\\\/02\\\/logo.png\",\"width\":295,\"height\":112,\"caption\":\"Solzi Ingranaggi\"},\"image\":{\"@id\":\"https:\\\/\\\/www.solzingranaggi.it\\\/es\\\/#\\\/schema\\\/logo\\\/image\\\/\"}}]}<\/script>\n<!-- \/ Yoast SEO plugin. -->","yoast_head_json":{"title":"Calidad - Solzi Ingranaggi","robots":{"index":"index","follow":"follow","max-snippet":"max-snippet:-1","max-image-preview":"max-image-preview:large","max-video-preview":"max-video-preview:-1"},"canonical":"https:\/\/www.solzingranaggi.it\/es\/calidad\/","og_locale":"es_ES","og_type":"article","og_title":"Calidad - Solzi Ingranaggi","og_description":"Nuestra pol\u00edtica de calidad define nuestra estrategia y objetivos. Es nuestro medio para perseguir una mejora continua hacia la satisfacci\u00f3n del cliente. El compromiso de la direcci\u00f3n con la flexibilidad, el dinamismo, y la calidad de los productos y servicios fomenta el crecimiento continuo de la empresa. Solzi Ingranaggi ha implementado procesos de producci\u00f3n de [&hellip;]","og_url":"https:\/\/www.solzingranaggi.it\/es\/calidad\/","og_site_name":"Solzi Ingranaggi","article_modified_time":"2025-11-18T15:43:15+00:00","og_image":[{"url":"https:\/\/www.solzingranaggi.it\/wp-content\/uploads\/2022\/02\/Verifica-Ruota-dentata-300x300.jpg","type":"","width":"","height":""}],"twitter_card":"summary_large_image","twitter_misc":{"Tiempo de lectura":"2 minutos"},"schema":{"@context":"https:\/\/schema.org","@graph":[{"@type":"WebPage","@id":"https:\/\/www.solzingranaggi.it\/es\/calidad\/","url":"https:\/\/www.solzingranaggi.it\/es\/calidad\/","name":"Calidad - Solzi Ingranaggi","isPartOf":{"@id":"https:\/\/www.solzingranaggi.it\/es\/#website"},"primaryImageOfPage":{"@id":"https:\/\/www.solzingranaggi.it\/es\/calidad\/#primaryimage"},"image":{"@id":"https:\/\/www.solzingranaggi.it\/es\/calidad\/#primaryimage"},"thumbnailUrl":"https:\/\/www.solzingranaggi.it\/wp-content\/uploads\/2022\/02\/Verifica-Ruota-dentata-300x300.jpg","datePublished":"2022-02-15T14:58:53+00:00","dateModified":"2025-11-18T15:43:15+00:00","breadcrumb":{"@id":"https:\/\/www.solzingranaggi.it\/es\/calidad\/#breadcrumb"},"inLanguage":"es","potentialAction":[{"@type":"ReadAction","target":["https:\/\/www.solzingranaggi.it\/es\/calidad\/"]}]},{"@type":"ImageObject","inLanguage":"es","@id":"https:\/\/www.solzingranaggi.it\/es\/calidad\/#primaryimage","url":"https:\/\/www.solzingranaggi.it\/wp-content\/uploads\/2022\/02\/Verifica-Ruota-dentata-300x300.jpg","contentUrl":"https:\/\/www.solzingranaggi.it\/wp-content\/uploads\/2022\/02\/Verifica-Ruota-dentata-300x300.jpg"},{"@type":"BreadcrumbList","@id":"https:\/\/www.solzingranaggi.it\/es\/calidad\/#breadcrumb","itemListElement":[{"@type":"ListItem","position":1,"name":"Home","item":"https:\/\/www.solzingranaggi.it\/es\/"},{"@type":"ListItem","position":2,"name":"Calidad"}]},{"@type":"WebSite","@id":"https:\/\/www.solzingranaggi.it\/es\/#website","url":"https:\/\/www.solzingranaggi.it\/es\/","name":"Solzi Ingranaggi","description":"Progettazione e Produzione di ingranaggi","publisher":{"@id":"https:\/\/www.solzingranaggi.it\/es\/#organization"},"potentialAction":[{"@type":"SearchAction","target":{"@type":"EntryPoint","urlTemplate":"https:\/\/www.solzingranaggi.it\/es\/?s={search_term_string}"},"query-input":{"@type":"PropertyValueSpecification","valueRequired":true,"valueName":"search_term_string"}}],"inLanguage":"es"},{"@type":"Organization","@id":"https:\/\/www.solzingranaggi.it\/es\/#organization","name":"Solzi Ingranaggi","url":"https:\/\/www.solzingranaggi.it\/es\/","logo":{"@type":"ImageObject","inLanguage":"es","@id":"https:\/\/www.solzingranaggi.it\/es\/#\/schema\/logo\/image\/","url":"https:\/\/www.solzingranaggi.it\/wp-content\/uploads\/2022\/02\/logo.png","contentUrl":"https:\/\/www.solzingranaggi.it\/wp-content\/uploads\/2022\/02\/logo.png","width":295,"height":112,"caption":"Solzi Ingranaggi"},"image":{"@id":"https:\/\/www.solzingranaggi.it\/es\/#\/schema\/logo\/image\/"}}]}},"_links":{"self":[{"href":"https:\/\/www.solzingranaggi.it\/es\/wp-json\/wp\/v2\/pages\/2491","targetHints":{"allow":["GET"]}}],"collection":[{"href":"https:\/\/www.solzingranaggi.it\/es\/wp-json\/wp\/v2\/pages"}],"about":[{"href":"https:\/\/www.solzingranaggi.it\/es\/wp-json\/wp\/v2\/types\/page"}],"author":[{"embeddable":true,"href":"https:\/\/www.solzingranaggi.it\/es\/wp-json\/wp\/v2\/users\/1"}],"replies":[{"embeddable":true,"href":"https:\/\/www.solzingranaggi.it\/es\/wp-json\/wp\/v2\/comments?post=2491"}],"version-history":[{"count":23,"href":"https:\/\/www.solzingranaggi.it\/es\/wp-json\/wp\/v2\/pages\/2491\/revisions"}],"predecessor-version":[{"id":3212,"href":"https:\/\/www.solzingranaggi.it\/es\/wp-json\/wp\/v2\/pages\/2491\/revisions\/3212"}],"wp:attachment":[{"href":"https:\/\/www.solzingranaggi.it\/es\/wp-json\/wp\/v2\/media?parent=2491"}],"curies":[{"name":"wp","href":"https:\/\/api.w.org\/{rel}","templated":true}]}}