{"id":2518,"date":"2022-02-15T15:59:47","date_gmt":"2022-02-15T14:59:47","guid":{"rendered":"https:\/\/www.solzingranaggi.it\/prodotti\/"},"modified":"2023-06-30T16:58:12","modified_gmt":"2023-06-30T14:58:12","slug":"productos","status":"publish","type":"page","link":"https:\/\/www.solzingranaggi.it\/es\/productos\/","title":{"rendered":"Productos"},"content":{"rendered":"\t\t<div data-elementor-type=\"wp-page\" data-elementor-id=\"2518\" class=\"elementor elementor-2518 elementor-103\" data-elementor-post-type=\"page\">\n\t\t\t\t\t\t<section data-particle_enable=\"false\" data-particle-mobile-disabled=\"false\" class=\"elementor-section elementor-top-section elementor-element elementor-element-8501651 elementor-section-boxed elementor-section-height-default elementor-section-height-default\" data-id=\"8501651\" data-element_type=\"section\" data-e-type=\"section\">\n\t\t\t\t\t\t<div class=\"elementor-container elementor-column-gap-default\">\n\t\t\t\t\t<div class=\"elementor-column elementor-col-33 elementor-top-column elementor-element elementor-element-eb3af7e\" data-id=\"eb3af7e\" data-element_type=\"column\" data-e-type=\"column\">\n\t\t\t<div class=\"elementor-widget-wrap elementor-element-populated\">\n\t\t\t\t\t\t<div class=\"elementor-element elementor-element-a3dde91 elementor-widget elementor-widget-sidebar\" data-id=\"a3dde91\" data-element_type=\"widget\" data-e-type=\"widget\" data-widget_type=\"sidebar.default\">\n\t\t\t\t<div class=\"elementor-widget-container\">\n\t\t\t\t\t<li id=\"nav_menu-5\" class=\"widget widget_nav_menu\"><h2 class=\"widgettitle\">Nuestros productos<\/h2>\n<nav class=\"menu-menu-prodotti-new-ita-spagnolo-container\" aria-label=\"Nuestros productos\"><ul id=\"menu-menu-prodotti-new-ita-spagnolo\" class=\"menu\"><li id=\"menu-item-2632\" class=\"menu-item menu-item-type-post_type menu-item-object-page menu-item-has-children menu-item-2632\"><a href=\"https:\/\/www.solzingranaggi.it\/es\/productos\/engranajes\/\">Engranajes<\/a>\n<ul class=\"sub-menu\">\n\t<li id=\"menu-item-2633\" class=\"menu-item menu-item-type-post_type menu-item-object-prodotto menu-item-2633\"><a href=\"https:\/\/www.solzingranaggi.it\/es\/catalogo\/engranajes-rectos-o-helicoidales\/\">Engranajes rectos o helicoidales<\/a><\/li>\n\t<li id=\"menu-item-2634\" class=\"menu-item menu-item-type-post_type menu-item-object-prodotto menu-item-2634\"><a href=\"https:\/\/www.solzingranaggi.it\/es\/catalogo\/sinfines\/\">Sinfines<\/a><\/li>\n\t<li id=\"menu-item-2635\" class=\"menu-item menu-item-type-post_type menu-item-object-prodotto menu-item-2635\"><a href=\"https:\/\/www.solzingranaggi.it\/es\/catalogo\/poleas-de-correa\/\">Poleas de correa<\/a><\/li>\n\t<li id=\"menu-item-2636\" class=\"menu-item menu-item-type-post_type menu-item-object-prodotto menu-item-2636\"><a href=\"https:\/\/www.solzingranaggi.it\/es\/catalogo\/engranajes-especiales\/\">Engranajes especiales<\/a><\/li>\n\t<li id=\"menu-item-2637\" class=\"menu-item menu-item-type-post_type menu-item-object-prodotto menu-item-2637\"><a href=\"https:\/\/www.solzingranaggi.it\/es\/catalogo\/piezas-pequenas-torneadas\/\">Piezas peque\u00f1as torneadas<\/a><\/li>\n<\/ul>\n<\/li>\n<li id=\"menu-item-2638\" class=\"menu-item menu-item-type-post_type menu-item-object-page menu-item-has-children menu-item-2638\"><a href=\"https:\/\/www.solzingranaggi.it\/es\/productos\/motorreductores\/\">Motorreductores<\/a>\n<ul class=\"sub-menu\">\n\t<li id=\"menu-item-2639\" class=\"menu-item menu-item-type-taxonomy menu-item-object-categoria_prodotto menu-item-has-children menu-item-2639\"><a href=\"https:\/\/www.solzingranaggi.it\/es\/categoria-prodotto\/motorreductores\/serie-azul\/\">Serie Azul<\/a>\n\t<ul class=\"sub-menu\">\n\t\t<li id=\"menu-item-2640\" class=\"menu-item menu-item-type-post_type menu-item-object-prodotto menu-item-2640\"><a href=\"https:\/\/www.solzingranaggi.it\/es\/catalogo\/si_rid16\/\">SI_RID16<\/a><\/li>\n\t\t<li id=\"menu-item-2641\" class=\"menu-item menu-item-type-post_type menu-item-object-prodotto menu-item-2641\"><a href=\"https:\/\/www.solzingranaggi.it\/es\/catalogo\/si_rid1\/\">SI_RID1<\/a><\/li>\n\t\t<li id=\"menu-item-2642\" class=\"menu-item menu-item-type-post_type menu-item-object-prodotto menu-item-2642\"><a href=\"https:\/\/www.solzingranaggi.it\/es\/catalogo\/si_rid8\/\">SI_RID8<\/a><\/li>\n\t\t<li id=\"menu-item-2643\" class=\"menu-item menu-item-type-post_type menu-item-object-prodotto menu-item-2643\"><a href=\"https:\/\/www.solzingranaggi.it\/es\/catalogo\/si_rid5\/\">SI_RID5<\/a><\/li>\n\t\t<li id=\"menu-item-2644\" class=\"menu-item menu-item-type-post_type menu-item-object-prodotto menu-item-2644\"><a href=\"https:\/\/www.solzingranaggi.it\/es\/catalogo\/si_rid7\/\">SI_RID7<\/a><\/li>\n\t<\/ul>\n<\/li>\n\t<li id=\"menu-item-2645\" class=\"menu-item menu-item-type-taxonomy menu-item-object-categoria_prodotto menu-item-has-children menu-item-2645\"><a href=\"https:\/\/www.solzingranaggi.it\/es\/categoria-prodotto\/motorreductores\/serie-roja\/\">Serie Roja<\/a>\n\t<ul class=\"sub-menu\">\n\t\t<li id=\"menu-item-2646\" class=\"menu-item menu-item-type-post_type menu-item-object-prodotto menu-item-2646\"><a href=\"https:\/\/www.solzingranaggi.it\/es\/catalogo\/si_rid6\/\">SI_RID6<\/a><\/li>\n\t\t<li id=\"menu-item-2647\" class=\"menu-item menu-item-type-post_type menu-item-object-prodotto menu-item-2647\"><a href=\"https:\/\/www.solzingranaggi.it\/es\/catalogo\/si_rid9\/\">SI_RID9<\/a><\/li>\n\t<\/ul>\n<\/li>\n<\/ul>\n<\/li>\n<\/ul><\/nav><\/li>\n\t\t\t\t<\/div>\n\t\t\t\t<\/div>\n\t\t\t\t\t<\/div>\n\t\t<\/div>\n\t\t\t\t<div class=\"elementor-column elementor-col-66 elementor-top-column elementor-element elementor-element-01fc268\" data-id=\"01fc268\" data-element_type=\"column\" data-e-type=\"column\">\n\t\t\t<div class=\"elementor-widget-wrap elementor-element-populated\">\n\t\t\t\t\t\t<div class=\"elementor-element elementor-element-dd1ee55 elementor-widget elementor-widget-image\" data-id=\"dd1ee55\" data-element_type=\"widget\" data-e-type=\"widget\" data-widget_type=\"image.default\">\n\t\t\t\t<div class=\"elementor-widget-container\">\n\t\t\t\t\t\t\t\t\t\t\t\t\t\t\t<img fetchpriority=\"high\" decoding=\"async\" width=\"800\" height=\"235\" src=\"https:\/\/www.solzingranaggi.it\/wp-content\/uploads\/2022\/02\/prodotti.jpg\" class=\"attachment-large size-large wp-image-2217\" alt=\"\" srcset=\"https:\/\/www.solzingranaggi.it\/wp-content\/uploads\/2022\/02\/prodotti.jpg 850w, https:\/\/www.solzingranaggi.it\/wp-content\/uploads\/2022\/02\/prodotti-300x88.jpg 300w, https:\/\/www.solzingranaggi.it\/wp-content\/uploads\/2022\/02\/prodotti-768x226.jpg 768w\" sizes=\"(max-width: 800px) 100vw, 800px\" \/>\t\t\t\t\t\t\t\t\t\t\t\t\t\t\t<\/div>\n\t\t\t\t<\/div>\n\t\t\t\t<div class=\"elementor-element elementor-element-5ba0285 elementor-widget elementor-widget-text-editor\" data-id=\"5ba0285\" data-element_type=\"widget\" data-e-type=\"widget\" data-widget_type=\"text-editor.default\">\n\t\t\t\t<div class=\"elementor-widget-container\">\n\t\t\t\t\t\t\t\t\t<p><strong>Engranajes con dientes rectos o helicoidales<br \/><\/strong>Tallado desde m\u00f3dulo 0,15 hasta m\u00f3dulo 1,5 en cualquier tipo de material con posibles tratamientos t\u00e9rmicos o superficiales. Di\u00e1metros externos desde 2mm hasta un m\u00e1ximo de 50mm. Posibilidad de realizar hasta 3 dientes sincronizados en una \u00fanica pieza incluso con diferentes m\u00f3dulos, dientes convexos o con perfiles especiales. Posibilidad de producci\u00f3n en lotes peque\u00f1os, medianos y grandes con cargadores autom\u00e1ticos.<\/p><p><strong>Sinfines<br \/><\/strong>Mecanizado de m\u00f3dulo 0,3 a m\u00f3dulo 1,5 en cualquier tipo de material con posibles tratamientos t\u00e9rmicos o galv\u00e1nicos. Posibilidad de producir hasta un m\u00e1ximo de 6 entradas incluso con el perfil rectificado.<\/p><p><strong>Poleas dentadas<\/strong>En diferentes perfiles y materiales, con posibilidades de hacer tratamientos t\u00e9rmicos o superficiales.<br \/>Suministro completo con montaje de bridas.<\/p><p><strong>Reductores<br \/><\/strong>Reductores planetarios (Serie Azul di\u00e1metro 22, 28, 35 y 42 mm) personalizables y suministrados con motor est\u00e1ndar o seg\u00fan las necesidades del cliente, con pares de 0,5 a 8 Nm.<br \/><strong>Cascada de engranajes<\/strong> (Serie Azul o Roja) disponible con motor CC o CA con pares variables entre 1,5 y 20 Nm.<\/p>\t\t\t\t\t\t\t\t<\/div>\n\t\t\t\t<\/div>\n\t\t\t\t\t<\/div>\n\t\t<\/div>\n\t\t\t\t\t<\/div>\n\t\t<\/section>\n\t\t\t\t<\/div>\n\t\t","protected":false},"excerpt":{"rendered":"<p>Engranajes con dientes rectos o helicoidalesTallado desde m\u00f3dulo 0,15 hasta m\u00f3dulo 1,5 en cualquier tipo de material con posibles tratamientos t\u00e9rmicos o superficiales. Di\u00e1metros externos desde 2mm hasta un m\u00e1ximo de 50mm. Posibilidad de realizar hasta 3 dientes sincronizados en una \u00fanica pieza incluso con diferentes m\u00f3dulos, dientes convexos o con perfiles especiales. Posibilidad de [&hellip;]<\/p>\n","protected":false},"author":1,"featured_media":0,"parent":0,"menu_order":0,"comment_status":"closed","ping_status":"closed","template":"","meta":{"footnotes":""},"class_list":["post-2518","page","type-page","status-publish","hentry"],"yoast_head":"<!-- This site is optimized with the Yoast SEO plugin v27.4 - https:\/\/yoast.com\/product\/yoast-seo-wordpress\/ -->\n<title>Productos - Solzi Ingranaggi<\/title>\n<meta name=\"robots\" content=\"index, follow, max-snippet:-1, max-image-preview:large, max-video-preview:-1\" \/>\n<link rel=\"canonical\" href=\"https:\/\/www.solzingranaggi.it\/es\/productos\/\" \/>\n<meta property=\"og:locale\" content=\"es_ES\" \/>\n<meta property=\"og:type\" content=\"article\" \/>\n<meta property=\"og:title\" content=\"Productos - Solzi Ingranaggi\" \/>\n<meta property=\"og:description\" content=\"Engranajes con dientes rectos o helicoidalesTallado desde m\u00f3dulo 0,15 hasta m\u00f3dulo 1,5 en cualquier tipo de material con posibles tratamientos t\u00e9rmicos o superficiales. Di\u00e1metros externos desde 2mm hasta un m\u00e1ximo de 50mm. Posibilidad de realizar hasta 3 dientes sincronizados en una \u00fanica pieza incluso con diferentes m\u00f3dulos, dientes convexos o con perfiles especiales. Posibilidad de [&hellip;]\" \/>\n<meta property=\"og:url\" content=\"https:\/\/www.solzingranaggi.it\/es\/productos\/\" \/>\n<meta property=\"og:site_name\" content=\"Solzi Ingranaggi\" \/>\n<meta property=\"article:modified_time\" content=\"2023-06-30T14:58:12+00:00\" \/>\n<meta property=\"og:image\" content=\"https:\/\/www.solzingranaggi.it\/wp-content\/uploads\/2022\/02\/prodotti.jpg\" \/>\n<meta name=\"twitter:card\" content=\"summary_large_image\" \/>\n<meta name=\"twitter:label1\" content=\"Tiempo de lectura\" \/>\n\t<meta name=\"twitter:data1\" content=\"2 minutos\" \/>\n<script type=\"application\/ld+json\" class=\"yoast-schema-graph\">{\"@context\":\"https:\\\/\\\/schema.org\",\"@graph\":[{\"@type\":\"WebPage\",\"@id\":\"https:\\\/\\\/www.solzingranaggi.it\\\/es\\\/productos\\\/\",\"url\":\"https:\\\/\\\/www.solzingranaggi.it\\\/es\\\/productos\\\/\",\"name\":\"Productos - Solzi Ingranaggi\",\"isPartOf\":{\"@id\":\"https:\\\/\\\/www.solzingranaggi.it\\\/es\\\/#website\"},\"primaryImageOfPage\":{\"@id\":\"https:\\\/\\\/www.solzingranaggi.it\\\/es\\\/productos\\\/#primaryimage\"},\"image\":{\"@id\":\"https:\\\/\\\/www.solzingranaggi.it\\\/es\\\/productos\\\/#primaryimage\"},\"thumbnailUrl\":\"https:\\\/\\\/www.solzingranaggi.it\\\/wp-content\\\/uploads\\\/2022\\\/02\\\/prodotti.jpg\",\"datePublished\":\"2022-02-15T14:59:47+00:00\",\"dateModified\":\"2023-06-30T14:58:12+00:00\",\"breadcrumb\":{\"@id\":\"https:\\\/\\\/www.solzingranaggi.it\\\/es\\\/productos\\\/#breadcrumb\"},\"inLanguage\":\"es\",\"potentialAction\":[{\"@type\":\"ReadAction\",\"target\":[\"https:\\\/\\\/www.solzingranaggi.it\\\/es\\\/productos\\\/\"]}]},{\"@type\":\"ImageObject\",\"inLanguage\":\"es\",\"@id\":\"https:\\\/\\\/www.solzingranaggi.it\\\/es\\\/productos\\\/#primaryimage\",\"url\":\"https:\\\/\\\/www.solzingranaggi.it\\\/wp-content\\\/uploads\\\/2022\\\/02\\\/prodotti.jpg\",\"contentUrl\":\"https:\\\/\\\/www.solzingranaggi.it\\\/wp-content\\\/uploads\\\/2022\\\/02\\\/prodotti.jpg\"},{\"@type\":\"BreadcrumbList\",\"@id\":\"https:\\\/\\\/www.solzingranaggi.it\\\/es\\\/productos\\\/#breadcrumb\",\"itemListElement\":[{\"@type\":\"ListItem\",\"position\":1,\"name\":\"Home\",\"item\":\"https:\\\/\\\/www.solzingranaggi.it\\\/es\\\/\"},{\"@type\":\"ListItem\",\"position\":2,\"name\":\"Productos\"}]},{\"@type\":\"WebSite\",\"@id\":\"https:\\\/\\\/www.solzingranaggi.it\\\/es\\\/#website\",\"url\":\"https:\\\/\\\/www.solzingranaggi.it\\\/es\\\/\",\"name\":\"Solzi Ingranaggi\",\"description\":\"Progettazione e Produzione di ingranaggi\",\"publisher\":{\"@id\":\"https:\\\/\\\/www.solzingranaggi.it\\\/es\\\/#organization\"},\"potentialAction\":[{\"@type\":\"SearchAction\",\"target\":{\"@type\":\"EntryPoint\",\"urlTemplate\":\"https:\\\/\\\/www.solzingranaggi.it\\\/es\\\/?s={search_term_string}\"},\"query-input\":{\"@type\":\"PropertyValueSpecification\",\"valueRequired\":true,\"valueName\":\"search_term_string\"}}],\"inLanguage\":\"es\"},{\"@type\":\"Organization\",\"@id\":\"https:\\\/\\\/www.solzingranaggi.it\\\/es\\\/#organization\",\"name\":\"Solzi Ingranaggi\",\"url\":\"https:\\\/\\\/www.solzingranaggi.it\\\/es\\\/\",\"logo\":{\"@type\":\"ImageObject\",\"inLanguage\":\"es\",\"@id\":\"https:\\\/\\\/www.solzingranaggi.it\\\/es\\\/#\\\/schema\\\/logo\\\/image\\\/\",\"url\":\"https:\\\/\\\/www.solzingranaggi.it\\\/wp-content\\\/uploads\\\/2022\\\/02\\\/logo.png\",\"contentUrl\":\"https:\\\/\\\/www.solzingranaggi.it\\\/wp-content\\\/uploads\\\/2022\\\/02\\\/logo.png\",\"width\":295,\"height\":112,\"caption\":\"Solzi Ingranaggi\"},\"image\":{\"@id\":\"https:\\\/\\\/www.solzingranaggi.it\\\/es\\\/#\\\/schema\\\/logo\\\/image\\\/\"}}]}<\/script>\n<!-- \/ Yoast SEO plugin. -->","yoast_head_json":{"title":"Productos - Solzi Ingranaggi","robots":{"index":"index","follow":"follow","max-snippet":"max-snippet:-1","max-image-preview":"max-image-preview:large","max-video-preview":"max-video-preview:-1"},"canonical":"https:\/\/www.solzingranaggi.it\/es\/productos\/","og_locale":"es_ES","og_type":"article","og_title":"Productos - Solzi Ingranaggi","og_description":"Engranajes con dientes rectos o helicoidalesTallado desde m\u00f3dulo 0,15 hasta m\u00f3dulo 1,5 en cualquier tipo de material con posibles tratamientos t\u00e9rmicos o superficiales. Di\u00e1metros externos desde 2mm hasta un m\u00e1ximo de 50mm. Posibilidad de realizar hasta 3 dientes sincronizados en una \u00fanica pieza incluso con diferentes m\u00f3dulos, dientes convexos o con perfiles especiales. Posibilidad de [&hellip;]","og_url":"https:\/\/www.solzingranaggi.it\/es\/productos\/","og_site_name":"Solzi Ingranaggi","article_modified_time":"2023-06-30T14:58:12+00:00","og_image":[{"url":"https:\/\/www.solzingranaggi.it\/wp-content\/uploads\/2022\/02\/prodotti.jpg","type":"","width":"","height":""}],"twitter_card":"summary_large_image","twitter_misc":{"Tiempo de lectura":"2 minutos"},"schema":{"@context":"https:\/\/schema.org","@graph":[{"@type":"WebPage","@id":"https:\/\/www.solzingranaggi.it\/es\/productos\/","url":"https:\/\/www.solzingranaggi.it\/es\/productos\/","name":"Productos - Solzi Ingranaggi","isPartOf":{"@id":"https:\/\/www.solzingranaggi.it\/es\/#website"},"primaryImageOfPage":{"@id":"https:\/\/www.solzingranaggi.it\/es\/productos\/#primaryimage"},"image":{"@id":"https:\/\/www.solzingranaggi.it\/es\/productos\/#primaryimage"},"thumbnailUrl":"https:\/\/www.solzingranaggi.it\/wp-content\/uploads\/2022\/02\/prodotti.jpg","datePublished":"2022-02-15T14:59:47+00:00","dateModified":"2023-06-30T14:58:12+00:00","breadcrumb":{"@id":"https:\/\/www.solzingranaggi.it\/es\/productos\/#breadcrumb"},"inLanguage":"es","potentialAction":[{"@type":"ReadAction","target":["https:\/\/www.solzingranaggi.it\/es\/productos\/"]}]},{"@type":"ImageObject","inLanguage":"es","@id":"https:\/\/www.solzingranaggi.it\/es\/productos\/#primaryimage","url":"https:\/\/www.solzingranaggi.it\/wp-content\/uploads\/2022\/02\/prodotti.jpg","contentUrl":"https:\/\/www.solzingranaggi.it\/wp-content\/uploads\/2022\/02\/prodotti.jpg"},{"@type":"BreadcrumbList","@id":"https:\/\/www.solzingranaggi.it\/es\/productos\/#breadcrumb","itemListElement":[{"@type":"ListItem","position":1,"name":"Home","item":"https:\/\/www.solzingranaggi.it\/es\/"},{"@type":"ListItem","position":2,"name":"Productos"}]},{"@type":"WebSite","@id":"https:\/\/www.solzingranaggi.it\/es\/#website","url":"https:\/\/www.solzingranaggi.it\/es\/","name":"Solzi Ingranaggi","description":"Progettazione e Produzione di ingranaggi","publisher":{"@id":"https:\/\/www.solzingranaggi.it\/es\/#organization"},"potentialAction":[{"@type":"SearchAction","target":{"@type":"EntryPoint","urlTemplate":"https:\/\/www.solzingranaggi.it\/es\/?s={search_term_string}"},"query-input":{"@type":"PropertyValueSpecification","valueRequired":true,"valueName":"search_term_string"}}],"inLanguage":"es"},{"@type":"Organization","@id":"https:\/\/www.solzingranaggi.it\/es\/#organization","name":"Solzi Ingranaggi","url":"https:\/\/www.solzingranaggi.it\/es\/","logo":{"@type":"ImageObject","inLanguage":"es","@id":"https:\/\/www.solzingranaggi.it\/es\/#\/schema\/logo\/image\/","url":"https:\/\/www.solzingranaggi.it\/wp-content\/uploads\/2022\/02\/logo.png","contentUrl":"https:\/\/www.solzingranaggi.it\/wp-content\/uploads\/2022\/02\/logo.png","width":295,"height":112,"caption":"Solzi Ingranaggi"},"image":{"@id":"https:\/\/www.solzingranaggi.it\/es\/#\/schema\/logo\/image\/"}}]}},"_links":{"self":[{"href":"https:\/\/www.solzingranaggi.it\/es\/wp-json\/wp\/v2\/pages\/2518","targetHints":{"allow":["GET"]}}],"collection":[{"href":"https:\/\/www.solzingranaggi.it\/es\/wp-json\/wp\/v2\/pages"}],"about":[{"href":"https:\/\/www.solzingranaggi.it\/es\/wp-json\/wp\/v2\/types\/page"}],"author":[{"embeddable":true,"href":"https:\/\/www.solzingranaggi.it\/es\/wp-json\/wp\/v2\/users\/1"}],"replies":[{"embeddable":true,"href":"https:\/\/www.solzingranaggi.it\/es\/wp-json\/wp\/v2\/comments?post=2518"}],"version-history":[{"count":5,"href":"https:\/\/www.solzingranaggi.it\/es\/wp-json\/wp\/v2\/pages\/2518\/revisions"}],"predecessor-version":[{"id":2524,"href":"https:\/\/www.solzingranaggi.it\/es\/wp-json\/wp\/v2\/pages\/2518\/revisions\/2524"}],"wp:attachment":[{"href":"https:\/\/www.solzingranaggi.it\/es\/wp-json\/wp\/v2\/media?parent=2518"}],"curies":[{"name":"wp","href":"https:\/\/api.w.org\/{rel}","templated":true}]}}