{"id":2525,"date":"2022-02-18T09:24:51","date_gmt":"2022-02-18T08:24:51","guid":{"rendered":"https:\/\/www.solzingranaggi.it\/productos\/ingranaggi\/"},"modified":"2023-06-30T17:00:52","modified_gmt":"2023-06-30T15:00:52","slug":"engranajes","status":"publish","type":"page","link":"https:\/\/www.solzingranaggi.it\/es\/productos\/engranajes\/","title":{"rendered":"Engranajes"},"content":{"rendered":"\t\t<div data-elementor-type=\"wp-page\" data-elementor-id=\"2525\" class=\"elementor elementor-2525 elementor-196\" data-elementor-post-type=\"page\">\n\t\t\t\t\t\t<section data-particle_enable=\"false\" data-particle-mobile-disabled=\"false\" class=\"elementor-section elementor-top-section elementor-element elementor-element-3ef324b elementor-section-boxed elementor-section-height-default elementor-section-height-default\" data-id=\"3ef324b\" data-element_type=\"section\" data-e-type=\"section\">\n\t\t\t\t\t\t<div class=\"elementor-container elementor-column-gap-default\">\n\t\t\t\t\t<div class=\"elementor-column elementor-col-33 elementor-top-column elementor-element elementor-element-72eb355\" data-id=\"72eb355\" data-element_type=\"column\" data-e-type=\"column\">\n\t\t\t<div class=\"elementor-widget-wrap elementor-element-populated\">\n\t\t\t\t\t\t<div class=\"elementor-element elementor-element-853e0d7 elementor-widget elementor-widget-sidebar\" data-id=\"853e0d7\" data-element_type=\"widget\" data-e-type=\"widget\" data-widget_type=\"sidebar.default\">\n\t\t\t\t<div class=\"elementor-widget-container\">\n\t\t\t\t\t<li id=\"nav_menu-5\" class=\"widget widget_nav_menu\"><h2 class=\"widgettitle\">Nuestros productos<\/h2>\n<nav class=\"menu-menu-prodotti-new-ita-spagnolo-container\" aria-label=\"Nuestros productos\"><ul id=\"menu-menu-prodotti-new-ita-spagnolo\" class=\"menu\"><li id=\"menu-item-2632\" class=\"menu-item menu-item-type-post_type menu-item-object-page menu-item-has-children menu-item-2632\"><a href=\"https:\/\/www.solzingranaggi.it\/es\/productos\/engranajes\/\">Engranajes<\/a>\n<ul class=\"sub-menu\">\n\t<li id=\"menu-item-2633\" class=\"menu-item menu-item-type-post_type menu-item-object-prodotto menu-item-2633\"><a href=\"https:\/\/www.solzingranaggi.it\/es\/catalogo\/engranajes-rectos-o-helicoidales\/\">Engranajes rectos o helicoidales<\/a><\/li>\n\t<li id=\"menu-item-2634\" class=\"menu-item menu-item-type-post_type menu-item-object-prodotto menu-item-2634\"><a href=\"https:\/\/www.solzingranaggi.it\/es\/catalogo\/sinfines\/\">Sinfines<\/a><\/li>\n\t<li id=\"menu-item-2635\" class=\"menu-item menu-item-type-post_type menu-item-object-prodotto menu-item-2635\"><a href=\"https:\/\/www.solzingranaggi.it\/es\/catalogo\/poleas-de-correa\/\">Poleas de correa<\/a><\/li>\n\t<li id=\"menu-item-2636\" class=\"menu-item menu-item-type-post_type menu-item-object-prodotto menu-item-2636\"><a href=\"https:\/\/www.solzingranaggi.it\/es\/catalogo\/engranajes-especiales\/\">Engranajes especiales<\/a><\/li>\n\t<li id=\"menu-item-2637\" class=\"menu-item menu-item-type-post_type menu-item-object-prodotto menu-item-2637\"><a href=\"https:\/\/www.solzingranaggi.it\/es\/catalogo\/piezas-pequenas-torneadas\/\">Piezas peque\u00f1as torneadas<\/a><\/li>\n<\/ul>\n<\/li>\n<li id=\"menu-item-2638\" class=\"menu-item menu-item-type-post_type menu-item-object-page menu-item-has-children menu-item-2638\"><a href=\"https:\/\/www.solzingranaggi.it\/es\/productos\/motorreductores\/\">Motorreductores<\/a>\n<ul class=\"sub-menu\">\n\t<li id=\"menu-item-2639\" class=\"menu-item menu-item-type-taxonomy menu-item-object-categoria_prodotto menu-item-has-children menu-item-2639\"><a href=\"https:\/\/www.solzingranaggi.it\/es\/categoria-prodotto\/motorreductores\/serie-azul\/\">Serie Azul<\/a>\n\t<ul class=\"sub-menu\">\n\t\t<li id=\"menu-item-2640\" class=\"menu-item menu-item-type-post_type menu-item-object-prodotto menu-item-2640\"><a href=\"https:\/\/www.solzingranaggi.it\/es\/catalogo\/si_rid16\/\">SI_RID16<\/a><\/li>\n\t\t<li id=\"menu-item-2641\" class=\"menu-item menu-item-type-post_type menu-item-object-prodotto menu-item-2641\"><a href=\"https:\/\/www.solzingranaggi.it\/es\/catalogo\/si_rid1\/\">SI_RID1<\/a><\/li>\n\t\t<li id=\"menu-item-2642\" class=\"menu-item menu-item-type-post_type menu-item-object-prodotto menu-item-2642\"><a href=\"https:\/\/www.solzingranaggi.it\/es\/catalogo\/si_rid8\/\">SI_RID8<\/a><\/li>\n\t\t<li id=\"menu-item-2643\" class=\"menu-item menu-item-type-post_type menu-item-object-prodotto menu-item-2643\"><a href=\"https:\/\/www.solzingranaggi.it\/es\/catalogo\/si_rid5\/\">SI_RID5<\/a><\/li>\n\t\t<li id=\"menu-item-2644\" class=\"menu-item menu-item-type-post_type menu-item-object-prodotto menu-item-2644\"><a href=\"https:\/\/www.solzingranaggi.it\/es\/catalogo\/si_rid7\/\">SI_RID7<\/a><\/li>\n\t<\/ul>\n<\/li>\n\t<li id=\"menu-item-2645\" class=\"menu-item menu-item-type-taxonomy menu-item-object-categoria_prodotto menu-item-has-children menu-item-2645\"><a href=\"https:\/\/www.solzingranaggi.it\/es\/categoria-prodotto\/motorreductores\/serie-roja\/\">Serie Roja<\/a>\n\t<ul class=\"sub-menu\">\n\t\t<li id=\"menu-item-2646\" class=\"menu-item menu-item-type-post_type menu-item-object-prodotto menu-item-2646\"><a href=\"https:\/\/www.solzingranaggi.it\/es\/catalogo\/si_rid6\/\">SI_RID6<\/a><\/li>\n\t\t<li id=\"menu-item-2647\" class=\"menu-item menu-item-type-post_type menu-item-object-prodotto menu-item-2647\"><a href=\"https:\/\/www.solzingranaggi.it\/es\/catalogo\/si_rid9\/\">SI_RID9<\/a><\/li>\n\t<\/ul>\n<\/li>\n<\/ul>\n<\/li>\n<\/ul><\/nav><\/li>\n\t\t\t\t<\/div>\n\t\t\t\t<\/div>\n\t\t\t\t\t<\/div>\n\t\t<\/div>\n\t\t\t\t<div class=\"elementor-column elementor-col-66 elementor-top-column elementor-element elementor-element-cb85bce\" data-id=\"cb85bce\" data-element_type=\"column\" data-e-type=\"column\">\n\t\t\t<div class=\"elementor-widget-wrap elementor-element-populated\">\n\t\t\t\t\t\t<div class=\"elementor-element elementor-element-60d6051 elementor-widget elementor-widget-image\" data-id=\"60d6051\" data-element_type=\"widget\" data-e-type=\"widget\" data-widget_type=\"image.default\">\n\t\t\t\t<div class=\"elementor-widget-container\">\n\t\t\t\t\t\t\t\t\t\t\t\t\t\t\t<img fetchpriority=\"high\" decoding=\"async\" width=\"850\" height=\"250\" src=\"https:\/\/www.solzingranaggi.it\/wp-content\/uploads\/2022\/02\/foto-ingranaggi.jpg\" class=\"attachment-full size-full wp-image-2218\" alt=\"\" srcset=\"https:\/\/www.solzingranaggi.it\/wp-content\/uploads\/2022\/02\/foto-ingranaggi.jpg 850w, https:\/\/www.solzingranaggi.it\/wp-content\/uploads\/2022\/02\/foto-ingranaggi-300x88.jpg 300w, https:\/\/www.solzingranaggi.it\/wp-content\/uploads\/2022\/02\/foto-ingranaggi-768x226.jpg 768w\" sizes=\"(max-width: 850px) 100vw, 850px\" \/>\t\t\t\t\t\t\t\t\t\t\t\t\t\t\t<\/div>\n\t\t\t\t<\/div>\n\t\t\t\t<div class=\"elementor-element elementor-element-c5b6311 elementor-widget elementor-widget-text-editor\" data-id=\"c5b6311\" data-element_type=\"widget\" data-e-type=\"widget\" data-widget_type=\"text-editor.default\">\n\t\t\t\t<div class=\"elementor-widget-container\">\n\t\t\t\t\t\t\t\t\t<p><strong>Producci\u00f3n:<\/strong><br \/>Engranajes y micro engranajes de dientes rectos, helicoidales y sinf\u00edn desde m\u00f3dulo 0,15 hasta m\u00f3dulo 1,5 fabricados con m\u00e1quinas talladoras. Poleas dentadas.<\/p><p><strong>Materiales:<\/strong><br \/>Lat\u00f3n &#8211; Aluminio &#8211; Aceros especiales &#8211; Aceros inoxidables y materiales pl\u00e1sticos.<\/p><p><strong>Servicios:<br \/><\/strong>Ensamblaje &#8211; Tratamientos t\u00e9rmicos y superficiales &#8211; Brochado &#8211; Rectificado &#8211; Torneado<\/p><p><strong>Aplicaciones:<br \/><\/strong>Motorreductores &#8211; Automatizaci\u00f3n en general &#8211; Ejes de motores &#8211; Peque\u00f1os electrodom\u00e9sticos &#8211; Bombas de engranajes &#8211; etc.<\/p>\t\t\t\t\t\t\t\t<\/div>\n\t\t\t\t<\/div>\n\t\t\t\t\t<\/div>\n\t\t<\/div>\n\t\t\t\t\t<\/div>\n\t\t<\/section>\n\t\t\t\t<\/div>\n\t\t","protected":false},"excerpt":{"rendered":"<p>Producci\u00f3n:Engranajes y micro engranajes de dientes rectos, helicoidales y sinf\u00edn desde m\u00f3dulo 0,15 hasta m\u00f3dulo 1,5 fabricados con m\u00e1quinas talladoras. Poleas dentadas. Materiales:Lat\u00f3n &#8211; Aluminio &#8211; Aceros especiales &#8211; Aceros inoxidables y materiales pl\u00e1sticos. Servicios:Ensamblaje &#8211; Tratamientos t\u00e9rmicos y superficiales &#8211; Brochado &#8211; Rectificado &#8211; Torneado Aplicaciones:Motorreductores &#8211; Automatizaci\u00f3n en general &#8211; Ejes de motores [&hellip;]<\/p>\n","protected":false},"author":1,"featured_media":0,"parent":2518,"menu_order":0,"comment_status":"closed","ping_status":"closed","template":"","meta":{"footnotes":""},"class_list":["post-2525","page","type-page","status-publish","hentry"],"yoast_head":"<!-- This site is optimized with the Yoast SEO plugin v27.4 - https:\/\/yoast.com\/product\/yoast-seo-wordpress\/ -->\n<title>Engranajes - Solzi Ingranaggi<\/title>\n<meta name=\"robots\" content=\"index, follow, max-snippet:-1, max-image-preview:large, max-video-preview:-1\" \/>\n<link rel=\"canonical\" href=\"https:\/\/www.solzingranaggi.it\/es\/productos\/engranajes\/\" \/>\n<meta property=\"og:locale\" content=\"es_ES\" \/>\n<meta property=\"og:type\" content=\"article\" \/>\n<meta property=\"og:title\" content=\"Engranajes - Solzi Ingranaggi\" \/>\n<meta property=\"og:description\" content=\"Producci\u00f3n:Engranajes y micro engranajes de dientes rectos, helicoidales y sinf\u00edn desde m\u00f3dulo 0,15 hasta m\u00f3dulo 1,5 fabricados con m\u00e1quinas talladoras. Poleas dentadas. Materiales:Lat\u00f3n &#8211; Aluminio &#8211; Aceros especiales &#8211; Aceros inoxidables y materiales pl\u00e1sticos. Servicios:Ensamblaje &#8211; Tratamientos t\u00e9rmicos y superficiales &#8211; Brochado &#8211; Rectificado &#8211; Torneado Aplicaciones:Motorreductores &#8211; Automatizaci\u00f3n en general &#8211; Ejes de motores [&hellip;]\" \/>\n<meta property=\"og:url\" content=\"https:\/\/www.solzingranaggi.it\/es\/productos\/engranajes\/\" \/>\n<meta property=\"og:site_name\" content=\"Solzi Ingranaggi\" \/>\n<meta property=\"article:modified_time\" content=\"2023-06-30T15:00:52+00:00\" \/>\n<meta property=\"og:image\" content=\"https:\/\/www.solzingranaggi.it\/wp-content\/uploads\/2022\/02\/foto-ingranaggi.jpg\" \/>\n<meta name=\"twitter:card\" content=\"summary_large_image\" \/>\n<meta name=\"twitter:label1\" content=\"Tiempo de lectura\" \/>\n\t<meta name=\"twitter:data1\" content=\"1 minuto\" \/>\n<script type=\"application\/ld+json\" class=\"yoast-schema-graph\">{\"@context\":\"https:\\\/\\\/schema.org\",\"@graph\":[{\"@type\":\"WebPage\",\"@id\":\"https:\\\/\\\/www.solzingranaggi.it\\\/es\\\/productos\\\/engranajes\\\/\",\"url\":\"https:\\\/\\\/www.solzingranaggi.it\\\/es\\\/productos\\\/engranajes\\\/\",\"name\":\"Engranajes - Solzi Ingranaggi\",\"isPartOf\":{\"@id\":\"https:\\\/\\\/www.solzingranaggi.it\\\/es\\\/#website\"},\"primaryImageOfPage\":{\"@id\":\"https:\\\/\\\/www.solzingranaggi.it\\\/es\\\/productos\\\/engranajes\\\/#primaryimage\"},\"image\":{\"@id\":\"https:\\\/\\\/www.solzingranaggi.it\\\/es\\\/productos\\\/engranajes\\\/#primaryimage\"},\"thumbnailUrl\":\"https:\\\/\\\/www.solzingranaggi.it\\\/wp-content\\\/uploads\\\/2022\\\/02\\\/foto-ingranaggi.jpg\",\"datePublished\":\"2022-02-18T08:24:51+00:00\",\"dateModified\":\"2023-06-30T15:00:52+00:00\",\"breadcrumb\":{\"@id\":\"https:\\\/\\\/www.solzingranaggi.it\\\/es\\\/productos\\\/engranajes\\\/#breadcrumb\"},\"inLanguage\":\"es\",\"potentialAction\":[{\"@type\":\"ReadAction\",\"target\":[\"https:\\\/\\\/www.solzingranaggi.it\\\/es\\\/productos\\\/engranajes\\\/\"]}]},{\"@type\":\"ImageObject\",\"inLanguage\":\"es\",\"@id\":\"https:\\\/\\\/www.solzingranaggi.it\\\/es\\\/productos\\\/engranajes\\\/#primaryimage\",\"url\":\"https:\\\/\\\/www.solzingranaggi.it\\\/wp-content\\\/uploads\\\/2022\\\/02\\\/foto-ingranaggi.jpg\",\"contentUrl\":\"https:\\\/\\\/www.solzingranaggi.it\\\/wp-content\\\/uploads\\\/2022\\\/02\\\/foto-ingranaggi.jpg\"},{\"@type\":\"BreadcrumbList\",\"@id\":\"https:\\\/\\\/www.solzingranaggi.it\\\/es\\\/productos\\\/engranajes\\\/#breadcrumb\",\"itemListElement\":[{\"@type\":\"ListItem\",\"position\":1,\"name\":\"Home\",\"item\":\"https:\\\/\\\/www.solzingranaggi.it\\\/es\\\/\"},{\"@type\":\"ListItem\",\"position\":2,\"name\":\"Productos\",\"item\":\"https:\\\/\\\/www.solzingranaggi.it\\\/es\\\/productos\\\/\"},{\"@type\":\"ListItem\",\"position\":3,\"name\":\"Engranajes\"}]},{\"@type\":\"WebSite\",\"@id\":\"https:\\\/\\\/www.solzingranaggi.it\\\/es\\\/#website\",\"url\":\"https:\\\/\\\/www.solzingranaggi.it\\\/es\\\/\",\"name\":\"Solzi Ingranaggi\",\"description\":\"Progettazione e Produzione di ingranaggi\",\"publisher\":{\"@id\":\"https:\\\/\\\/www.solzingranaggi.it\\\/es\\\/#organization\"},\"potentialAction\":[{\"@type\":\"SearchAction\",\"target\":{\"@type\":\"EntryPoint\",\"urlTemplate\":\"https:\\\/\\\/www.solzingranaggi.it\\\/es\\\/?s={search_term_string}\"},\"query-input\":{\"@type\":\"PropertyValueSpecification\",\"valueRequired\":true,\"valueName\":\"search_term_string\"}}],\"inLanguage\":\"es\"},{\"@type\":\"Organization\",\"@id\":\"https:\\\/\\\/www.solzingranaggi.it\\\/es\\\/#organization\",\"name\":\"Solzi Ingranaggi\",\"url\":\"https:\\\/\\\/www.solzingranaggi.it\\\/es\\\/\",\"logo\":{\"@type\":\"ImageObject\",\"inLanguage\":\"es\",\"@id\":\"https:\\\/\\\/www.solzingranaggi.it\\\/es\\\/#\\\/schema\\\/logo\\\/image\\\/\",\"url\":\"https:\\\/\\\/www.solzingranaggi.it\\\/wp-content\\\/uploads\\\/2022\\\/02\\\/logo.png\",\"contentUrl\":\"https:\\\/\\\/www.solzingranaggi.it\\\/wp-content\\\/uploads\\\/2022\\\/02\\\/logo.png\",\"width\":295,\"height\":112,\"caption\":\"Solzi Ingranaggi\"},\"image\":{\"@id\":\"https:\\\/\\\/www.solzingranaggi.it\\\/es\\\/#\\\/schema\\\/logo\\\/image\\\/\"}}]}<\/script>\n<!-- \/ Yoast SEO plugin. -->","yoast_head_json":{"title":"Engranajes - Solzi Ingranaggi","robots":{"index":"index","follow":"follow","max-snippet":"max-snippet:-1","max-image-preview":"max-image-preview:large","max-video-preview":"max-video-preview:-1"},"canonical":"https:\/\/www.solzingranaggi.it\/es\/productos\/engranajes\/","og_locale":"es_ES","og_type":"article","og_title":"Engranajes - Solzi Ingranaggi","og_description":"Producci\u00f3n:Engranajes y micro engranajes de dientes rectos, helicoidales y sinf\u00edn desde m\u00f3dulo 0,15 hasta m\u00f3dulo 1,5 fabricados con m\u00e1quinas talladoras. Poleas dentadas. Materiales:Lat\u00f3n &#8211; Aluminio &#8211; Aceros especiales &#8211; Aceros inoxidables y materiales pl\u00e1sticos. Servicios:Ensamblaje &#8211; Tratamientos t\u00e9rmicos y superficiales &#8211; Brochado &#8211; Rectificado &#8211; Torneado Aplicaciones:Motorreductores &#8211; Automatizaci\u00f3n en general &#8211; Ejes de motores [&hellip;]","og_url":"https:\/\/www.solzingranaggi.it\/es\/productos\/engranajes\/","og_site_name":"Solzi Ingranaggi","article_modified_time":"2023-06-30T15:00:52+00:00","og_image":[{"url":"https:\/\/www.solzingranaggi.it\/wp-content\/uploads\/2022\/02\/foto-ingranaggi.jpg","type":"","width":"","height":""}],"twitter_card":"summary_large_image","twitter_misc":{"Tiempo de lectura":"1 minuto"},"schema":{"@context":"https:\/\/schema.org","@graph":[{"@type":"WebPage","@id":"https:\/\/www.solzingranaggi.it\/es\/productos\/engranajes\/","url":"https:\/\/www.solzingranaggi.it\/es\/productos\/engranajes\/","name":"Engranajes - Solzi Ingranaggi","isPartOf":{"@id":"https:\/\/www.solzingranaggi.it\/es\/#website"},"primaryImageOfPage":{"@id":"https:\/\/www.solzingranaggi.it\/es\/productos\/engranajes\/#primaryimage"},"image":{"@id":"https:\/\/www.solzingranaggi.it\/es\/productos\/engranajes\/#primaryimage"},"thumbnailUrl":"https:\/\/www.solzingranaggi.it\/wp-content\/uploads\/2022\/02\/foto-ingranaggi.jpg","datePublished":"2022-02-18T08:24:51+00:00","dateModified":"2023-06-30T15:00:52+00:00","breadcrumb":{"@id":"https:\/\/www.solzingranaggi.it\/es\/productos\/engranajes\/#breadcrumb"},"inLanguage":"es","potentialAction":[{"@type":"ReadAction","target":["https:\/\/www.solzingranaggi.it\/es\/productos\/engranajes\/"]}]},{"@type":"ImageObject","inLanguage":"es","@id":"https:\/\/www.solzingranaggi.it\/es\/productos\/engranajes\/#primaryimage","url":"https:\/\/www.solzingranaggi.it\/wp-content\/uploads\/2022\/02\/foto-ingranaggi.jpg","contentUrl":"https:\/\/www.solzingranaggi.it\/wp-content\/uploads\/2022\/02\/foto-ingranaggi.jpg"},{"@type":"BreadcrumbList","@id":"https:\/\/www.solzingranaggi.it\/es\/productos\/engranajes\/#breadcrumb","itemListElement":[{"@type":"ListItem","position":1,"name":"Home","item":"https:\/\/www.solzingranaggi.it\/es\/"},{"@type":"ListItem","position":2,"name":"Productos","item":"https:\/\/www.solzingranaggi.it\/es\/productos\/"},{"@type":"ListItem","position":3,"name":"Engranajes"}]},{"@type":"WebSite","@id":"https:\/\/www.solzingranaggi.it\/es\/#website","url":"https:\/\/www.solzingranaggi.it\/es\/","name":"Solzi Ingranaggi","description":"Progettazione e Produzione di ingranaggi","publisher":{"@id":"https:\/\/www.solzingranaggi.it\/es\/#organization"},"potentialAction":[{"@type":"SearchAction","target":{"@type":"EntryPoint","urlTemplate":"https:\/\/www.solzingranaggi.it\/es\/?s={search_term_string}"},"query-input":{"@type":"PropertyValueSpecification","valueRequired":true,"valueName":"search_term_string"}}],"inLanguage":"es"},{"@type":"Organization","@id":"https:\/\/www.solzingranaggi.it\/es\/#organization","name":"Solzi Ingranaggi","url":"https:\/\/www.solzingranaggi.it\/es\/","logo":{"@type":"ImageObject","inLanguage":"es","@id":"https:\/\/www.solzingranaggi.it\/es\/#\/schema\/logo\/image\/","url":"https:\/\/www.solzingranaggi.it\/wp-content\/uploads\/2022\/02\/logo.png","contentUrl":"https:\/\/www.solzingranaggi.it\/wp-content\/uploads\/2022\/02\/logo.png","width":295,"height":112,"caption":"Solzi Ingranaggi"},"image":{"@id":"https:\/\/www.solzingranaggi.it\/es\/#\/schema\/logo\/image\/"}}]}},"_links":{"self":[{"href":"https:\/\/www.solzingranaggi.it\/es\/wp-json\/wp\/v2\/pages\/2525","targetHints":{"allow":["GET"]}}],"collection":[{"href":"https:\/\/www.solzingranaggi.it\/es\/wp-json\/wp\/v2\/pages"}],"about":[{"href":"https:\/\/www.solzingranaggi.it\/es\/wp-json\/wp\/v2\/types\/page"}],"author":[{"embeddable":true,"href":"https:\/\/www.solzingranaggi.it\/es\/wp-json\/wp\/v2\/users\/1"}],"replies":[{"embeddable":true,"href":"https:\/\/www.solzingranaggi.it\/es\/wp-json\/wp\/v2\/comments?post=2525"}],"version-history":[{"count":5,"href":"https:\/\/www.solzingranaggi.it\/es\/wp-json\/wp\/v2\/pages\/2525\/revisions"}],"predecessor-version":[{"id":2550,"href":"https:\/\/www.solzingranaggi.it\/es\/wp-json\/wp\/v2\/pages\/2525\/revisions\/2550"}],"up":[{"embeddable":true,"href":"https:\/\/www.solzingranaggi.it\/es\/wp-json\/wp\/v2\/pages\/2518"}],"wp:attachment":[{"href":"https:\/\/www.solzingranaggi.it\/es\/wp-json\/wp\/v2\/media?parent=2525"}],"curies":[{"name":"wp","href":"https:\/\/api.w.org\/{rel}","templated":true}]}}